{"id":9535,"date":"2023-09-12T16:07:19","date_gmt":"2023-09-12T08:07:19","guid":{"rendered":"https:\/\/simulatechnology.com\/taa_compliance_statement_of_usb4_cable\/"},"modified":"2024-12-30T10:54:18","modified_gmt":"2024-12-30T02:54:18","slug":"taa_compliance_statement_of_usb4_cable","status":"publish","type":"page","link":"https:\/\/simulatechnology.com\/sv\/taa_compliance_statement_of_usb4_cable\/","title":{"rendered":"TAA-kompatibilitetsf\u00f6rklaring f\u00f6r USB4-kabel"},"content":{"rendered":"\t\t<div data-elementor-type=\"wp-page\" data-elementor-id=\"9535\" class=\"elementor elementor-9535 elementor-6800\" data-elementor-post-type=\"page\">\n\t\t\t\t<div class=\"elementor-element elementor-element-3cb1b2d e-flex e-con-boxed e-con e-parent\" data-id=\"3cb1b2d\" data-element_type=\"container\">\n\t\t\t\t\t<div class=\"e-con-inner\">\n\t\t\t\t<div class=\"elementor-element elementor-element-0af82ac elementor-widget elementor-widget-heading\" data-id=\"0af82ac\" data-element_type=\"widget\" data-widget_type=\"heading.default\">\n\t\t\t\t<div class=\"elementor-widget-container\">\n\t\t\t\t\t<h2 class=\"elementor-heading-title elementor-size-default\">TAA-kompatibel<\/h2>\t\t\t\t<\/div>\n\t\t\t\t<\/div>\n\t\t\t\t\t<\/div>\n\t\t\t\t<\/div>\n\t\t<div class=\"elementor-element elementor-element-099ef39 e-flex e-con-boxed e-con e-parent\" data-id=\"099ef39\" data-element_type=\"container\">\n\t\t\t\t\t<div class=\"e-con-inner\">\n\t\t\t\t<div class=\"elementor-element elementor-element-eb7c469 elementor-widget elementor-widget-image\" data-id=\"eb7c469\" data-element_type=\"widget\" data-widget_type=\"image.default\">\n\t\t\t\t<div class=\"elementor-widget-container\">\n\t\t\t\t\t\t\t\t\t\t\t\t\t\t\t<img fetchpriority=\"high\" decoding=\"async\" width=\"1855\" height=\"567\" src=\"https:\/\/simulatechnology.com\/wp-content\/uploads\/simula-usb4-TAA-.png\" class=\"attachment-large size-large wp-image-11461\" alt=\"\" \/>\t\t\t\t\t\t\t\t\t\t\t\t\t\t\t<\/div>\n\t\t\t\t<\/div>\n\t\t\t\t\t<\/div>\n\t\t\t\t<\/div>\n\t\t<div class=\"elementor-element elementor-element-aab2e6a e-flex e-con-boxed e-con e-parent\" data-id=\"aab2e6a\" data-element_type=\"container\">\n\t\t\t\t\t<div class=\"e-con-inner\">\n\t\t\t\t<div class=\"elementor-element elementor-element-be76443 elementor-widget elementor-widget-heading\" data-id=\"be76443\" data-element_type=\"widget\" data-widget_type=\"heading.default\">\n\t\t\t\t<div class=\"elementor-widget-container\">\n\t\t\t\t\t<h2 class=\"elementor-heading-title elementor-size-default\">Vad \u00e4r TAA?<\/h2>\t\t\t\t<\/div>\n\t\t\t\t<\/div>\n\t\t\t\t\t<\/div>\n\t\t\t\t<\/div>\n\t\t<div class=\"elementor-element elementor-element-cf38ccb e-flex e-con-boxed e-con e-parent\" data-id=\"cf38ccb\" data-element_type=\"container\">\n\t\t\t\t\t<div class=\"e-con-inner\">\n\t\t\t\t<div class=\"elementor-element elementor-element-b1b0f1c elementor-widget elementor-widget-text-editor\" data-id=\"b1b0f1c\" data-element_type=\"widget\" data-widget_type=\"text-editor.default\">\n\t\t\t\t<div class=\"elementor-widget-container\">\n\t\t\t\t\t\t\t\t\t<p>TAA h\u00e4nvisar till Trade Agreement Act (Handelsavtalslagen, 19 U.S.C. \u00a7\u00a72501-2581), som syftar till att fr\u00e4mja r\u00e4ttvis och \u00f6ppen internationell handel. Den kr\u00e4ver att den amerikanska regeringen k\u00f6per produkter fr\u00e5n l\u00e4nder som st\u00f6djer r\u00e4ttvis och \u00f6ppen handel. Entrepren\u00f6rer m\u00e5ste bevisa att deras slutprodukt uppfyller standardkraven. Produktionsplatsen m\u00e5ste ocks\u00e5 vara i \u00f6verensst\u00e4mmelse med landlistan i TAA-lagen.<\/p>\t\t\t\t\t\t\t\t<\/div>\n\t\t\t\t<\/div>\n\t\t\t\t\t<\/div>\n\t\t\t\t<\/div>\n\t\t<div class=\"elementor-element elementor-element-a6b9528 e-flex e-con-boxed e-con e-parent\" data-id=\"a6b9528\" data-element_type=\"container\">\n\t\t\t\t\t<div class=\"e-con-inner\">\n\t\t\t\t<div class=\"elementor-element elementor-element-17bcb41 elementor-widget elementor-widget-heading\" data-id=\"17bcb41\" data-element_type=\"widget\" data-widget_type=\"heading.default\">\n\t\t\t\t<div class=\"elementor-widget-container\">\n\t\t\t\t\t<h2 class=\"elementor-heading-title elementor-size-default\">TAA-\u00f6verensst\u00e4mmelsef\u00f6rklaring f\u00f6r USB4-kabel<\/h2>\t\t\t\t<\/div>\n\t\t\t\t<\/div>\n\t\t\t\t\t<\/div>\n\t\t\t\t<\/div>\n\t\t<div class=\"elementor-element elementor-element-adba988 e-flex e-con-boxed e-con e-parent\" data-id=\"adba988\" data-element_type=\"container\">\n\t\t\t\t\t<div class=\"e-con-inner\">\n\t\t\t\t<div class=\"elementor-element elementor-element-5819d71 elementor-widget elementor-widget-image\" data-id=\"5819d71\" data-element_type=\"widget\" data-widget_type=\"image.default\">\n\t\t\t\t<div class=\"elementor-widget-container\">\n\t\t\t\t\t\t\t\t\t\t\t\t\t\t\t<img decoding=\"async\" width=\"1834\" height=\"502\" src=\"https:\/\/simulatechnology.com\/wp-content\/uploads\/\u87a2\u5e55\u64f7\u53d6\u756b\u9762-2023-09-14-100638-1.png\" class=\"attachment-large size-large wp-image-11460\" alt=\"\" \/>\t\t\t\t\t\t\t\t\t\t\t\t\t\t\t<\/div>\n\t\t\t\t<\/div>\n\t\t\t\t\t<\/div>\n\t\t\t\t<\/div>\n\t\t\t\t<\/div>\n\t\t","protected":false},"excerpt":{"rendered":"<p>TAA-kompatibel Vad \u00e4r TAA? TAA h\u00e4nvisar till Trade Agreement Act (Handelsavtalslagen, 19 U.S.C. \u00a7\u00a72501-2581), som syftar till att fr\u00e4mja r\u00e4ttvis och \u00f6ppen internationell handel. Den kr\u00e4ver att den amerikanska regeringen k\u00f6per produkter fr\u00e5n l\u00e4nder som st\u00f6djer r\u00e4ttvis och \u00f6ppen handel. Entrepren\u00f6rer m\u00e5ste bevisa att deras slutprodukt uppfyller standardkraven. Produktionsplatsen m\u00e5ste ocks\u00e5 vara i \u00f6verensst\u00e4mmelse med [&hellip;]<\/p>\n","protected":false},"author":17,"featured_media":0,"parent":0,"menu_order":0,"comment_status":"closed","ping_status":"closed","template":"","meta":{"_acf_changed":false,"inline_featured_image":false,"site-sidebar-layout":"no-sidebar","site-content-layout":"page-builder","ast-site-content-layout":"full-width-container","site-content-style":"unboxed","site-sidebar-style":"unboxed","ast-global-header-display":"","ast-banner-title-visibility":"","ast-main-header-display":"","ast-hfb-above-header-display":"","ast-hfb-below-header-display":"","ast-hfb-mobile-header-display":"","site-post-title":"disabled","ast-breadcrumbs-content":"","ast-featured-img":"disabled","footer-sml-layout":"","ast-disable-related-posts":"","theme-transparent-header-meta":"default","adv-header-id-meta":"","stick-header-meta":"default","header-above-stick-meta":"","header-main-stick-meta":"","header-below-stick-meta":"","astra-migrate-meta-layouts":"set","ast-page-background-enabled":"default","ast-page-background-meta":{"desktop":{"background-color":"","background-image":"","background-repeat":"repeat","background-position":"center center","background-size":"auto","background-attachment":"scroll","background-type":"","background-media":"","overlay-type":"","overlay-color":"","overlay-opacity":"","overlay-gradient":""},"tablet":{"background-color":"","background-image":"","background-repeat":"repeat","background-position":"center center","background-size":"auto","background-attachment":"scroll","background-type":"","background-media":"","overlay-type":"","overlay-color":"","overlay-opacity":"","overlay-gradient":""},"mobile":{"background-color":"","background-image":"","background-repeat":"repeat","background-position":"center center","background-size":"auto","background-attachment":"scroll","background-type":"","background-media":"","overlay-type":"","overlay-color":"","overlay-opacity":"","overlay-gradient":""}},"ast-content-background-meta":{"desktop":{"background-color":"var(--ast-global-color-5)","background-image":"","background-repeat":"repeat","background-position":"center center","background-size":"auto","background-attachment":"scroll","background-type":"","background-media":"","overlay-type":"","overlay-color":"","overlay-opacity":"","overlay-gradient":""},"tablet":{"background-color":"var(--ast-global-color-5)","background-image":"","background-repeat":"repeat","background-position":"center center","background-size":"auto","background-attachment":"scroll","background-type":"","background-media":"","overlay-type":"","overlay-color":"","overlay-opacity":"","overlay-gradient":""},"mobile":{"background-color":"var(--ast-global-color-5)","background-image":"","background-repeat":"repeat","background-position":"center center","background-size":"auto","background-attachment":"scroll","background-type":"","background-media":"","overlay-type":"","overlay-color":"","overlay-opacity":"","overlay-gradient":""}},"footnotes":""},"class_list":["post-9535","page","type-page","status-publish","hentry"],"acf":[],"yoast_head":"<!-- This site is optimized with the Yoast SEO plugin v26.8 - https:\/\/yoast.com\/product\/yoast-seo-wordpress\/ -->\n<title>TAA-kompatibilitetsf\u00f6rklaring f\u00f6r USB4-kabel - Simula Technology Inc.<\/title>\n<meta name=\"description\" content=\"TAA (Trade Agreements Act) Compliance Statement of USB4 Cable. https:\/\/simulatechnology.com\/taa_compliance_statement_of_usb4_cable\/\" \/>\n<meta name=\"robots\" content=\"index, follow, max-snippet:-1, max-image-preview:large, max-video-preview:-1\" \/>\n<link rel=\"canonical\" href=\"https:\/\/simulatechnology.com\/sv\/taa_compliance_statement_of_usb4_cable\/\" \/>\n<meta property=\"og:locale\" content=\"sv_SE\" \/>\n<meta property=\"og:type\" content=\"article\" \/>\n<meta property=\"og:title\" content=\"TAA-kompatibilitetsf\u00f6rklaring f\u00f6r USB4-kabel - Simula Technology Inc.\" \/>\n<meta property=\"og:description\" content=\"TAA (Trade Agreements Act) Compliance Statement of USB4 Cable. https:\/\/simulatechnology.com\/taa_compliance_statement_of_usb4_cable\/\" \/>\n<meta property=\"og:url\" content=\"https:\/\/simulatechnology.com\/sv\/taa_compliance_statement_of_usb4_cable\/\" \/>\n<meta property=\"og:site_name\" content=\"Simula Technology Inc.\" \/>\n<meta property=\"article:modified_time\" content=\"2024-12-30T02:54:18+00:00\" \/>\n<meta property=\"og:image\" content=\"https:\/\/simulatechnology.com\/wp-content\/uploads\/simula-usb4-TAA-.png\" \/>\n\t<meta property=\"og:image:width\" content=\"1855\" \/>\n\t<meta property=\"og:image:height\" content=\"567\" \/>\n\t<meta property=\"og:image:type\" content=\"image\/png\" \/>\n<meta name=\"twitter:card\" content=\"summary_large_image\" \/>\n<meta name=\"twitter:label1\" content=\"Est. reading time\" \/>\n\t<meta name=\"twitter:data1\" content=\"1 minute\" \/>\n<script type=\"application\/ld+json\" class=\"yoast-schema-graph\">{\"@context\":\"https:\/\/schema.org\",\"@graph\":[{\"@type\":\"ScholarlyArticle\",\"@id\":\"https:\/\/simulatechnology.com\/sv\/taa_compliance_statement_of_usb4_cable\/#article\",\"isPartOf\":{\"@id\":\"https:\/\/simulatechnology.com\/sv\/taa_compliance_statement_of_usb4_cable\/\"},\"author\":{\"name\":\"stephanielu\",\"@id\":\"https:\/\/simulatechnology.com\/sv\/#\/schema\/person\/1ad169edc6e61d11d58e55ab6ddb70bf\"},\"headline\":\"TAA-kompatibilitetsf\u00f6rklaring f\u00f6r USB4-kabel\",\"datePublished\":\"2023-09-12T08:07:19+00:00\",\"dateModified\":\"2024-12-30T02:54:18+00:00\",\"mainEntityOfPage\":{\"@id\":\"https:\/\/simulatechnology.com\/sv\/taa_compliance_statement_of_usb4_cable\/\"},\"wordCount\":86,\"publisher\":{\"@id\":\"https:\/\/simulatechnology.com\/sv\/#organization\"},\"image\":{\"@id\":\"https:\/\/simulatechnology.com\/sv\/taa_compliance_statement_of_usb4_cable\/#primaryimage\"},\"thumbnailUrl\":\"https:\/\/simulatechnology.com\/wp-content\/uploads\/simula-usb4-TAA-.png\",\"inLanguage\":\"sv-SE\"},{\"@type\":[\"WebPage\",\"AboutPage\"],\"@id\":\"https:\/\/simulatechnology.com\/sv\/taa_compliance_statement_of_usb4_cable\/\",\"url\":\"https:\/\/simulatechnology.com\/sv\/taa_compliance_statement_of_usb4_cable\/\",\"name\":\"TAA-kompatibilitetsf\u00f6rklaring f\u00f6r USB4-kabel - Simula Technology Inc.\",\"isPartOf\":{\"@id\":\"https:\/\/simulatechnology.com\/sv\/#website\"},\"primaryImageOfPage\":{\"@id\":\"https:\/\/simulatechnology.com\/sv\/taa_compliance_statement_of_usb4_cable\/#primaryimage\"},\"image\":{\"@id\":\"https:\/\/simulatechnology.com\/sv\/taa_compliance_statement_of_usb4_cable\/#primaryimage\"},\"thumbnailUrl\":\"https:\/\/simulatechnology.com\/wp-content\/uploads\/simula-usb4-TAA-.png\",\"datePublished\":\"2023-09-12T08:07:19+00:00\",\"dateModified\":\"2024-12-30T02:54:18+00:00\",\"description\":\"TAA (Trade Agreements Act) Compliance Statement of USB4 Cable. https:\/\/simulatechnology.com\/taa_compliance_statement_of_usb4_cable\/\",\"breadcrumb\":{\"@id\":\"https:\/\/simulatechnology.com\/sv\/taa_compliance_statement_of_usb4_cable\/#breadcrumb\"},\"inLanguage\":\"sv-SE\",\"potentialAction\":[{\"@type\":\"ReadAction\",\"target\":[\"https:\/\/simulatechnology.com\/sv\/taa_compliance_statement_of_usb4_cable\/\"]}]},{\"@type\":\"ImageObject\",\"inLanguage\":\"sv-SE\",\"@id\":\"https:\/\/simulatechnology.com\/sv\/taa_compliance_statement_of_usb4_cable\/#primaryimage\",\"url\":\"https:\/\/simulatechnology.com\/wp-content\/uploads\/simula-usb4-TAA-.png\",\"contentUrl\":\"https:\/\/simulatechnology.com\/wp-content\/uploads\/simula-usb4-TAA-.png\"},{\"@type\":\"BreadcrumbList\",\"@id\":\"https:\/\/simulatechnology.com\/sv\/taa_compliance_statement_of_usb4_cable\/#breadcrumb\",\"itemListElement\":[{\"@type\":\"ListItem\",\"position\":1,\"name\":\"Home\",\"item\":\"https:\/\/simulatechnology.com\/sv\/\"},{\"@type\":\"ListItem\",\"position\":2,\"name\":\"TAA-kompatibilitetsf\u00f6rklaring f\u00f6r USB4-kabel\"}]},{\"@type\":\"WebSite\",\"@id\":\"https:\/\/simulatechnology.com\/sv\/#website\",\"url\":\"https:\/\/simulatechnology.com\/sv\/\",\"name\":\"Simula Technology Inc.\",\"description\":\"\",\"publisher\":{\"@id\":\"https:\/\/simulatechnology.com\/sv\/#organization\"},\"potentialAction\":[{\"@type\":\"SearchAction\",\"target\":{\"@type\":\"EntryPoint\",\"urlTemplate\":\"https:\/\/simulatechnology.com\/sv\/?s={search_term_string}\"},\"query-input\":{\"@type\":\"PropertyValueSpecification\",\"valueRequired\":true,\"valueName\":\"search_term_string\"}}],\"inLanguage\":\"sv-SE\"},{\"@type\":\"Organization\",\"@id\":\"https:\/\/simulatechnology.com\/sv\/#organization\",\"name\":\"Simula Technology Inc.\",\"url\":\"https:\/\/simulatechnology.com\/sv\/\",\"logo\":{\"@type\":\"ImageObject\",\"inLanguage\":\"sv-SE\",\"@id\":\"https:\/\/simulatechnology.com\/sv\/#\/schema\/logo\/image\/\",\"url\":\"https:\/\/simulatechnology.com\/wp-content\/uploads\/600.png\",\"contentUrl\":\"https:\/\/simulatechnology.com\/wp-content\/uploads\/600.png\",\"width\":\"583\",\"height\":\"162\",\"caption\":\"Simula Technology Inc.\"},\"image\":{\"@id\":\"https:\/\/simulatechnology.com\/sv\/#\/schema\/logo\/image\/\"}},{\"@type\":\"Person\",\"@id\":\"https:\/\/simulatechnology.com\/sv\/#\/schema\/person\/1ad169edc6e61d11d58e55ab6ddb70bf\",\"name\":\"stephanielu\",\"image\":{\"@type\":\"ImageObject\",\"inLanguage\":\"sv-SE\",\"@id\":\"https:\/\/simulatechnology.com\/sv\/#\/schema\/person\/image\/\",\"url\":\"https:\/\/secure.gravatar.com\/avatar\/186d44928888e3b1544b794bc95916bdf886ff66c7a1612c2fd0db48a3a26f20?s=96&d=mm&r=g\",\"contentUrl\":\"https:\/\/secure.gravatar.com\/avatar\/186d44928888e3b1544b794bc95916bdf886ff66c7a1612c2fd0db48a3a26f20?s=96&d=mm&r=g\",\"caption\":\"stephanielu\"},\"url\":\"https:\/\/simulatechnology.com\/sv\/author\/stephanielu\/\"}]}<\/script>\n<!-- \/ Yoast SEO plugin. -->","yoast_head_json":{"title":"TAA-kompatibilitetsf\u00f6rklaring f\u00f6r USB4-kabel - Simula Technology Inc.","description":"TAA (Trade Agreements Act) Compliance Statement of USB4 Cable. https:\/\/simulatechnology.com\/taa_compliance_statement_of_usb4_cable\/","robots":{"index":"index","follow":"follow","max-snippet":"max-snippet:-1","max-image-preview":"max-image-preview:large","max-video-preview":"max-video-preview:-1"},"canonical":"https:\/\/simulatechnology.com\/sv\/taa_compliance_statement_of_usb4_cable\/","og_locale":"sv_SE","og_type":"article","og_title":"TAA-kompatibilitetsf\u00f6rklaring f\u00f6r USB4-kabel - Simula Technology Inc.","og_description":"TAA (Trade Agreements Act) Compliance Statement of USB4 Cable. https:\/\/simulatechnology.com\/taa_compliance_statement_of_usb4_cable\/","og_url":"https:\/\/simulatechnology.com\/sv\/taa_compliance_statement_of_usb4_cable\/","og_site_name":"Simula Technology Inc.","article_modified_time":"2024-12-30T02:54:18+00:00","og_image":[{"width":1855,"height":567,"url":"https:\/\/simulatechnology.com\/wp-content\/uploads\/simula-usb4-TAA-.png","type":"image\/png"}],"twitter_card":"summary_large_image","twitter_misc":{"Est. reading time":"1 minute"},"schema":{"@context":"https:\/\/schema.org","@graph":[{"@type":"ScholarlyArticle","@id":"https:\/\/simulatechnology.com\/sv\/taa_compliance_statement_of_usb4_cable\/#article","isPartOf":{"@id":"https:\/\/simulatechnology.com\/sv\/taa_compliance_statement_of_usb4_cable\/"},"author":{"name":"stephanielu","@id":"https:\/\/simulatechnology.com\/sv\/#\/schema\/person\/1ad169edc6e61d11d58e55ab6ddb70bf"},"headline":"TAA-kompatibilitetsf\u00f6rklaring f\u00f6r USB4-kabel","datePublished":"2023-09-12T08:07:19+00:00","dateModified":"2024-12-30T02:54:18+00:00","mainEntityOfPage":{"@id":"https:\/\/simulatechnology.com\/sv\/taa_compliance_statement_of_usb4_cable\/"},"wordCount":86,"publisher":{"@id":"https:\/\/simulatechnology.com\/sv\/#organization"},"image":{"@id":"https:\/\/simulatechnology.com\/sv\/taa_compliance_statement_of_usb4_cable\/#primaryimage"},"thumbnailUrl":"https:\/\/simulatechnology.com\/wp-content\/uploads\/simula-usb4-TAA-.png","inLanguage":"sv-SE"},{"@type":["WebPage","AboutPage"],"@id":"https:\/\/simulatechnology.com\/sv\/taa_compliance_statement_of_usb4_cable\/","url":"https:\/\/simulatechnology.com\/sv\/taa_compliance_statement_of_usb4_cable\/","name":"TAA-kompatibilitetsf\u00f6rklaring f\u00f6r USB4-kabel - Simula Technology Inc.","isPartOf":{"@id":"https:\/\/simulatechnology.com\/sv\/#website"},"primaryImageOfPage":{"@id":"https:\/\/simulatechnology.com\/sv\/taa_compliance_statement_of_usb4_cable\/#primaryimage"},"image":{"@id":"https:\/\/simulatechnology.com\/sv\/taa_compliance_statement_of_usb4_cable\/#primaryimage"},"thumbnailUrl":"https:\/\/simulatechnology.com\/wp-content\/uploads\/simula-usb4-TAA-.png","datePublished":"2023-09-12T08:07:19+00:00","dateModified":"2024-12-30T02:54:18+00:00","description":"TAA (Trade Agreements Act) Compliance Statement of USB4 Cable. https:\/\/simulatechnology.com\/taa_compliance_statement_of_usb4_cable\/","breadcrumb":{"@id":"https:\/\/simulatechnology.com\/sv\/taa_compliance_statement_of_usb4_cable\/#breadcrumb"},"inLanguage":"sv-SE","potentialAction":[{"@type":"ReadAction","target":["https:\/\/simulatechnology.com\/sv\/taa_compliance_statement_of_usb4_cable\/"]}]},{"@type":"ImageObject","inLanguage":"sv-SE","@id":"https:\/\/simulatechnology.com\/sv\/taa_compliance_statement_of_usb4_cable\/#primaryimage","url":"https:\/\/simulatechnology.com\/wp-content\/uploads\/simula-usb4-TAA-.png","contentUrl":"https:\/\/simulatechnology.com\/wp-content\/uploads\/simula-usb4-TAA-.png"},{"@type":"BreadcrumbList","@id":"https:\/\/simulatechnology.com\/sv\/taa_compliance_statement_of_usb4_cable\/#breadcrumb","itemListElement":[{"@type":"ListItem","position":1,"name":"Home","item":"https:\/\/simulatechnology.com\/sv\/"},{"@type":"ListItem","position":2,"name":"TAA-kompatibilitetsf\u00f6rklaring f\u00f6r USB4-kabel"}]},{"@type":"WebSite","@id":"https:\/\/simulatechnology.com\/sv\/#website","url":"https:\/\/simulatechnology.com\/sv\/","name":"Simula Technology Inc.","description":"","publisher":{"@id":"https:\/\/simulatechnology.com\/sv\/#organization"},"potentialAction":[{"@type":"SearchAction","target":{"@type":"EntryPoint","urlTemplate":"https:\/\/simulatechnology.com\/sv\/?s={search_term_string}"},"query-input":{"@type":"PropertyValueSpecification","valueRequired":true,"valueName":"search_term_string"}}],"inLanguage":"sv-SE"},{"@type":"Organization","@id":"https:\/\/simulatechnology.com\/sv\/#organization","name":"Simula Technology Inc.","url":"https:\/\/simulatechnology.com\/sv\/","logo":{"@type":"ImageObject","inLanguage":"sv-SE","@id":"https:\/\/simulatechnology.com\/sv\/#\/schema\/logo\/image\/","url":"https:\/\/simulatechnology.com\/wp-content\/uploads\/600.png","contentUrl":"https:\/\/simulatechnology.com\/wp-content\/uploads\/600.png","width":"583","height":"162","caption":"Simula Technology Inc."},"image":{"@id":"https:\/\/simulatechnology.com\/sv\/#\/schema\/logo\/image\/"}},{"@type":"Person","@id":"https:\/\/simulatechnology.com\/sv\/#\/schema\/person\/1ad169edc6e61d11d58e55ab6ddb70bf","name":"stephanielu","image":{"@type":"ImageObject","inLanguage":"sv-SE","@id":"https:\/\/simulatechnology.com\/sv\/#\/schema\/person\/image\/","url":"https:\/\/secure.gravatar.com\/avatar\/186d44928888e3b1544b794bc95916bdf886ff66c7a1612c2fd0db48a3a26f20?s=96&d=mm&r=g","contentUrl":"https:\/\/secure.gravatar.com\/avatar\/186d44928888e3b1544b794bc95916bdf886ff66c7a1612c2fd0db48a3a26f20?s=96&d=mm&r=g","caption":"stephanielu"},"url":"https:\/\/simulatechnology.com\/sv\/author\/stephanielu\/"}]}},"_links":{"self":[{"href":"https:\/\/simulatechnology.com\/sv\/wp-json\/wp\/v2\/pages\/9535","targetHints":{"allow":["GET"]}}],"collection":[{"href":"https:\/\/simulatechnology.com\/sv\/wp-json\/wp\/v2\/pages"}],"about":[{"href":"https:\/\/simulatechnology.com\/sv\/wp-json\/wp\/v2\/types\/page"}],"author":[{"embeddable":true,"href":"https:\/\/simulatechnology.com\/sv\/wp-json\/wp\/v2\/users\/17"}],"replies":[{"embeddable":true,"href":"https:\/\/simulatechnology.com\/sv\/wp-json\/wp\/v2\/comments?post=9535"}],"version-history":[{"count":7,"href":"https:\/\/simulatechnology.com\/sv\/wp-json\/wp\/v2\/pages\/9535\/revisions"}],"predecessor-version":[{"id":11742,"href":"https:\/\/simulatechnology.com\/sv\/wp-json\/wp\/v2\/pages\/9535\/revisions\/11742"}],"wp:attachment":[{"href":"https:\/\/simulatechnology.com\/sv\/wp-json\/wp\/v2\/media?parent=9535"}],"curies":[{"name":"wp","href":"https:\/\/api.w.org\/{rel}","templated":true}]}}