{"id":11478,"date":"2022-01-25T15:16:19","date_gmt":"2022-01-25T07:16:19","guid":{"rendered":"https:\/\/simulatechnology.com\/privacy-policy\/"},"modified":"2025-01-09T16:02:04","modified_gmt":"2025-01-09T08:02:04","slug":"privacy-policy","status":"publish","type":"page","link":"https:\/\/simulatechnology.com\/sv\/privacy-policy\/","title":{"rendered":"Sekretesspolicy"},"content":{"rendered":"\t\t<div data-elementor-type=\"wp-page\" data-elementor-id=\"11478\" class=\"elementor elementor-11478 elementor-5430\" data-elementor-post-type=\"page\">\n\t\t\t\t\t\t<section class=\"elementor-section elementor-top-section elementor-element elementor-element-e38a11b elementor-section-boxed elementor-section-height-default elementor-section-height-default\" data-id=\"e38a11b\" data-element_type=\"section\" data-settings=\"{&quot;background_background&quot;:&quot;classic&quot;}\">\n\t\t\t\t\t\t<div class=\"elementor-container elementor-column-gap-default\">\n\t\t\t\t\t<div class=\"elementor-column elementor-col-100 elementor-top-column elementor-element elementor-element-84e9c6f\" data-id=\"84e9c6f\" data-element_type=\"column\">\n\t\t\t<div class=\"elementor-widget-wrap elementor-element-populated\">\n\t\t\t\t\t\t<div class=\"elementor-element elementor-element-034a14c elementor-widget elementor-widget-ee-breadcrumbs\" data-id=\"034a14c\" data-element_type=\"widget\" data-widget_type=\"ee-breadcrumbs.default\">\n\t\t\t\t<div class=\"elementor-widget-container\">\n\t\t\t\t\t<ul class=\"ee-breadcrumbs\" itemscope=\"\" itemtype=\"http:\/\/schema.org\/BreadcrumbList\"><\/ul>\t\t\t\t<\/div>\n\t\t\t\t<\/div>\n\t\t\t\t\t<\/div>\n\t\t<\/div>\n\t\t\t\t\t<\/div>\n\t\t<\/section>\n\t\t\t\t<section class=\"elementor-section elementor-top-section elementor-element elementor-element-eeb5cd8 elementor-section-boxed elementor-section-height-default elementor-section-height-default\" data-id=\"eeb5cd8\" data-element_type=\"section\">\n\t\t\t\t\t\t<div class=\"elementor-container elementor-column-gap-default\">\n\t\t\t\t\t<div class=\"elementor-column elementor-col-100 elementor-top-column elementor-element elementor-element-26606d1\" data-id=\"26606d1\" data-element_type=\"column\">\n\t\t\t<div class=\"elementor-widget-wrap elementor-element-populated\">\n\t\t\t\t\t\t<div class=\"elementor-element elementor-element-0929838 elementor-hidden-phone elementor-widget elementor-widget-spacer\" data-id=\"0929838\" data-element_type=\"widget\" data-widget_type=\"spacer.default\">\n\t\t\t\t<div class=\"elementor-widget-container\">\n\t\t\t\t\t\t\t<div class=\"elementor-spacer\">\n\t\t\t<div class=\"elementor-spacer-inner\"><\/div>\n\t\t<\/div>\n\t\t\t\t\t\t<\/div>\n\t\t\t\t<\/div>\n\t\t\t\t<div class=\"elementor-element elementor-element-da212de elementor-widget elementor-widget-heading\" data-id=\"da212de\" data-element_type=\"widget\" data-widget_type=\"heading.default\">\n\t\t\t\t<div class=\"elementor-widget-container\">\n\t\t\t\t\t<h2 class=\"elementor-heading-title elementor-size-default\">Sekretesspolicy<\/h2>\t\t\t\t<\/div>\n\t\t\t\t<\/div>\n\t\t\t\t<div class=\"elementor-element elementor-element-4cc4073 elementor-widget elementor-widget-spacer\" data-id=\"4cc4073\" data-element_type=\"widget\" data-widget_type=\"spacer.default\">\n\t\t\t\t<div class=\"elementor-widget-container\">\n\t\t\t\t\t\t\t<div class=\"elementor-spacer\">\n\t\t\t<div class=\"elementor-spacer-inner\"><\/div>\n\t\t<\/div>\n\t\t\t\t\t\t<\/div>\n\t\t\t\t<\/div>\n\t\t\t\t\t<\/div>\n\t\t<\/div>\n\t\t\t\t\t<\/div>\n\t\t<\/section>\n\t\t\t\t<section class=\"elementor-section elementor-top-section elementor-element elementor-element-cae3a07 elementor-section-boxed elementor-section-height-default elementor-section-height-default\" data-id=\"cae3a07\" data-element_type=\"section\">\n\t\t\t\t\t\t<div class=\"elementor-container elementor-column-gap-wide\">\n\t\t\t\t\t<div class=\"elementor-column elementor-col-100 elementor-top-column elementor-element elementor-element-aa607db\" data-id=\"aa607db\" data-element_type=\"column\">\n\t\t\t<div class=\"elementor-widget-wrap elementor-element-populated\">\n\t\t\t\t\t\t<div class=\"elementor-element elementor-element-6ddbb21 elementor-widget elementor-widget-text-editor\" data-id=\"6ddbb21\" data-element_type=\"widget\" data-widget_type=\"text-editor.default\">\n\t\t\t\t<div class=\"elementor-widget-container\">\n\t\t\t\t\t\t\t\t\t<p>Simula Corporation och dess dotterbolag (h\u00e4refter &#8220;Simula&#8221;) erk\u00e4nner och respekterar integriteten hos v\u00e5ra onlinebes\u00f6kare. Denna sekretesspolicy syftar till att informera dig om v\u00e5ra metoder f\u00f6r insamling av information och de val du har ang\u00e5ende insamling och anv\u00e4ndning av dina uppgifter. Denna policy g\u00e4ller f\u00f6r all information som samlas in via Simulatechnology.com-webbplatsen (exklusive \u00e5terf\u00f6rs\u00e4ljarprogrammet).<\/p><p>V\u00e5r webbserver k\u00e4nner automatiskt igen och lagrar bes\u00f6kares IP-adresser f\u00f6r att analysera vilka delar av v\u00e5r webbplats som anv\u00e4nds mest och hur l\u00e4nge. Denna information anv\u00e4nds f\u00f6r att f\u00f6rb\u00e4ttra webbplatsens anv\u00e4ndbarhet. I vissa fall kan vi be om personlig information f\u00f6r aktiviteter som k\u00f6p, registrering eller unders\u00f6kningar.<\/p><p>Vi anv\u00e4nder cookies f\u00f6r att samla in information om hur du anv\u00e4nder v\u00e5r webbplats. Du kan blockera eller radera cookies via webbl\u00e4sarens inst\u00e4llningar.<\/p><p>Informationen du tillhandah\u00e5ller kommer att f\u00f6rbli konfidentiell och anv\u00e4nds f\u00f6r att st\u00e4rka kundrelationen med Simula. Du kan n\u00e4r som helst v\u00e4lja bort marknadsf\u00f6ringskommunikation.<\/p><p>Personuppgifter lagras s\u00e4kert och \u00e5tkomst \u00e4r begr\u00e4nsad till beh\u00f6rig personal.<\/p><p>Simula kan ocks\u00e5 samla in anonym information om bes\u00f6kare f\u00f6r att f\u00f6rb\u00e4ttra anv\u00e4ndarupplevelsen. Denna information kan delas med tredje part, men kommer inte att inneh\u00e5lla personligt identifierbar information.<\/p><p>Denna policy g\u00e4ller tills den \u00e4ndras. Eventuella \u00e4ndringar tr\u00e4der i kraft n\u00e4r de publiceras p\u00e5 webbplatsen.<\/p>\t\t\t\t\t\t\t\t<\/div>\n\t\t\t\t<\/div>\n\t\t\t\t<div class=\"elementor-element elementor-element-d22a97f elementor-widget elementor-widget-spacer\" data-id=\"d22a97f\" data-element_type=\"widget\" data-widget_type=\"spacer.default\">\n\t\t\t\t<div class=\"elementor-widget-container\">\n\t\t\t\t\t\t\t<div class=\"elementor-spacer\">\n\t\t\t<div class=\"elementor-spacer-inner\"><\/div>\n\t\t<\/div>\n\t\t\t\t\t\t<\/div>\n\t\t\t\t<\/div>\n\t\t\t\t\t<\/div>\n\t\t<\/div>\n\t\t\t\t\t<\/div>\n\t\t<\/section>\n\t\t\t\t<\/div>\n\t\t","protected":false},"excerpt":{"rendered":"<p>Sekretesspolicy Simula Corporation och dess dotterbolag (h\u00e4refter &#8220;Simula&#8221;) erk\u00e4nner och respekterar integriteten hos v\u00e5ra onlinebes\u00f6kare. Denna sekretesspolicy syftar till att informera dig om v\u00e5ra metoder f\u00f6r insamling av information och de val du har ang\u00e5ende insamling och anv\u00e4ndning av dina uppgifter. Denna policy g\u00e4ller f\u00f6r all information som samlas in via Simulatechnology.com-webbplatsen (exklusive \u00e5terf\u00f6rs\u00e4ljarprogrammet). V\u00e5r [&hellip;]<\/p>\n","protected":false},"author":3,"featured_media":0,"parent":0,"menu_order":0,"comment_status":"closed","ping_status":"closed","template":"elementor_header_footer","meta":{"_acf_changed":false,"inline_featured_image":false,"site-sidebar-layout":"no-sidebar","site-content-layout":"page-builder","ast-site-content-layout":"full-width-container","site-content-style":"default","site-sidebar-style":"default","ast-global-header-display":"","ast-banner-title-visibility":"","ast-main-header-display":"","ast-hfb-above-header-display":"","ast-hfb-below-header-display":"","ast-hfb-mobile-header-display":"","site-post-title":"disabled","ast-breadcrumbs-content":"","ast-featured-img":"disabled","footer-sml-layout":"","ast-disable-related-posts":"","theme-transparent-header-meta":"default","adv-header-id-meta":"","stick-header-meta":"default","header-above-stick-meta":"","header-main-stick-meta":"","header-below-stick-meta":"","astra-migrate-meta-layouts":"set","ast-page-background-enabled":"default","ast-page-background-meta":{"desktop":{"background-color":"","background-image":"","background-repeat":"repeat","background-position":"center center","background-size":"auto","background-attachment":"scroll","background-type":"","background-media":"","overlay-type":"","overlay-color":"","overlay-opacity":"","overlay-gradient":""},"tablet":{"background-color":"","background-image":"","background-repeat":"repeat","background-position":"center center","background-size":"auto","background-attachment":"scroll","background-type":"","background-media":"","overlay-type":"","overlay-color":"","overlay-opacity":"","overlay-gradient":""},"mobile":{"background-color":"","background-image":"","background-repeat":"repeat","background-position":"center center","background-size":"auto","background-attachment":"scroll","background-type":"","background-media":"","overlay-type":"","overlay-color":"","overlay-opacity":"","overlay-gradient":""}},"ast-content-background-meta":{"desktop":{"background-color":"var(--ast-global-color-5)","background-image":"","background-repeat":"repeat","background-position":"center center","background-size":"auto","background-attachment":"scroll","background-type":"","background-media":"","overlay-type":"","overlay-color":"","overlay-opacity":"","overlay-gradient":""},"tablet":{"background-color":"var(--ast-global-color-5)","background-image":"","background-repeat":"repeat","background-position":"center center","background-size":"auto","background-attachment":"scroll","background-type":"","background-media":"","overlay-type":"","overlay-color":"","overlay-opacity":"","overlay-gradient":""},"mobile":{"background-color":"var(--ast-global-color-5)","background-image":"","background-repeat":"repeat","background-position":"center center","background-size":"auto","background-attachment":"scroll","background-type":"","background-media":"","overlay-type":"","overlay-color":"","overlay-opacity":"","overlay-gradient":""}},"footnotes":""},"class_list":["post-11478","page","type-page","status-publish","hentry"],"acf":[],"yoast_head":"<!-- This site is optimized with the Yoast SEO plugin v26.8 - https:\/\/yoast.com\/product\/yoast-seo-wordpress\/ -->\n<title>Privacy Policy Simula Technology Inc.<\/title>\n<meta name=\"description\" content=\"Sekretesspolicy mission is to lead the component manufacturing industry with deep technical know-how, relentless innovation through R&amp;D and exceptional customer service.\" \/>\n<meta name=\"robots\" content=\"index, follow, max-snippet:-1, max-image-preview:large, max-video-preview:-1\" \/>\n<link rel=\"canonical\" href=\"https:\/\/simulatechnology.com\/sv\/privacy-policy\/\" \/>\n<meta property=\"og:locale\" content=\"sv_SE\" \/>\n<meta property=\"og:type\" content=\"article\" \/>\n<meta property=\"og:title\" content=\"Privacy Policy Simula Technology Inc.\" \/>\n<meta property=\"og:description\" content=\"Sekretesspolicy mission is to lead the component manufacturing industry with deep technical know-how, relentless innovation through R&amp;D and exceptional customer service.\" \/>\n<meta property=\"og:url\" content=\"https:\/\/simulatechnology.com\/sv\/privacy-policy\/\" \/>\n<meta property=\"og:site_name\" content=\"Simula Technology Inc.\" \/>\n<meta property=\"article:modified_time\" content=\"2025-01-09T08:02:04+00:00\" \/>\n<meta name=\"twitter:card\" content=\"summary_large_image\" \/>\n<meta name=\"twitter:label1\" content=\"Est. reading time\" \/>\n\t<meta name=\"twitter:data1\" content=\"2 minutes\" \/>\n<script type=\"application\/ld+json\" class=\"yoast-schema-graph\">{\"@context\":\"https:\/\/schema.org\",\"@graph\":[{\"@type\":\"WebPage\",\"@id\":\"https:\/\/simulatechnology.com\/sv\/privacy-policy\/\",\"url\":\"https:\/\/simulatechnology.com\/sv\/privacy-policy\/\",\"name\":\"Privacy Policy Simula Technology Inc.\",\"isPartOf\":{\"@id\":\"https:\/\/simulatechnology.com\/sv\/#website\"},\"datePublished\":\"2022-01-25T07:16:19+00:00\",\"dateModified\":\"2025-01-09T08:02:04+00:00\",\"description\":\"Sekretesspolicy mission is to lead the component manufacturing industry with deep technical know-how, relentless innovation through R&D and exceptional customer service.\",\"breadcrumb\":{\"@id\":\"https:\/\/simulatechnology.com\/sv\/privacy-policy\/#breadcrumb\"},\"inLanguage\":\"sv-SE\",\"potentialAction\":[{\"@type\":\"ReadAction\",\"target\":[\"https:\/\/simulatechnology.com\/sv\/privacy-policy\/\"]}]},{\"@type\":\"BreadcrumbList\",\"@id\":\"https:\/\/simulatechnology.com\/sv\/privacy-policy\/#breadcrumb\",\"itemListElement\":[{\"@type\":\"ListItem\",\"position\":1,\"name\":\"Home\",\"item\":\"https:\/\/simulatechnology.com\/sv\/\"},{\"@type\":\"ListItem\",\"position\":2,\"name\":\"Sekretesspolicy\"}]},{\"@type\":\"WebSite\",\"@id\":\"https:\/\/simulatechnology.com\/sv\/#website\",\"url\":\"https:\/\/simulatechnology.com\/sv\/\",\"name\":\"Simula Technology Inc.\",\"description\":\"\",\"publisher\":{\"@id\":\"https:\/\/simulatechnology.com\/sv\/#organization\"},\"potentialAction\":[{\"@type\":\"SearchAction\",\"target\":{\"@type\":\"EntryPoint\",\"urlTemplate\":\"https:\/\/simulatechnology.com\/sv\/?s={search_term_string}\"},\"query-input\":{\"@type\":\"PropertyValueSpecification\",\"valueRequired\":true,\"valueName\":\"search_term_string\"}}],\"inLanguage\":\"sv-SE\"},{\"@type\":\"Organization\",\"@id\":\"https:\/\/simulatechnology.com\/sv\/#organization\",\"name\":\"Simula Technology Inc.\",\"url\":\"https:\/\/simulatechnology.com\/sv\/\",\"logo\":{\"@type\":\"ImageObject\",\"inLanguage\":\"sv-SE\",\"@id\":\"https:\/\/simulatechnology.com\/sv\/#\/schema\/logo\/image\/\",\"url\":\"https:\/\/simulatechnology.com\/wp-content\/uploads\/600.png\",\"contentUrl\":\"https:\/\/simulatechnology.com\/wp-content\/uploads\/600.png\",\"width\":\"583\",\"height\":\"162\",\"caption\":\"Simula Technology Inc.\"},\"image\":{\"@id\":\"https:\/\/simulatechnology.com\/sv\/#\/schema\/logo\/image\/\"}}]}<\/script>\n<!-- \/ Yoast SEO plugin. -->","yoast_head_json":{"title":"Privacy Policy Simula Technology Inc.","description":"Sekretesspolicy mission is to lead the component manufacturing industry with deep technical know-how, relentless innovation through R&D and exceptional customer service.","robots":{"index":"index","follow":"follow","max-snippet":"max-snippet:-1","max-image-preview":"max-image-preview:large","max-video-preview":"max-video-preview:-1"},"canonical":"https:\/\/simulatechnology.com\/sv\/privacy-policy\/","og_locale":"sv_SE","og_type":"article","og_title":"Privacy Policy Simula Technology Inc.","og_description":"Sekretesspolicy mission is to lead the component manufacturing industry with deep technical know-how, relentless innovation through R&D and exceptional customer service.","og_url":"https:\/\/simulatechnology.com\/sv\/privacy-policy\/","og_site_name":"Simula Technology Inc.","article_modified_time":"2025-01-09T08:02:04+00:00","twitter_card":"summary_large_image","twitter_misc":{"Est. reading time":"2 minutes"},"schema":{"@context":"https:\/\/schema.org","@graph":[{"@type":"WebPage","@id":"https:\/\/simulatechnology.com\/sv\/privacy-policy\/","url":"https:\/\/simulatechnology.com\/sv\/privacy-policy\/","name":"Privacy Policy Simula Technology Inc.","isPartOf":{"@id":"https:\/\/simulatechnology.com\/sv\/#website"},"datePublished":"2022-01-25T07:16:19+00:00","dateModified":"2025-01-09T08:02:04+00:00","description":"Sekretesspolicy mission is to lead the component manufacturing industry with deep technical know-how, relentless innovation through R&D and exceptional customer service.","breadcrumb":{"@id":"https:\/\/simulatechnology.com\/sv\/privacy-policy\/#breadcrumb"},"inLanguage":"sv-SE","potentialAction":[{"@type":"ReadAction","target":["https:\/\/simulatechnology.com\/sv\/privacy-policy\/"]}]},{"@type":"BreadcrumbList","@id":"https:\/\/simulatechnology.com\/sv\/privacy-policy\/#breadcrumb","itemListElement":[{"@type":"ListItem","position":1,"name":"Home","item":"https:\/\/simulatechnology.com\/sv\/"},{"@type":"ListItem","position":2,"name":"Sekretesspolicy"}]},{"@type":"WebSite","@id":"https:\/\/simulatechnology.com\/sv\/#website","url":"https:\/\/simulatechnology.com\/sv\/","name":"Simula Technology Inc.","description":"","publisher":{"@id":"https:\/\/simulatechnology.com\/sv\/#organization"},"potentialAction":[{"@type":"SearchAction","target":{"@type":"EntryPoint","urlTemplate":"https:\/\/simulatechnology.com\/sv\/?s={search_term_string}"},"query-input":{"@type":"PropertyValueSpecification","valueRequired":true,"valueName":"search_term_string"}}],"inLanguage":"sv-SE"},{"@type":"Organization","@id":"https:\/\/simulatechnology.com\/sv\/#organization","name":"Simula Technology Inc.","url":"https:\/\/simulatechnology.com\/sv\/","logo":{"@type":"ImageObject","inLanguage":"sv-SE","@id":"https:\/\/simulatechnology.com\/sv\/#\/schema\/logo\/image\/","url":"https:\/\/simulatechnology.com\/wp-content\/uploads\/600.png","contentUrl":"https:\/\/simulatechnology.com\/wp-content\/uploads\/600.png","width":"583","height":"162","caption":"Simula Technology Inc."},"image":{"@id":"https:\/\/simulatechnology.com\/sv\/#\/schema\/logo\/image\/"}}]}},"_links":{"self":[{"href":"https:\/\/simulatechnology.com\/sv\/wp-json\/wp\/v2\/pages\/11478","targetHints":{"allow":["GET"]}}],"collection":[{"href":"https:\/\/simulatechnology.com\/sv\/wp-json\/wp\/v2\/pages"}],"about":[{"href":"https:\/\/simulatechnology.com\/sv\/wp-json\/wp\/v2\/types\/page"}],"author":[{"embeddable":true,"href":"https:\/\/simulatechnology.com\/sv\/wp-json\/wp\/v2\/users\/3"}],"replies":[{"embeddable":true,"href":"https:\/\/simulatechnology.com\/sv\/wp-json\/wp\/v2\/comments?post=11478"}],"version-history":[{"count":8,"href":"https:\/\/simulatechnology.com\/sv\/wp-json\/wp\/v2\/pages\/11478\/revisions"}],"predecessor-version":[{"id":11720,"href":"https:\/\/simulatechnology.com\/sv\/wp-json\/wp\/v2\/pages\/11478\/revisions\/11720"}],"wp:attachment":[{"href":"https:\/\/simulatechnology.com\/sv\/wp-json\/wp\/v2\/media?parent=11478"}],"curies":[{"name":"wp","href":"https:\/\/api.w.org\/{rel}","templated":true}]}}