{"id":9529,"date":"2023-09-12T16:07:19","date_gmt":"2023-09-12T08:07:19","guid":{"rendered":"https:\/\/simulatechnology.com\/taa_compliance_statement_of_usb4_cable\/"},"modified":"2024-12-30T10:53:27","modified_gmt":"2024-12-30T02:53:27","slug":"taa_compliance_statement_of_usb4_cable","status":"publish","type":"page","link":"https:\/\/simulatechnology.com\/fr\/taa_compliance_statement_of_usb4_cable\/","title":{"rendered":"D\u00e9claration de conformit\u00e9 TAA du c\u00e2ble USB4"},"content":{"rendered":"\t\t<div data-elementor-type=\"wp-page\" data-elementor-id=\"9529\" class=\"elementor elementor-9529 elementor-6800\" data-elementor-post-type=\"page\">\n\t\t\t\t<div class=\"elementor-element elementor-element-3cb1b2d e-flex e-con-boxed e-con e-parent\" data-id=\"3cb1b2d\" data-element_type=\"container\">\n\t\t\t\t\t<div class=\"e-con-inner\">\n\t\t\t\t<div class=\"elementor-element elementor-element-0af82ac elementor-widget elementor-widget-heading\" data-id=\"0af82ac\" data-element_type=\"widget\" data-widget_type=\"heading.default\">\n\t\t\t\t<div class=\"elementor-widget-container\">\n\t\t\t\t\t<h2 class=\"elementor-heading-title elementor-size-default\">TAA conforme<\/h2>\t\t\t\t<\/div>\n\t\t\t\t<\/div>\n\t\t\t\t\t<\/div>\n\t\t\t\t<\/div>\n\t\t<div class=\"elementor-element elementor-element-099ef39 e-flex e-con-boxed e-con e-parent\" data-id=\"099ef39\" data-element_type=\"container\">\n\t\t\t\t\t<div class=\"e-con-inner\">\n\t\t\t\t<div class=\"elementor-element elementor-element-eb7c469 elementor-widget elementor-widget-image\" data-id=\"eb7c469\" data-element_type=\"widget\" data-widget_type=\"image.default\">\n\t\t\t\t<div class=\"elementor-widget-container\">\n\t\t\t\t\t\t\t\t\t\t\t\t\t\t\t<img fetchpriority=\"high\" decoding=\"async\" width=\"1855\" height=\"567\" src=\"https:\/\/simulatechnology.com\/wp-content\/uploads\/simula-usb4-TAA-.png\" class=\"attachment-large size-large wp-image-11446\" alt=\"\" \/>\t\t\t\t\t\t\t\t\t\t\t\t\t\t\t<\/div>\n\t\t\t\t<\/div>\n\t\t\t\t\t<\/div>\n\t\t\t\t<\/div>\n\t\t<div class=\"elementor-element elementor-element-aab2e6a e-flex e-con-boxed e-con e-parent\" data-id=\"aab2e6a\" data-element_type=\"container\">\n\t\t\t\t\t<div class=\"e-con-inner\">\n\t\t\t\t<div class=\"elementor-element elementor-element-be76443 elementor-widget elementor-widget-heading\" data-id=\"be76443\" data-element_type=\"widget\" data-widget_type=\"heading.default\">\n\t\t\t\t<div class=\"elementor-widget-container\">\n\t\t\t\t\t<h2 class=\"elementor-heading-title elementor-size-default\">Qu'est-ce que le TAA ?<\/h2>\t\t\t\t<\/div>\n\t\t\t\t<\/div>\n\t\t\t\t\t<\/div>\n\t\t\t\t<\/div>\n\t\t<div class=\"elementor-element elementor-element-cf38ccb e-flex e-con-boxed e-con e-parent\" data-id=\"cf38ccb\" data-element_type=\"container\">\n\t\t\t\t\t<div class=\"e-con-inner\">\n\t\t\t\t<div class=\"elementor-element elementor-element-b1b0f1c elementor-widget elementor-widget-text-editor\" data-id=\"b1b0f1c\" data-element_type=\"widget\" data-widget_type=\"text-editor.default\">\n\t\t\t\t<div class=\"elementor-widget-container\">\n\t\t\t\t\t\t\t\t\t<p>Le TAA fait r\u00e9f\u00e9rence \u00e0 la Loi sur les accords commerciaux (Trade Agreement Act, 19 U.S.C. \u00a7\u00a72501-2581), qui vise \u00e0 promouvoir un commerce international \u00e9quitable et ouvert. Elle exige que le gouvernement am\u00e9ricain ach\u00e8te des produits provenant de pays soutenant un commerce \u00e9quitable et ouvert. Les contractants doivent prouver que leurs produits finis r\u00e9pondent aux exigences standards. Le lieu de production doit \u00e9galement \u00eatre conforme \u00e0 la liste des pays figurant dans la loi TAA.<\/p>\t\t\t\t\t\t\t\t<\/div>\n\t\t\t\t<\/div>\n\t\t\t\t\t<\/div>\n\t\t\t\t<\/div>\n\t\t<div class=\"elementor-element elementor-element-a6b9528 e-flex e-con-boxed e-con e-parent\" data-id=\"a6b9528\" data-element_type=\"container\">\n\t\t\t\t\t<div class=\"e-con-inner\">\n\t\t\t\t<div class=\"elementor-element elementor-element-17bcb41 elementor-widget elementor-widget-heading\" data-id=\"17bcb41\" data-element_type=\"widget\" data-widget_type=\"heading.default\">\n\t\t\t\t<div class=\"elementor-widget-container\">\n\t\t\t\t\t<h2 class=\"elementor-heading-title elementor-size-default\">D\u00e9claration de conformit\u00e9 TAA pour le c\u00e2ble USB4<\/h2>\t\t\t\t<\/div>\n\t\t\t\t<\/div>\n\t\t\t\t\t<\/div>\n\t\t\t\t<\/div>\n\t\t<div class=\"elementor-element elementor-element-adba988 e-flex e-con-boxed e-con e-parent\" data-id=\"adba988\" data-element_type=\"container\">\n\t\t\t\t\t<div class=\"e-con-inner\">\n\t\t\t\t<div class=\"elementor-element elementor-element-5819d71 elementor-widget elementor-widget-image\" data-id=\"5819d71\" data-element_type=\"widget\" data-widget_type=\"image.default\">\n\t\t\t\t<div class=\"elementor-widget-container\">\n\t\t\t\t\t\t\t\t\t\t\t\t\t\t\t<img decoding=\"async\" width=\"1834\" height=\"502\" src=\"https:\/\/simulatechnology.com\/wp-content\/uploads\/\u87a2\u5e55\u64f7\u53d6\u756b\u9762-2023-09-14-100638-1.png\" class=\"attachment-large size-large wp-image-11445\" alt=\"\" \/>\t\t\t\t\t\t\t\t\t\t\t\t\t\t\t<\/div>\n\t\t\t\t<\/div>\n\t\t\t\t\t<\/div>\n\t\t\t\t<\/div>\n\t\t\t\t<\/div>\n\t\t","protected":false},"excerpt":{"rendered":"<p>TAA conforme Qu&#8217;est-ce que le TAA ? Le TAA fait r\u00e9f\u00e9rence \u00e0 la Loi sur les accords commerciaux (Trade Agreement Act, 19 U.S.C. \u00a7\u00a72501-2581), qui vise \u00e0 promouvoir un commerce international \u00e9quitable et ouvert. Elle exige que le gouvernement am\u00e9ricain ach\u00e8te des produits provenant de pays soutenant un commerce \u00e9quitable et ouvert. Les contractants doivent [&hellip;]<\/p>\n","protected":false},"author":17,"featured_media":0,"parent":0,"menu_order":0,"comment_status":"closed","ping_status":"closed","template":"","meta":{"_acf_changed":false,"inline_featured_image":false,"site-sidebar-layout":"no-sidebar","site-content-layout":"page-builder","ast-site-content-layout":"full-width-container","site-content-style":"unboxed","site-sidebar-style":"unboxed","ast-global-header-display":"","ast-banner-title-visibility":"","ast-main-header-display":"","ast-hfb-above-header-display":"","ast-hfb-below-header-display":"","ast-hfb-mobile-header-display":"","site-post-title":"disabled","ast-breadcrumbs-content":"","ast-featured-img":"disabled","footer-sml-layout":"","ast-disable-related-posts":"","theme-transparent-header-meta":"default","adv-header-id-meta":"","stick-header-meta":"default","header-above-stick-meta":"","header-main-stick-meta":"","header-below-stick-meta":"","astra-migrate-meta-layouts":"set","ast-page-background-enabled":"default","ast-page-background-meta":{"desktop":{"background-color":"","background-image":"","background-repeat":"repeat","background-position":"center center","background-size":"auto","background-attachment":"scroll","background-type":"","background-media":"","overlay-type":"","overlay-color":"","overlay-opacity":"","overlay-gradient":""},"tablet":{"background-color":"","background-image":"","background-repeat":"repeat","background-position":"center center","background-size":"auto","background-attachment":"scroll","background-type":"","background-media":"","overlay-type":"","overlay-color":"","overlay-opacity":"","overlay-gradient":""},"mobile":{"background-color":"","background-image":"","background-repeat":"repeat","background-position":"center center","background-size":"auto","background-attachment":"scroll","background-type":"","background-media":"","overlay-type":"","overlay-color":"","overlay-opacity":"","overlay-gradient":""}},"ast-content-background-meta":{"desktop":{"background-color":"var(--ast-global-color-5)","background-image":"","background-repeat":"repeat","background-position":"center center","background-size":"auto","background-attachment":"scroll","background-type":"","background-media":"","overlay-type":"","overlay-color":"","overlay-opacity":"","overlay-gradient":""},"tablet":{"background-color":"var(--ast-global-color-5)","background-image":"","background-repeat":"repeat","background-position":"center center","background-size":"auto","background-attachment":"scroll","background-type":"","background-media":"","overlay-type":"","overlay-color":"","overlay-opacity":"","overlay-gradient":""},"mobile":{"background-color":"var(--ast-global-color-5)","background-image":"","background-repeat":"repeat","background-position":"center center","background-size":"auto","background-attachment":"scroll","background-type":"","background-media":"","overlay-type":"","overlay-color":"","overlay-opacity":"","overlay-gradient":""}},"footnotes":""},"class_list":["post-9529","page","type-page","status-publish","hentry"],"acf":[],"yoast_head":"<!-- This site is optimized with the Yoast SEO plugin v26.8 - https:\/\/yoast.com\/product\/yoast-seo-wordpress\/ -->\n<title>D\u00e9claration de conformit\u00e9 TAA du c\u00e2ble USB4 - Simula Technology Inc.<\/title>\n<meta name=\"description\" content=\"TAA (Trade Agreements Act) Compliance Statement of USB4 Cable. https:\/\/simulatechnology.com\/taa_compliance_statement_of_usb4_cable\/\" \/>\n<meta name=\"robots\" content=\"index, follow, max-snippet:-1, max-image-preview:large, max-video-preview:-1\" \/>\n<link rel=\"canonical\" href=\"https:\/\/simulatechnology.com\/fr\/taa_compliance_statement_of_usb4_cable\/\" \/>\n<meta property=\"og:locale\" content=\"fr_FR\" \/>\n<meta property=\"og:type\" content=\"article\" \/>\n<meta property=\"og:title\" content=\"D\u00e9claration de conformit\u00e9 TAA du c\u00e2ble USB4 - Simula Technology Inc.\" \/>\n<meta property=\"og:description\" content=\"TAA (Trade Agreements Act) Compliance Statement of USB4 Cable. https:\/\/simulatechnology.com\/taa_compliance_statement_of_usb4_cable\/\" \/>\n<meta property=\"og:url\" content=\"https:\/\/simulatechnology.com\/fr\/taa_compliance_statement_of_usb4_cable\/\" \/>\n<meta property=\"og:site_name\" content=\"Simula Technology Inc.\" \/>\n<meta property=\"article:modified_time\" content=\"2024-12-30T02:53:27+00:00\" \/>\n<meta property=\"og:image\" content=\"https:\/\/simulatechnology.com\/wp-content\/uploads\/simula-usb4-TAA-.png\" \/>\n\t<meta property=\"og:image:width\" content=\"1855\" \/>\n\t<meta property=\"og:image:height\" content=\"567\" \/>\n\t<meta property=\"og:image:type\" content=\"image\/png\" \/>\n<meta name=\"twitter:card\" content=\"summary_large_image\" \/>\n<meta name=\"twitter:label1\" content=\"Est. reading time\" \/>\n\t<meta name=\"twitter:data1\" content=\"1 minute\" \/>\n<script type=\"application\/ld+json\" class=\"yoast-schema-graph\">{\"@context\":\"https:\/\/schema.org\",\"@graph\":[{\"@type\":\"ScholarlyArticle\",\"@id\":\"https:\/\/simulatechnology.com\/fr\/taa_compliance_statement_of_usb4_cable\/#article\",\"isPartOf\":{\"@id\":\"https:\/\/simulatechnology.com\/fr\/taa_compliance_statement_of_usb4_cable\/\"},\"author\":{\"name\":\"stephanielu\",\"@id\":\"https:\/\/simulatechnology.com\/fr\/#\/schema\/person\/1ad169edc6e61d11d58e55ab6ddb70bf\"},\"headline\":\"D\u00e9claration de conformit\u00e9 TAA du c\u00e2ble USB4\",\"datePublished\":\"2023-09-12T08:07:19+00:00\",\"dateModified\":\"2024-12-30T02:53:27+00:00\",\"mainEntityOfPage\":{\"@id\":\"https:\/\/simulatechnology.com\/fr\/taa_compliance_statement_of_usb4_cable\/\"},\"wordCount\":104,\"publisher\":{\"@id\":\"https:\/\/simulatechnology.com\/fr\/#organization\"},\"image\":{\"@id\":\"https:\/\/simulatechnology.com\/fr\/taa_compliance_statement_of_usb4_cable\/#primaryimage\"},\"thumbnailUrl\":\"https:\/\/simulatechnology.com\/wp-content\/uploads\/simula-usb4-TAA-.png\",\"inLanguage\":\"fr-FR\"},{\"@type\":[\"WebPage\",\"AboutPage\"],\"@id\":\"https:\/\/simulatechnology.com\/fr\/taa_compliance_statement_of_usb4_cable\/\",\"url\":\"https:\/\/simulatechnology.com\/fr\/taa_compliance_statement_of_usb4_cable\/\",\"name\":\"D\u00e9claration de conformit\u00e9 TAA du c\u00e2ble USB4 - Simula Technology Inc.\",\"isPartOf\":{\"@id\":\"https:\/\/simulatechnology.com\/fr\/#website\"},\"primaryImageOfPage\":{\"@id\":\"https:\/\/simulatechnology.com\/fr\/taa_compliance_statement_of_usb4_cable\/#primaryimage\"},\"image\":{\"@id\":\"https:\/\/simulatechnology.com\/fr\/taa_compliance_statement_of_usb4_cable\/#primaryimage\"},\"thumbnailUrl\":\"https:\/\/simulatechnology.com\/wp-content\/uploads\/simula-usb4-TAA-.png\",\"datePublished\":\"2023-09-12T08:07:19+00:00\",\"dateModified\":\"2024-12-30T02:53:27+00:00\",\"description\":\"TAA (Trade Agreements Act) Compliance Statement of USB4 Cable. https:\/\/simulatechnology.com\/taa_compliance_statement_of_usb4_cable\/\",\"breadcrumb\":{\"@id\":\"https:\/\/simulatechnology.com\/fr\/taa_compliance_statement_of_usb4_cable\/#breadcrumb\"},\"inLanguage\":\"fr-FR\",\"potentialAction\":[{\"@type\":\"ReadAction\",\"target\":[\"https:\/\/simulatechnology.com\/fr\/taa_compliance_statement_of_usb4_cable\/\"]}]},{\"@type\":\"ImageObject\",\"inLanguage\":\"fr-FR\",\"@id\":\"https:\/\/simulatechnology.com\/fr\/taa_compliance_statement_of_usb4_cable\/#primaryimage\",\"url\":\"https:\/\/simulatechnology.com\/wp-content\/uploads\/simula-usb4-TAA-.png\",\"contentUrl\":\"https:\/\/simulatechnology.com\/wp-content\/uploads\/simula-usb4-TAA-.png\"},{\"@type\":\"BreadcrumbList\",\"@id\":\"https:\/\/simulatechnology.com\/fr\/taa_compliance_statement_of_usb4_cable\/#breadcrumb\",\"itemListElement\":[{\"@type\":\"ListItem\",\"position\":1,\"name\":\"Home\",\"item\":\"https:\/\/simulatechnology.com\/fr\/\"},{\"@type\":\"ListItem\",\"position\":2,\"name\":\"D\u00e9claration de conformit\u00e9 TAA du c\u00e2ble USB4\"}]},{\"@type\":\"WebSite\",\"@id\":\"https:\/\/simulatechnology.com\/fr\/#website\",\"url\":\"https:\/\/simulatechnology.com\/fr\/\",\"name\":\"Simula Technology Inc.\",\"description\":\"\",\"publisher\":{\"@id\":\"https:\/\/simulatechnology.com\/fr\/#organization\"},\"potentialAction\":[{\"@type\":\"SearchAction\",\"target\":{\"@type\":\"EntryPoint\",\"urlTemplate\":\"https:\/\/simulatechnology.com\/fr\/?s={search_term_string}\"},\"query-input\":{\"@type\":\"PropertyValueSpecification\",\"valueRequired\":true,\"valueName\":\"search_term_string\"}}],\"inLanguage\":\"fr-FR\"},{\"@type\":\"Organization\",\"@id\":\"https:\/\/simulatechnology.com\/fr\/#organization\",\"name\":\"Simula Technology Inc.\",\"url\":\"https:\/\/simulatechnology.com\/fr\/\",\"logo\":{\"@type\":\"ImageObject\",\"inLanguage\":\"fr-FR\",\"@id\":\"https:\/\/simulatechnology.com\/fr\/#\/schema\/logo\/image\/\",\"url\":\"https:\/\/simulatechnology.com\/wp-content\/uploads\/600.png\",\"contentUrl\":\"https:\/\/simulatechnology.com\/wp-content\/uploads\/600.png\",\"width\":\"583\",\"height\":\"162\",\"caption\":\"Simula Technology Inc.\"},\"image\":{\"@id\":\"https:\/\/simulatechnology.com\/fr\/#\/schema\/logo\/image\/\"}},{\"@type\":\"Person\",\"@id\":\"https:\/\/simulatechnology.com\/fr\/#\/schema\/person\/1ad169edc6e61d11d58e55ab6ddb70bf\",\"name\":\"stephanielu\",\"image\":{\"@type\":\"ImageObject\",\"inLanguage\":\"fr-FR\",\"@id\":\"https:\/\/simulatechnology.com\/fr\/#\/schema\/person\/image\/\",\"url\":\"https:\/\/secure.gravatar.com\/avatar\/186d44928888e3b1544b794bc95916bdf886ff66c7a1612c2fd0db48a3a26f20?s=96&d=mm&r=g\",\"contentUrl\":\"https:\/\/secure.gravatar.com\/avatar\/186d44928888e3b1544b794bc95916bdf886ff66c7a1612c2fd0db48a3a26f20?s=96&d=mm&r=g\",\"caption\":\"stephanielu\"},\"url\":\"https:\/\/simulatechnology.com\/fr\/author\/stephanielu\/\"}]}<\/script>\n<!-- \/ Yoast SEO plugin. -->","yoast_head_json":{"title":"D\u00e9claration de conformit\u00e9 TAA du c\u00e2ble USB4 - Simula Technology Inc.","description":"TAA (Trade Agreements Act) Compliance Statement of USB4 Cable. https:\/\/simulatechnology.com\/taa_compliance_statement_of_usb4_cable\/","robots":{"index":"index","follow":"follow","max-snippet":"max-snippet:-1","max-image-preview":"max-image-preview:large","max-video-preview":"max-video-preview:-1"},"canonical":"https:\/\/simulatechnology.com\/fr\/taa_compliance_statement_of_usb4_cable\/","og_locale":"fr_FR","og_type":"article","og_title":"D\u00e9claration de conformit\u00e9 TAA du c\u00e2ble USB4 - Simula Technology Inc.","og_description":"TAA (Trade Agreements Act) Compliance Statement of USB4 Cable. https:\/\/simulatechnology.com\/taa_compliance_statement_of_usb4_cable\/","og_url":"https:\/\/simulatechnology.com\/fr\/taa_compliance_statement_of_usb4_cable\/","og_site_name":"Simula Technology Inc.","article_modified_time":"2024-12-30T02:53:27+00:00","og_image":[{"width":1855,"height":567,"url":"https:\/\/simulatechnology.com\/wp-content\/uploads\/simula-usb4-TAA-.png","type":"image\/png"}],"twitter_card":"summary_large_image","twitter_misc":{"Est. reading time":"1 minute"},"schema":{"@context":"https:\/\/schema.org","@graph":[{"@type":"ScholarlyArticle","@id":"https:\/\/simulatechnology.com\/fr\/taa_compliance_statement_of_usb4_cable\/#article","isPartOf":{"@id":"https:\/\/simulatechnology.com\/fr\/taa_compliance_statement_of_usb4_cable\/"},"author":{"name":"stephanielu","@id":"https:\/\/simulatechnology.com\/fr\/#\/schema\/person\/1ad169edc6e61d11d58e55ab6ddb70bf"},"headline":"D\u00e9claration de conformit\u00e9 TAA du c\u00e2ble USB4","datePublished":"2023-09-12T08:07:19+00:00","dateModified":"2024-12-30T02:53:27+00:00","mainEntityOfPage":{"@id":"https:\/\/simulatechnology.com\/fr\/taa_compliance_statement_of_usb4_cable\/"},"wordCount":104,"publisher":{"@id":"https:\/\/simulatechnology.com\/fr\/#organization"},"image":{"@id":"https:\/\/simulatechnology.com\/fr\/taa_compliance_statement_of_usb4_cable\/#primaryimage"},"thumbnailUrl":"https:\/\/simulatechnology.com\/wp-content\/uploads\/simula-usb4-TAA-.png","inLanguage":"fr-FR"},{"@type":["WebPage","AboutPage"],"@id":"https:\/\/simulatechnology.com\/fr\/taa_compliance_statement_of_usb4_cable\/","url":"https:\/\/simulatechnology.com\/fr\/taa_compliance_statement_of_usb4_cable\/","name":"D\u00e9claration de conformit\u00e9 TAA du c\u00e2ble USB4 - Simula Technology Inc.","isPartOf":{"@id":"https:\/\/simulatechnology.com\/fr\/#website"},"primaryImageOfPage":{"@id":"https:\/\/simulatechnology.com\/fr\/taa_compliance_statement_of_usb4_cable\/#primaryimage"},"image":{"@id":"https:\/\/simulatechnology.com\/fr\/taa_compliance_statement_of_usb4_cable\/#primaryimage"},"thumbnailUrl":"https:\/\/simulatechnology.com\/wp-content\/uploads\/simula-usb4-TAA-.png","datePublished":"2023-09-12T08:07:19+00:00","dateModified":"2024-12-30T02:53:27+00:00","description":"TAA (Trade Agreements Act) Compliance Statement of USB4 Cable. https:\/\/simulatechnology.com\/taa_compliance_statement_of_usb4_cable\/","breadcrumb":{"@id":"https:\/\/simulatechnology.com\/fr\/taa_compliance_statement_of_usb4_cable\/#breadcrumb"},"inLanguage":"fr-FR","potentialAction":[{"@type":"ReadAction","target":["https:\/\/simulatechnology.com\/fr\/taa_compliance_statement_of_usb4_cable\/"]}]},{"@type":"ImageObject","inLanguage":"fr-FR","@id":"https:\/\/simulatechnology.com\/fr\/taa_compliance_statement_of_usb4_cable\/#primaryimage","url":"https:\/\/simulatechnology.com\/wp-content\/uploads\/simula-usb4-TAA-.png","contentUrl":"https:\/\/simulatechnology.com\/wp-content\/uploads\/simula-usb4-TAA-.png"},{"@type":"BreadcrumbList","@id":"https:\/\/simulatechnology.com\/fr\/taa_compliance_statement_of_usb4_cable\/#breadcrumb","itemListElement":[{"@type":"ListItem","position":1,"name":"Home","item":"https:\/\/simulatechnology.com\/fr\/"},{"@type":"ListItem","position":2,"name":"D\u00e9claration de conformit\u00e9 TAA du c\u00e2ble USB4"}]},{"@type":"WebSite","@id":"https:\/\/simulatechnology.com\/fr\/#website","url":"https:\/\/simulatechnology.com\/fr\/","name":"Simula Technology Inc.","description":"","publisher":{"@id":"https:\/\/simulatechnology.com\/fr\/#organization"},"potentialAction":[{"@type":"SearchAction","target":{"@type":"EntryPoint","urlTemplate":"https:\/\/simulatechnology.com\/fr\/?s={search_term_string}"},"query-input":{"@type":"PropertyValueSpecification","valueRequired":true,"valueName":"search_term_string"}}],"inLanguage":"fr-FR"},{"@type":"Organization","@id":"https:\/\/simulatechnology.com\/fr\/#organization","name":"Simula Technology Inc.","url":"https:\/\/simulatechnology.com\/fr\/","logo":{"@type":"ImageObject","inLanguage":"fr-FR","@id":"https:\/\/simulatechnology.com\/fr\/#\/schema\/logo\/image\/","url":"https:\/\/simulatechnology.com\/wp-content\/uploads\/600.png","contentUrl":"https:\/\/simulatechnology.com\/wp-content\/uploads\/600.png","width":"583","height":"162","caption":"Simula Technology Inc."},"image":{"@id":"https:\/\/simulatechnology.com\/fr\/#\/schema\/logo\/image\/"}},{"@type":"Person","@id":"https:\/\/simulatechnology.com\/fr\/#\/schema\/person\/1ad169edc6e61d11d58e55ab6ddb70bf","name":"stephanielu","image":{"@type":"ImageObject","inLanguage":"fr-FR","@id":"https:\/\/simulatechnology.com\/fr\/#\/schema\/person\/image\/","url":"https:\/\/secure.gravatar.com\/avatar\/186d44928888e3b1544b794bc95916bdf886ff66c7a1612c2fd0db48a3a26f20?s=96&d=mm&r=g","contentUrl":"https:\/\/secure.gravatar.com\/avatar\/186d44928888e3b1544b794bc95916bdf886ff66c7a1612c2fd0db48a3a26f20?s=96&d=mm&r=g","caption":"stephanielu"},"url":"https:\/\/simulatechnology.com\/fr\/author\/stephanielu\/"}]}},"_links":{"self":[{"href":"https:\/\/simulatechnology.com\/fr\/wp-json\/wp\/v2\/pages\/9529","targetHints":{"allow":["GET"]}}],"collection":[{"href":"https:\/\/simulatechnology.com\/fr\/wp-json\/wp\/v2\/pages"}],"about":[{"href":"https:\/\/simulatechnology.com\/fr\/wp-json\/wp\/v2\/types\/page"}],"author":[{"embeddable":true,"href":"https:\/\/simulatechnology.com\/fr\/wp-json\/wp\/v2\/users\/17"}],"replies":[{"embeddable":true,"href":"https:\/\/simulatechnology.com\/fr\/wp-json\/wp\/v2\/comments?post=9529"}],"version-history":[{"count":7,"href":"https:\/\/simulatechnology.com\/fr\/wp-json\/wp\/v2\/pages\/9529\/revisions"}],"predecessor-version":[{"id":11736,"href":"https:\/\/simulatechnology.com\/fr\/wp-json\/wp\/v2\/pages\/9529\/revisions\/11736"}],"wp:attachment":[{"href":"https:\/\/simulatechnology.com\/fr\/wp-json\/wp\/v2\/media?parent=9529"}],"curies":[{"name":"wp","href":"https:\/\/api.w.org\/{rel}","templated":true}]}}