{"id":11474,"date":"2022-01-25T15:16:19","date_gmt":"2022-01-25T07:16:19","guid":{"rendered":"https:\/\/simulatechnology.com\/privacy-policy\/"},"modified":"2025-01-09T16:01:47","modified_gmt":"2025-01-09T08:01:47","slug":"privacy-policy","status":"publish","type":"page","link":"https:\/\/simulatechnology.com\/fr\/privacy-policy\/","title":{"rendered":"Politique de confidentialit\u00e9"},"content":{"rendered":"\t\t<div data-elementor-type=\"wp-page\" data-elementor-id=\"11474\" class=\"elementor elementor-11474 elementor-5430\" data-elementor-post-type=\"page\">\n\t\t\t\t\t\t<section class=\"elementor-section elementor-top-section elementor-element elementor-element-e38a11b elementor-section-boxed elementor-section-height-default elementor-section-height-default\" data-id=\"e38a11b\" data-element_type=\"section\" data-settings=\"{&quot;background_background&quot;:&quot;classic&quot;}\">\n\t\t\t\t\t\t<div class=\"elementor-container elementor-column-gap-default\">\n\t\t\t\t\t<div class=\"elementor-column elementor-col-100 elementor-top-column elementor-element elementor-element-84e9c6f\" data-id=\"84e9c6f\" data-element_type=\"column\">\n\t\t\t<div class=\"elementor-widget-wrap elementor-element-populated\">\n\t\t\t\t\t\t<div class=\"elementor-element elementor-element-034a14c elementor-widget elementor-widget-ee-breadcrumbs\" data-id=\"034a14c\" data-element_type=\"widget\" data-widget_type=\"ee-breadcrumbs.default\">\n\t\t\t\t<div class=\"elementor-widget-container\">\n\t\t\t\t\t<ul class=\"ee-breadcrumbs\" itemscope=\"\" itemtype=\"http:\/\/schema.org\/BreadcrumbList\"><\/ul>\t\t\t\t<\/div>\n\t\t\t\t<\/div>\n\t\t\t\t\t<\/div>\n\t\t<\/div>\n\t\t\t\t\t<\/div>\n\t\t<\/section>\n\t\t\t\t<section class=\"elementor-section elementor-top-section elementor-element elementor-element-eeb5cd8 elementor-section-boxed elementor-section-height-default elementor-section-height-default\" data-id=\"eeb5cd8\" data-element_type=\"section\">\n\t\t\t\t\t\t<div class=\"elementor-container elementor-column-gap-default\">\n\t\t\t\t\t<div class=\"elementor-column elementor-col-100 elementor-top-column elementor-element elementor-element-26606d1\" data-id=\"26606d1\" data-element_type=\"column\">\n\t\t\t<div class=\"elementor-widget-wrap elementor-element-populated\">\n\t\t\t\t\t\t<div class=\"elementor-element elementor-element-0929838 elementor-hidden-phone elementor-widget elementor-widget-spacer\" data-id=\"0929838\" data-element_type=\"widget\" data-widget_type=\"spacer.default\">\n\t\t\t\t<div class=\"elementor-widget-container\">\n\t\t\t\t\t\t\t<div class=\"elementor-spacer\">\n\t\t\t<div class=\"elementor-spacer-inner\"><\/div>\n\t\t<\/div>\n\t\t\t\t\t\t<\/div>\n\t\t\t\t<\/div>\n\t\t\t\t<div class=\"elementor-element elementor-element-da212de elementor-widget elementor-widget-heading\" data-id=\"da212de\" data-element_type=\"widget\" data-widget_type=\"heading.default\">\n\t\t\t\t<div class=\"elementor-widget-container\">\n\t\t\t\t\t<h2 class=\"elementor-heading-title elementor-size-default\">Politique de confidentialit\u00e9<\/h2>\t\t\t\t<\/div>\n\t\t\t\t<\/div>\n\t\t\t\t<div class=\"elementor-element elementor-element-4cc4073 elementor-widget elementor-widget-spacer\" data-id=\"4cc4073\" data-element_type=\"widget\" data-widget_type=\"spacer.default\">\n\t\t\t\t<div class=\"elementor-widget-container\">\n\t\t\t\t\t\t\t<div class=\"elementor-spacer\">\n\t\t\t<div class=\"elementor-spacer-inner\"><\/div>\n\t\t<\/div>\n\t\t\t\t\t\t<\/div>\n\t\t\t\t<\/div>\n\t\t\t\t\t<\/div>\n\t\t<\/div>\n\t\t\t\t\t<\/div>\n\t\t<\/section>\n\t\t\t\t<section class=\"elementor-section elementor-top-section elementor-element elementor-element-cae3a07 elementor-section-boxed elementor-section-height-default elementor-section-height-default\" data-id=\"cae3a07\" data-element_type=\"section\">\n\t\t\t\t\t\t<div class=\"elementor-container elementor-column-gap-wide\">\n\t\t\t\t\t<div class=\"elementor-column elementor-col-100 elementor-top-column elementor-element elementor-element-aa607db\" data-id=\"aa607db\" data-element_type=\"column\">\n\t\t\t<div class=\"elementor-widget-wrap elementor-element-populated\">\n\t\t\t\t\t\t<div class=\"elementor-element elementor-element-6ddbb21 elementor-widget elementor-widget-text-editor\" data-id=\"6ddbb21\" data-element_type=\"widget\" data-widget_type=\"text-editor.default\">\n\t\t\t\t<div class=\"elementor-widget-container\">\n\t\t\t\t\t\t\t\t\t<p>Simula Corporation et ses filiales (ci-apr\u00e8s &#8220;Simula&#8221;) reconnaissent et respectent la vie priv\u00e9e de nos visiteurs en ligne. Nous vous fournissons cette Politique de Confidentialit\u00e9 pour vous informer de nos pratiques en mati\u00e8re de collecte d&#8217;informations en ligne et des choix disponibles concernant la collecte et l&#8217;utilisation de vos informations. Cette politique s&#8217;applique \u00e0 toutes les informations collect\u00e9es sur le site Simulatechnology.com (\u00e0 l&#8217;exclusion du programme revendeur).<\/p><p>Pour chaque visiteur de notre site web, notre serveur reconna\u00eet et enregistre automatiquement l&#8217;adresse IP du visiteur afin de d\u00e9terminer quelles parties de notre site sont visit\u00e9es et combien de temps chaque visiteur y passe. Ces informations nous aident \u00e0 comprendre les habitudes de navigation et \u00e0 am\u00e9liorer la convivialit\u00e9 g\u00e9n\u00e9rale de notre site. Si nous ne demandons pas syst\u00e9matiquement des informations personnelles identifiables pour naviguer sur notre site, nous pouvons parfois vous demander de fournir des informations telles que votre adresse e-mail, votre nom, votre adresse postale, votre num\u00e9ro de t\u00e9l\u00e9phone, ou des identifiants persistants pour des activit\u00e9s comme des achats, des inscriptions ou des sondages.<\/p><p>Comme de nombreux sites web, nous pouvons utiliser des cookies pour collecter des informations sur la fa\u00e7on dont vous utilisez notre site et pour vous offrir une meilleure exp\u00e9rience. Vous pouvez configurer votre navigateur pour refuser ou effacer les cookies si vous le souhaitez.<\/p><p>Les informations que vous fournissez resteront confidentielles et seront utilis\u00e9es pour renforcer la relation client avec Simula. Si vous ne souhaitez pas recevoir de communications marketing, vous pouvez choisir de ne pas les recevoir \u00e0 tout moment.<\/p><p>Les sites li\u00e9s depuis\/vers notre site peuvent avoir des politiques diff\u00e9rentes, et nous vous encourageons \u00e0 les consulter.<\/p><p>Chez Simula, l&#8217;acc\u00e8s \u00e0 vos informations personnelles est limit\u00e9 aux personnes qui en ont besoin pour accomplir leur travail. Nous maintenons l&#8217;int\u00e9grit\u00e9 de vos informations personnelles et les stockons dans des endroits s\u00e9curis\u00e9s, s\u00e9par\u00e9s d&#8217;internet.<\/p><p>Simula peut \u00e9galement collecter des informations anonymes sur les visiteurs de notre site, telles que des hobbies ou des habitudes d&#8217;achat, pour am\u00e9liorer l&#8217;exp\u00e9rience utilisateur. Ces donn\u00e9es agr\u00e9g\u00e9es peuvent \u00eatre partag\u00e9es avec des annonceurs ou des partenaires commerciaux, mais ne contiendront pas d&#8217;informations personnelles identifiables.<\/p><p>Les termes de cette politique r\u00e9giront l&#8217;utilisation des informations collect\u00e9es tant qu&#8217;elle est en vigueur. Simula se r\u00e9serve le droit de modifier cette politique \u00e0 tout moment, et les changements prendront effet lorsqu&#8217;ils seront publi\u00e9s sur le site.<\/p>\t\t\t\t\t\t\t\t<\/div>\n\t\t\t\t<\/div>\n\t\t\t\t<div class=\"elementor-element elementor-element-d22a97f elementor-widget elementor-widget-spacer\" data-id=\"d22a97f\" data-element_type=\"widget\" data-widget_type=\"spacer.default\">\n\t\t\t\t<div class=\"elementor-widget-container\">\n\t\t\t\t\t\t\t<div class=\"elementor-spacer\">\n\t\t\t<div class=\"elementor-spacer-inner\"><\/div>\n\t\t<\/div>\n\t\t\t\t\t\t<\/div>\n\t\t\t\t<\/div>\n\t\t\t\t\t<\/div>\n\t\t<\/div>\n\t\t\t\t\t<\/div>\n\t\t<\/section>\n\t\t\t\t<\/div>\n\t\t","protected":false},"excerpt":{"rendered":"<p>Politique de confidentialit\u00e9 Simula Corporation et ses filiales (ci-apr\u00e8s &#8220;Simula&#8221;) reconnaissent et respectent la vie priv\u00e9e de nos visiteurs en ligne. Nous vous fournissons cette Politique de Confidentialit\u00e9 pour vous informer de nos pratiques en mati\u00e8re de collecte d&#8217;informations en ligne et des choix disponibles concernant la collecte et l&#8217;utilisation de vos informations. Cette politique [&hellip;]<\/p>\n","protected":false},"author":3,"featured_media":0,"parent":0,"menu_order":0,"comment_status":"closed","ping_status":"closed","template":"elementor_header_footer","meta":{"_acf_changed":false,"inline_featured_image":false,"site-sidebar-layout":"no-sidebar","site-content-layout":"page-builder","ast-site-content-layout":"full-width-container","site-content-style":"default","site-sidebar-style":"default","ast-global-header-display":"","ast-banner-title-visibility":"","ast-main-header-display":"","ast-hfb-above-header-display":"","ast-hfb-below-header-display":"","ast-hfb-mobile-header-display":"","site-post-title":"disabled","ast-breadcrumbs-content":"","ast-featured-img":"disabled","footer-sml-layout":"","ast-disable-related-posts":"","theme-transparent-header-meta":"default","adv-header-id-meta":"","stick-header-meta":"default","header-above-stick-meta":"","header-main-stick-meta":"","header-below-stick-meta":"","astra-migrate-meta-layouts":"set","ast-page-background-enabled":"default","ast-page-background-meta":{"desktop":{"background-color":"","background-image":"","background-repeat":"repeat","background-position":"center center","background-size":"auto","background-attachment":"scroll","background-type":"","background-media":"","overlay-type":"","overlay-color":"","overlay-opacity":"","overlay-gradient":""},"tablet":{"background-color":"","background-image":"","background-repeat":"repeat","background-position":"center center","background-size":"auto","background-attachment":"scroll","background-type":"","background-media":"","overlay-type":"","overlay-color":"","overlay-opacity":"","overlay-gradient":""},"mobile":{"background-color":"","background-image":"","background-repeat":"repeat","background-position":"center center","background-size":"auto","background-attachment":"scroll","background-type":"","background-media":"","overlay-type":"","overlay-color":"","overlay-opacity":"","overlay-gradient":""}},"ast-content-background-meta":{"desktop":{"background-color":"var(--ast-global-color-5)","background-image":"","background-repeat":"repeat","background-position":"center center","background-size":"auto","background-attachment":"scroll","background-type":"","background-media":"","overlay-type":"","overlay-color":"","overlay-opacity":"","overlay-gradient":""},"tablet":{"background-color":"var(--ast-global-color-5)","background-image":"","background-repeat":"repeat","background-position":"center center","background-size":"auto","background-attachment":"scroll","background-type":"","background-media":"","overlay-type":"","overlay-color":"","overlay-opacity":"","overlay-gradient":""},"mobile":{"background-color":"var(--ast-global-color-5)","background-image":"","background-repeat":"repeat","background-position":"center center","background-size":"auto","background-attachment":"scroll","background-type":"","background-media":"","overlay-type":"","overlay-color":"","overlay-opacity":"","overlay-gradient":""}},"footnotes":""},"class_list":["post-11474","page","type-page","status-publish","hentry"],"acf":[],"yoast_head":"<!-- This site is optimized with the Yoast SEO plugin v26.8 - https:\/\/yoast.com\/product\/yoast-seo-wordpress\/ -->\n<title>Privacy Policy Simula Technology Inc.<\/title>\n<meta name=\"description\" content=\"Politique de confidentialit\u00e9 mission is to lead the component manufacturing industry with deep technical know-how, relentless innovation through R&amp;D and exceptional customer service.\" \/>\n<meta name=\"robots\" content=\"index, follow, max-snippet:-1, max-image-preview:large, max-video-preview:-1\" \/>\n<link rel=\"canonical\" href=\"https:\/\/simulatechnology.com\/fr\/privacy-policy\/\" \/>\n<meta property=\"og:locale\" content=\"fr_FR\" \/>\n<meta property=\"og:type\" content=\"article\" \/>\n<meta property=\"og:title\" content=\"Privacy Policy Simula Technology Inc.\" \/>\n<meta property=\"og:description\" content=\"Politique de confidentialit\u00e9 mission is to lead the component manufacturing industry with deep technical know-how, relentless innovation through R&amp;D and exceptional customer service.\" \/>\n<meta property=\"og:url\" content=\"https:\/\/simulatechnology.com\/fr\/privacy-policy\/\" \/>\n<meta property=\"og:site_name\" content=\"Simula Technology Inc.\" \/>\n<meta property=\"article:modified_time\" content=\"2025-01-09T08:01:47+00:00\" \/>\n<meta name=\"twitter:card\" content=\"summary_large_image\" \/>\n<meta name=\"twitter:label1\" content=\"Est. reading time\" \/>\n\t<meta name=\"twitter:data1\" content=\"3 minutes\" \/>\n<script type=\"application\/ld+json\" class=\"yoast-schema-graph\">{\"@context\":\"https:\/\/schema.org\",\"@graph\":[{\"@type\":\"WebPage\",\"@id\":\"https:\/\/simulatechnology.com\/fr\/privacy-policy\/\",\"url\":\"https:\/\/simulatechnology.com\/fr\/privacy-policy\/\",\"name\":\"Privacy Policy Simula Technology Inc.\",\"isPartOf\":{\"@id\":\"https:\/\/simulatechnology.com\/fr\/#website\"},\"datePublished\":\"2022-01-25T07:16:19+00:00\",\"dateModified\":\"2025-01-09T08:01:47+00:00\",\"description\":\"Politique de confidentialit\u00e9 mission is to lead the component manufacturing industry with deep technical know-how, relentless innovation through R&D and exceptional customer service.\",\"breadcrumb\":{\"@id\":\"https:\/\/simulatechnology.com\/fr\/privacy-policy\/#breadcrumb\"},\"inLanguage\":\"fr-FR\",\"potentialAction\":[{\"@type\":\"ReadAction\",\"target\":[\"https:\/\/simulatechnology.com\/fr\/privacy-policy\/\"]}]},{\"@type\":\"BreadcrumbList\",\"@id\":\"https:\/\/simulatechnology.com\/fr\/privacy-policy\/#breadcrumb\",\"itemListElement\":[{\"@type\":\"ListItem\",\"position\":1,\"name\":\"Home\",\"item\":\"https:\/\/simulatechnology.com\/fr\/\"},{\"@type\":\"ListItem\",\"position\":2,\"name\":\"Politique de confidentialit\u00e9\"}]},{\"@type\":\"WebSite\",\"@id\":\"https:\/\/simulatechnology.com\/fr\/#website\",\"url\":\"https:\/\/simulatechnology.com\/fr\/\",\"name\":\"Simula Technology Inc.\",\"description\":\"\",\"publisher\":{\"@id\":\"https:\/\/simulatechnology.com\/fr\/#organization\"},\"potentialAction\":[{\"@type\":\"SearchAction\",\"target\":{\"@type\":\"EntryPoint\",\"urlTemplate\":\"https:\/\/simulatechnology.com\/fr\/?s={search_term_string}\"},\"query-input\":{\"@type\":\"PropertyValueSpecification\",\"valueRequired\":true,\"valueName\":\"search_term_string\"}}],\"inLanguage\":\"fr-FR\"},{\"@type\":\"Organization\",\"@id\":\"https:\/\/simulatechnology.com\/fr\/#organization\",\"name\":\"Simula Technology Inc.\",\"url\":\"https:\/\/simulatechnology.com\/fr\/\",\"logo\":{\"@type\":\"ImageObject\",\"inLanguage\":\"fr-FR\",\"@id\":\"https:\/\/simulatechnology.com\/fr\/#\/schema\/logo\/image\/\",\"url\":\"https:\/\/simulatechnology.com\/wp-content\/uploads\/600.png\",\"contentUrl\":\"https:\/\/simulatechnology.com\/wp-content\/uploads\/600.png\",\"width\":\"583\",\"height\":\"162\",\"caption\":\"Simula Technology Inc.\"},\"image\":{\"@id\":\"https:\/\/simulatechnology.com\/fr\/#\/schema\/logo\/image\/\"}}]}<\/script>\n<!-- \/ Yoast SEO plugin. -->","yoast_head_json":{"title":"Privacy Policy Simula Technology Inc.","description":"Politique de confidentialit\u00e9 mission is to lead the component manufacturing industry with deep technical know-how, relentless innovation through R&D and exceptional customer service.","robots":{"index":"index","follow":"follow","max-snippet":"max-snippet:-1","max-image-preview":"max-image-preview:large","max-video-preview":"max-video-preview:-1"},"canonical":"https:\/\/simulatechnology.com\/fr\/privacy-policy\/","og_locale":"fr_FR","og_type":"article","og_title":"Privacy Policy Simula Technology Inc.","og_description":"Politique de confidentialit\u00e9 mission is to lead the component manufacturing industry with deep technical know-how, relentless innovation through R&D and exceptional customer service.","og_url":"https:\/\/simulatechnology.com\/fr\/privacy-policy\/","og_site_name":"Simula Technology Inc.","article_modified_time":"2025-01-09T08:01:47+00:00","twitter_card":"summary_large_image","twitter_misc":{"Est. reading time":"3 minutes"},"schema":{"@context":"https:\/\/schema.org","@graph":[{"@type":"WebPage","@id":"https:\/\/simulatechnology.com\/fr\/privacy-policy\/","url":"https:\/\/simulatechnology.com\/fr\/privacy-policy\/","name":"Privacy Policy Simula Technology Inc.","isPartOf":{"@id":"https:\/\/simulatechnology.com\/fr\/#website"},"datePublished":"2022-01-25T07:16:19+00:00","dateModified":"2025-01-09T08:01:47+00:00","description":"Politique de confidentialit\u00e9 mission is to lead the component manufacturing industry with deep technical know-how, relentless innovation through R&D and exceptional customer service.","breadcrumb":{"@id":"https:\/\/simulatechnology.com\/fr\/privacy-policy\/#breadcrumb"},"inLanguage":"fr-FR","potentialAction":[{"@type":"ReadAction","target":["https:\/\/simulatechnology.com\/fr\/privacy-policy\/"]}]},{"@type":"BreadcrumbList","@id":"https:\/\/simulatechnology.com\/fr\/privacy-policy\/#breadcrumb","itemListElement":[{"@type":"ListItem","position":1,"name":"Home","item":"https:\/\/simulatechnology.com\/fr\/"},{"@type":"ListItem","position":2,"name":"Politique de confidentialit\u00e9"}]},{"@type":"WebSite","@id":"https:\/\/simulatechnology.com\/fr\/#website","url":"https:\/\/simulatechnology.com\/fr\/","name":"Simula Technology Inc.","description":"","publisher":{"@id":"https:\/\/simulatechnology.com\/fr\/#organization"},"potentialAction":[{"@type":"SearchAction","target":{"@type":"EntryPoint","urlTemplate":"https:\/\/simulatechnology.com\/fr\/?s={search_term_string}"},"query-input":{"@type":"PropertyValueSpecification","valueRequired":true,"valueName":"search_term_string"}}],"inLanguage":"fr-FR"},{"@type":"Organization","@id":"https:\/\/simulatechnology.com\/fr\/#organization","name":"Simula Technology Inc.","url":"https:\/\/simulatechnology.com\/fr\/","logo":{"@type":"ImageObject","inLanguage":"fr-FR","@id":"https:\/\/simulatechnology.com\/fr\/#\/schema\/logo\/image\/","url":"https:\/\/simulatechnology.com\/wp-content\/uploads\/600.png","contentUrl":"https:\/\/simulatechnology.com\/wp-content\/uploads\/600.png","width":"583","height":"162","caption":"Simula Technology Inc."},"image":{"@id":"https:\/\/simulatechnology.com\/fr\/#\/schema\/logo\/image\/"}}]}},"_links":{"self":[{"href":"https:\/\/simulatechnology.com\/fr\/wp-json\/wp\/v2\/pages\/11474","targetHints":{"allow":["GET"]}}],"collection":[{"href":"https:\/\/simulatechnology.com\/fr\/wp-json\/wp\/v2\/pages"}],"about":[{"href":"https:\/\/simulatechnology.com\/fr\/wp-json\/wp\/v2\/types\/page"}],"author":[{"embeddable":true,"href":"https:\/\/simulatechnology.com\/fr\/wp-json\/wp\/v2\/users\/3"}],"replies":[{"embeddable":true,"href":"https:\/\/simulatechnology.com\/fr\/wp-json\/wp\/v2\/comments?post=11474"}],"version-history":[{"count":8,"href":"https:\/\/simulatechnology.com\/fr\/wp-json\/wp\/v2\/pages\/11474\/revisions"}],"predecessor-version":[{"id":12537,"href":"https:\/\/simulatechnology.com\/fr\/wp-json\/wp\/v2\/pages\/11474\/revisions\/12537"}],"wp:attachment":[{"href":"https:\/\/simulatechnology.com\/fr\/wp-json\/wp\/v2\/media?parent=11474"}],"curies":[{"name":"wp","href":"https:\/\/api.w.org\/{rel}","templated":true}]}}