{"id":11465,"date":"2021-02-03T11:06:20","date_gmt":"2021-02-03T03:06:20","guid":{"rendered":"https:\/\/simulatechnology.com\/stakeholder-engagement-page\/"},"modified":"2025-01-09T16:02:52","modified_gmt":"2025-01-09T08:02:52","slug":"stakeholder-engagement-page","status":"publish","type":"page","link":"https:\/\/simulatechnology.com\/fr\/stakeholder-engagement-page\/","title":{"rendered":"Engagement des parties prenantes"},"content":{"rendered":"\t\t<div data-elementor-type=\"wp-page\" data-elementor-id=\"11465\" class=\"elementor elementor-11465 elementor-5189\" data-elementor-post-type=\"page\">\n\t\t\t\t\t\t<section class=\"elementor-section elementor-top-section elementor-element elementor-element-804690a elementor-section-boxed elementor-section-height-default elementor-section-height-default\" data-id=\"804690a\" data-element_type=\"section\" data-settings=\"{&quot;background_background&quot;:&quot;classic&quot;}\">\n\t\t\t\t\t\t<div class=\"elementor-container elementor-column-gap-default\">\n\t\t\t\t\t<div class=\"elementor-column elementor-col-100 elementor-top-column elementor-element elementor-element-4558718\" data-id=\"4558718\" data-element_type=\"column\">\n\t\t\t<div class=\"elementor-widget-wrap elementor-element-populated\">\n\t\t\t\t\t\t<div class=\"elementor-element elementor-element-8aa4469 elementor-widget elementor-widget-ee-breadcrumbs\" data-id=\"8aa4469\" data-element_type=\"widget\" data-widget_type=\"ee-breadcrumbs.default\">\n\t\t\t\t<div class=\"elementor-widget-container\">\n\t\t\t\t\t<ul class=\"ee-breadcrumbs\" itemscope=\"\" itemtype=\"http:\/\/schema.org\/BreadcrumbList\"><\/ul>\t\t\t\t<\/div>\n\t\t\t\t<\/div>\n\t\t\t\t\t<\/div>\n\t\t<\/div>\n\t\t\t\t\t<\/div>\n\t\t<\/section>\n\t\t\t\t<section class=\"elementor-section elementor-top-section elementor-element elementor-element-6678eb7 elementor-section-full_width elementor-section-height-default elementor-section-height-default\" data-id=\"6678eb7\" data-element_type=\"section\">\n\t\t\t\t\t\t<div class=\"elementor-container elementor-column-gap-no\">\n\t\t\t\t\t<div class=\"elementor-column elementor-col-100 elementor-top-column elementor-element elementor-element-78af4c9\" data-id=\"78af4c9\" data-element_type=\"column\">\n\t\t\t<div class=\"elementor-widget-wrap elementor-element-populated\">\n\t\t\t\t\t\t<div class=\"elementor-element elementor-element-93b1991 cust_slider_attr product_heading elementor--h-position-center elementor--v-position-middle elementor-pagination-position-inside elementor-widget elementor-widget-slides\" data-id=\"93b1991\" data-element_type=\"widget\" data-settings=\"{&quot;navigation&quot;:&quot;dots&quot;,&quot;autoplay&quot;:&quot;yes&quot;,&quot;pause_on_hover&quot;:&quot;yes&quot;,&quot;pause_on_interaction&quot;:&quot;yes&quot;,&quot;autoplay_speed&quot;:5000,&quot;infinite&quot;:&quot;yes&quot;,&quot;transition&quot;:&quot;slide&quot;,&quot;transition_speed&quot;:500}\" data-widget_type=\"slides.default\">\n\t\t\t\t<div class=\"elementor-widget-container\">\n\t\t\t\t\t\t\t\t\t<div class=\"elementor-swiper\">\n\t\t\t\t\t<div class=\"elementor-slides-wrapper elementor-main-swiper swiper\" role=\"region\" aria-roledescription=\"carousel\" aria-label=\"Slides\" dir=\"ltr\" data-animation=\"fadeInUp\">\n\t\t\t\t<div class=\"swiper-wrapper elementor-slides\">\n\t\t\t\t\t\t\t\t\t\t<div class=\"elementor-repeater-item-e9dc82e swiper-slide\" role=\"group\" aria-roledescription=\"slide\"><div class=\"swiper-slide-bg\" role=\"img\" aria-label=\"investor-mobile\"><\/div><div class=\"swiper-slide-inner\" ><div class=\"swiper-slide-contents\"><div class=\"elementor-slide-heading\">Investisseur<\/div><\/div><\/div><\/div>\t\t\t\t<\/div>\n\t\t\t\t\t\t\t<\/div>\n\t\t\t\t<\/div>\n\t\t\t\t\t\t\t\t<\/div>\n\t\t\t\t<\/div>\n\t\t\t\t\t<\/div>\n\t\t<\/div>\n\t\t\t\t\t<\/div>\n\t\t<\/section>\n\t\t\t\t<section class=\"elementor-section elementor-top-section elementor-element elementor-element-02714b5 elementor-section-full_width elementor-section-height-default elementor-section-height-default\" data-id=\"02714b5\" data-element_type=\"section\">\n\t\t\t\t\t\t<div class=\"elementor-container elementor-column-gap-no\">\n\t\t\t\t\t<div class=\"elementor-column elementor-col-100 elementor-top-column elementor-element elementor-element-dabb316\" data-id=\"dabb316\" data-element_type=\"column\">\n\t\t\t<div class=\"elementor-widget-wrap elementor-element-populated\">\n\t\t\t\t\t\t<div class=\"elementor-element elementor-element-c6d1003 elementor-widget elementor-widget-spacer\" data-id=\"c6d1003\" data-element_type=\"widget\" data-widget_type=\"spacer.default\">\n\t\t\t\t<div class=\"elementor-widget-container\">\n\t\t\t\t\t\t\t<div class=\"elementor-spacer\">\n\t\t\t<div class=\"elementor-spacer-inner\"><\/div>\n\t\t<\/div>\n\t\t\t\t\t\t<\/div>\n\t\t\t\t<\/div>\n\t\t\t\t<section class=\"elementor-section elementor-inner-section elementor-element elementor-element-1ca3208 elementor-section-boxed elementor-section-height-default elementor-section-height-default\" data-id=\"1ca3208\" data-element_type=\"section\">\n\t\t\t\t\t\t<div class=\"elementor-container elementor-column-gap-default\">\n\t\t\t\t\t<div class=\"elementor-column elementor-col-100 elementor-inner-column elementor-element elementor-element-cc6ab18\" data-id=\"cc6ab18\" data-element_type=\"column\">\n\t\t\t<div class=\"elementor-widget-wrap elementor-element-populated\">\n\t\t\t\t\t\t<div class=\"elementor-element elementor-element-6f83b9a elementor-widget elementor-widget-heading\" data-id=\"6f83b9a\" data-element_type=\"widget\" data-widget_type=\"heading.default\">\n\t\t\t\t<div class=\"elementor-widget-container\">\n\t\t\t\t\t<h2 class=\"elementor-heading-title elementor-size-default\"><p><b><span style=\"font-size:20.0pt;,serif\">Section des parties prenantes<\/span><\/b><span style=\"font-family: var( --e-global-typography-primary-font-family ), Sans-serif;font-size: 2rem;font-weight: var( --e-global-typography-primary-font-weight );text-transform: inherit\"><\/span><\/p><\/h2>\t\t\t\t<\/div>\n\t\t\t\t<\/div>\n\t\t\t\t<div class=\"elementor-element elementor-element-b799b0a elementor-widget elementor-widget-text-editor\" data-id=\"b799b0a\" data-element_type=\"widget\" data-widget_type=\"text-editor.default\">\n\t\t\t\t<div class=\"elementor-widget-container\">\n\t\t\t\t\t\t\t\t\t<p class=\"MsoNormal\">\u00a0 \u00a0 \u00a0 \u00a0 Notre soci\u00e9t\u00e9 identifie les principales parties prenantes en fonction de la nature de l&#8217;industrie, notamment les actionnaires, les employ\u00e9s, les clients et les fournisseurs. Tout en recherchant la rentabilit\u00e9 et la durabilit\u00e9, nous accordons une grande importance aux droits des parties prenantes. Gr\u00e2ce \u00e0 une plateforme de communication d\u00e9di\u00e9e, nous comprenons leurs attentes. Fid\u00e8les au principe d&#8217;int\u00e9grit\u00e9, nous g\u00e9rons, r\u00e9pondons ou am\u00e9liorons activement les situations pour \u00e9tablir des canaux de communication solides avec nos parties prenantes.<\/p>\t\t\t\t\t\t\t\t<\/div>\n\t\t\t\t<\/div>\n\t\t\t\t<div class=\"elementor-element elementor-element-a6d106b elementor-widget elementor-widget-heading\" data-id=\"a6d106b\" data-element_type=\"widget\" data-widget_type=\"heading.default\">\n\t\t\t\t<div class=\"elementor-widget-container\">\n\t\t\t\t\t<h2 class=\"elementor-heading-title elementor-size-default\"><b><span style=\"font-size:16.0pt;,sans-serif\">Questions d'int\u00e9r\u00eat, canaux de communication et modes de r\u00e9ponse pour les parties prenantes<\/span><\/b><\/h2>\t\t\t\t<\/div>\n\t\t\t\t<\/div>\n\t\t\t\t<div class=\"elementor-element elementor-element-011a482 elementor-widget elementor-widget-image\" data-id=\"011a482\" data-element_type=\"widget\" data-widget_type=\"image.default\">\n\t\t\t\t<div class=\"elementor-widget-container\">\n\t\t\t\t\t\t\t\t\t\t\t\t\t\t\t<img fetchpriority=\"high\" decoding=\"async\" width=\"2545\" height=\"2560\" src=\"https:\/\/simulatechnology.com\/wp-content\/uploads\/\u5de5\u4f5c\u5340\u57df-10202-scaled.jpg\" class=\"attachment-large size-large wp-image-11466\" alt=\"\" \/>\t\t\t\t\t\t\t\t\t\t\t\t\t\t\t<\/div>\n\t\t\t\t<\/div>\n\t\t\t\t<div class=\"elementor-element elementor-element-bc81a85 elementor-widget elementor-widget-spacer\" data-id=\"bc81a85\" data-element_type=\"widget\" data-widget_type=\"spacer.default\">\n\t\t\t\t<div class=\"elementor-widget-container\">\n\t\t\t\t\t\t\t<div class=\"elementor-spacer\">\n\t\t\t<div class=\"elementor-spacer-inner\"><\/div>\n\t\t<\/div>\n\t\t\t\t\t\t<\/div>\n\t\t\t\t<\/div>\n\t\t\t\t\t<\/div>\n\t\t<\/div>\n\t\t\t\t\t<\/div>\n\t\t<\/section>\n\t\t\t\t\t<\/div>\n\t\t<\/div>\n\t\t\t\t\t<\/div>\n\t\t<\/section>\n\t\t\t\t<\/div>\n\t\t","protected":false},"excerpt":{"rendered":"<p>Investisseur Section des parties prenantes Notre soci\u00e9t\u00e9 identifie les principales parties prenantes en fonction de la nature de l&#8217;industrie, notamment les actionnaires, les employ\u00e9s, les clients et les fournisseurs. Tout en recherchant la rentabilit\u00e9 et la durabilit\u00e9, nous accordons une grande importance aux droits des parties prenantes. Gr\u00e2ce \u00e0 une plateforme de communication d\u00e9di\u00e9e, nous [&hellip;]<\/p>\n","protected":false},"author":3,"featured_media":0,"parent":0,"menu_order":0,"comment_status":"closed","ping_status":"closed","template":"","meta":{"_acf_changed":false,"inline_featured_image":false,"site-sidebar-layout":"no-sidebar","site-content-layout":"page-builder","ast-site-content-layout":"full-width-container","site-content-style":"default","site-sidebar-style":"default","ast-global-header-display":"","ast-banner-title-visibility":"","ast-main-header-display":"","ast-hfb-above-header-display":"","ast-hfb-below-header-display":"","ast-hfb-mobile-header-display":"","site-post-title":"disabled","ast-breadcrumbs-content":"","ast-featured-img":"disabled","footer-sml-layout":"","ast-disable-related-posts":"","theme-transparent-header-meta":"default","adv-header-id-meta":"","stick-header-meta":"default","header-above-stick-meta":"","header-main-stick-meta":"","header-below-stick-meta":"","astra-migrate-meta-layouts":"set","ast-page-background-enabled":"default","ast-page-background-meta":{"desktop":{"background-color":"","background-image":"","background-repeat":"repeat","background-position":"center center","background-size":"auto","background-attachment":"scroll","background-type":"","background-media":"","overlay-type":"","overlay-color":"","overlay-opacity":"","overlay-gradient":""},"tablet":{"background-color":"","background-image":"","background-repeat":"repeat","background-position":"center center","background-size":"auto","background-attachment":"scroll","background-type":"","background-media":"","overlay-type":"","overlay-color":"","overlay-opacity":"","overlay-gradient":""},"mobile":{"background-color":"","background-image":"","background-repeat":"repeat","background-position":"center center","background-size":"auto","background-attachment":"scroll","background-type":"","background-media":"","overlay-type":"","overlay-color":"","overlay-opacity":"","overlay-gradient":""}},"ast-content-background-meta":{"desktop":{"background-color":"var(--ast-global-color-5)","background-image":"","background-repeat":"repeat","background-position":"center center","background-size":"auto","background-attachment":"scroll","background-type":"","background-media":"","overlay-type":"","overlay-color":"","overlay-opacity":"","overlay-gradient":""},"tablet":{"background-color":"var(--ast-global-color-5)","background-image":"","background-repeat":"repeat","background-position":"center center","background-size":"auto","background-attachment":"scroll","background-type":"","background-media":"","overlay-type":"","overlay-color":"","overlay-opacity":"","overlay-gradient":""},"mobile":{"background-color":"var(--ast-global-color-5)","background-image":"","background-repeat":"repeat","background-position":"center center","background-size":"auto","background-attachment":"scroll","background-type":"","background-media":"","overlay-type":"","overlay-color":"","overlay-opacity":"","overlay-gradient":""}},"footnotes":""},"class_list":["post-11465","page","type-page","status-publish","hentry"],"acf":[],"yoast_head":"<!-- This site is optimized with the Yoast SEO plugin v26.8 - https:\/\/yoast.com\/product\/yoast-seo-wordpress\/ -->\n<title>Engagement des parties prenantes - Simula Technology Inc.<\/title>\n<meta name=\"robots\" content=\"index, follow, max-snippet:-1, max-image-preview:large, max-video-preview:-1\" \/>\n<link rel=\"canonical\" href=\"https:\/\/simulatechnology.com\/fr\/stakeholder-engagement-page\/\" \/>\n<meta property=\"og:locale\" content=\"fr_FR\" \/>\n<meta property=\"og:type\" content=\"article\" \/>\n<meta property=\"og:title\" content=\"Engagement des parties prenantes - Simula Technology Inc.\" \/>\n<meta property=\"og:description\" content=\"Investisseur Section des parties prenantes Notre soci\u00e9t\u00e9 identifie les principales parties prenantes en fonction de la nature de l&#8217;industrie, notamment les actionnaires, les employ\u00e9s, les clients et les fournisseurs. Tout en recherchant la rentabilit\u00e9 et la durabilit\u00e9, nous accordons une grande importance aux droits des parties prenantes. Gr\u00e2ce \u00e0 une plateforme de communication d\u00e9di\u00e9e, nous [&hellip;]\" \/>\n<meta property=\"og:url\" content=\"https:\/\/simulatechnology.com\/fr\/stakeholder-engagement-page\/\" \/>\n<meta property=\"og:site_name\" content=\"Simula Technology Inc.\" \/>\n<meta property=\"article:modified_time\" content=\"2025-01-09T08:02:52+00:00\" \/>\n<meta name=\"twitter:card\" content=\"summary_large_image\" \/>\n<meta name=\"twitter:label1\" content=\"Est. reading time\" \/>\n\t<meta name=\"twitter:data1\" content=\"1 minute\" \/>\n<script type=\"application\/ld+json\" class=\"yoast-schema-graph\">{\"@context\":\"https:\/\/schema.org\",\"@graph\":[{\"@type\":\"WebPage\",\"@id\":\"https:\/\/simulatechnology.com\/fr\/stakeholder-engagement-page\/\",\"url\":\"https:\/\/simulatechnology.com\/fr\/stakeholder-engagement-page\/\",\"name\":\"Engagement des parties prenantes - Simula Technology Inc.\",\"isPartOf\":{\"@id\":\"https:\/\/simulatechnology.com\/fr\/#website\"},\"datePublished\":\"2021-02-03T03:06:20+00:00\",\"dateModified\":\"2025-01-09T08:02:52+00:00\",\"breadcrumb\":{\"@id\":\"https:\/\/simulatechnology.com\/fr\/stakeholder-engagement-page\/#breadcrumb\"},\"inLanguage\":\"fr-FR\",\"potentialAction\":[{\"@type\":\"ReadAction\",\"target\":[\"https:\/\/simulatechnology.com\/fr\/stakeholder-engagement-page\/\"]}]},{\"@type\":\"BreadcrumbList\",\"@id\":\"https:\/\/simulatechnology.com\/fr\/stakeholder-engagement-page\/#breadcrumb\",\"itemListElement\":[{\"@type\":\"ListItem\",\"position\":1,\"name\":\"Home\",\"item\":\"https:\/\/simulatechnology.com\/fr\/\"},{\"@type\":\"ListItem\",\"position\":2,\"name\":\"Engagement des parties prenantes\"}]},{\"@type\":\"WebSite\",\"@id\":\"https:\/\/simulatechnology.com\/fr\/#website\",\"url\":\"https:\/\/simulatechnology.com\/fr\/\",\"name\":\"Simula Technology Inc.\",\"description\":\"\",\"publisher\":{\"@id\":\"https:\/\/simulatechnology.com\/fr\/#organization\"},\"potentialAction\":[{\"@type\":\"SearchAction\",\"target\":{\"@type\":\"EntryPoint\",\"urlTemplate\":\"https:\/\/simulatechnology.com\/fr\/?s={search_term_string}\"},\"query-input\":{\"@type\":\"PropertyValueSpecification\",\"valueRequired\":true,\"valueName\":\"search_term_string\"}}],\"inLanguage\":\"fr-FR\"},{\"@type\":\"Organization\",\"@id\":\"https:\/\/simulatechnology.com\/fr\/#organization\",\"name\":\"Simula Technology Inc.\",\"url\":\"https:\/\/simulatechnology.com\/fr\/\",\"logo\":{\"@type\":\"ImageObject\",\"inLanguage\":\"fr-FR\",\"@id\":\"https:\/\/simulatechnology.com\/fr\/#\/schema\/logo\/image\/\",\"url\":\"https:\/\/simulatechnology.com\/wp-content\/uploads\/600.png\",\"contentUrl\":\"https:\/\/simulatechnology.com\/wp-content\/uploads\/600.png\",\"width\":\"583\",\"height\":\"162\",\"caption\":\"Simula Technology Inc.\"},\"image\":{\"@id\":\"https:\/\/simulatechnology.com\/fr\/#\/schema\/logo\/image\/\"}}]}<\/script>\n<!-- \/ Yoast SEO plugin. -->","yoast_head_json":{"title":"Engagement des parties prenantes - Simula Technology Inc.","robots":{"index":"index","follow":"follow","max-snippet":"max-snippet:-1","max-image-preview":"max-image-preview:large","max-video-preview":"max-video-preview:-1"},"canonical":"https:\/\/simulatechnology.com\/fr\/stakeholder-engagement-page\/","og_locale":"fr_FR","og_type":"article","og_title":"Engagement des parties prenantes - Simula Technology Inc.","og_description":"Investisseur Section des parties prenantes Notre soci\u00e9t\u00e9 identifie les principales parties prenantes en fonction de la nature de l&#8217;industrie, notamment les actionnaires, les employ\u00e9s, les clients et les fournisseurs. Tout en recherchant la rentabilit\u00e9 et la durabilit\u00e9, nous accordons une grande importance aux droits des parties prenantes. Gr\u00e2ce \u00e0 une plateforme de communication d\u00e9di\u00e9e, nous [&hellip;]","og_url":"https:\/\/simulatechnology.com\/fr\/stakeholder-engagement-page\/","og_site_name":"Simula Technology Inc.","article_modified_time":"2025-01-09T08:02:52+00:00","twitter_card":"summary_large_image","twitter_misc":{"Est. reading time":"1 minute"},"schema":{"@context":"https:\/\/schema.org","@graph":[{"@type":"WebPage","@id":"https:\/\/simulatechnology.com\/fr\/stakeholder-engagement-page\/","url":"https:\/\/simulatechnology.com\/fr\/stakeholder-engagement-page\/","name":"Engagement des parties prenantes - Simula Technology Inc.","isPartOf":{"@id":"https:\/\/simulatechnology.com\/fr\/#website"},"datePublished":"2021-02-03T03:06:20+00:00","dateModified":"2025-01-09T08:02:52+00:00","breadcrumb":{"@id":"https:\/\/simulatechnology.com\/fr\/stakeholder-engagement-page\/#breadcrumb"},"inLanguage":"fr-FR","potentialAction":[{"@type":"ReadAction","target":["https:\/\/simulatechnology.com\/fr\/stakeholder-engagement-page\/"]}]},{"@type":"BreadcrumbList","@id":"https:\/\/simulatechnology.com\/fr\/stakeholder-engagement-page\/#breadcrumb","itemListElement":[{"@type":"ListItem","position":1,"name":"Home","item":"https:\/\/simulatechnology.com\/fr\/"},{"@type":"ListItem","position":2,"name":"Engagement des parties prenantes"}]},{"@type":"WebSite","@id":"https:\/\/simulatechnology.com\/fr\/#website","url":"https:\/\/simulatechnology.com\/fr\/","name":"Simula Technology Inc.","description":"","publisher":{"@id":"https:\/\/simulatechnology.com\/fr\/#organization"},"potentialAction":[{"@type":"SearchAction","target":{"@type":"EntryPoint","urlTemplate":"https:\/\/simulatechnology.com\/fr\/?s={search_term_string}"},"query-input":{"@type":"PropertyValueSpecification","valueRequired":true,"valueName":"search_term_string"}}],"inLanguage":"fr-FR"},{"@type":"Organization","@id":"https:\/\/simulatechnology.com\/fr\/#organization","name":"Simula Technology Inc.","url":"https:\/\/simulatechnology.com\/fr\/","logo":{"@type":"ImageObject","inLanguage":"fr-FR","@id":"https:\/\/simulatechnology.com\/fr\/#\/schema\/logo\/image\/","url":"https:\/\/simulatechnology.com\/wp-content\/uploads\/600.png","contentUrl":"https:\/\/simulatechnology.com\/wp-content\/uploads\/600.png","width":"583","height":"162","caption":"Simula Technology Inc."},"image":{"@id":"https:\/\/simulatechnology.com\/fr\/#\/schema\/logo\/image\/"}}]}},"_links":{"self":[{"href":"https:\/\/simulatechnology.com\/fr\/wp-json\/wp\/v2\/pages\/11465","targetHints":{"allow":["GET"]}}],"collection":[{"href":"https:\/\/simulatechnology.com\/fr\/wp-json\/wp\/v2\/pages"}],"about":[{"href":"https:\/\/simulatechnology.com\/fr\/wp-json\/wp\/v2\/types\/page"}],"author":[{"embeddable":true,"href":"https:\/\/simulatechnology.com\/fr\/wp-json\/wp\/v2\/users\/3"}],"replies":[{"embeddable":true,"href":"https:\/\/simulatechnology.com\/fr\/wp-json\/wp\/v2\/comments?post=11465"}],"version-history":[{"count":8,"href":"https:\/\/simulatechnology.com\/fr\/wp-json\/wp\/v2\/pages\/11465\/revisions"}],"predecessor-version":[{"id":12541,"href":"https:\/\/simulatechnology.com\/fr\/wp-json\/wp\/v2\/pages\/11465\/revisions\/12541"}],"wp:attachment":[{"href":"https:\/\/simulatechnology.com\/fr\/wp-json\/wp\/v2\/media?parent=11465"}],"curies":[{"name":"wp","href":"https:\/\/api.w.org\/{rel}","templated":true}]}}