{"id":9531,"date":"2023-09-12T16:07:19","date_gmt":"2023-09-12T08:07:19","guid":{"rendered":"https:\/\/simulatechnology.com\/taa_compliance_statement_of_usb4_cable\/"},"modified":"2024-12-30T10:52:52","modified_gmt":"2024-12-30T02:52:52","slug":"taa_compliance_statement_of_usb4_cable","status":"publish","type":"page","link":"https:\/\/simulatechnology.com\/de\/taa_compliance_statement_of_usb4_cable\/","title":{"rendered":"TAA-Konformit\u00e4tserkl\u00e4rung f\u00fcr USB4-Kabel"},"content":{"rendered":"\t\t<div data-elementor-type=\"wp-page\" data-elementor-id=\"9531\" class=\"elementor elementor-9531 elementor-6800\" data-elementor-post-type=\"page\">\n\t\t\t\t<div class=\"elementor-element elementor-element-3cb1b2d e-flex e-con-boxed e-con e-parent\" data-id=\"3cb1b2d\" data-element_type=\"container\">\n\t\t\t\t\t<div class=\"e-con-inner\">\n\t\t\t\t<div class=\"elementor-element elementor-element-0af82ac elementor-widget elementor-widget-heading\" data-id=\"0af82ac\" data-element_type=\"widget\" data-widget_type=\"heading.default\">\n\t\t\t\t<div class=\"elementor-widget-container\">\n\t\t\t\t\t<h2 class=\"elementor-heading-title elementor-size-default\">TAA-konform<\/h2>\t\t\t\t<\/div>\n\t\t\t\t<\/div>\n\t\t\t\t\t<\/div>\n\t\t\t\t<\/div>\n\t\t<div class=\"elementor-element elementor-element-099ef39 e-flex e-con-boxed e-con e-parent\" data-id=\"099ef39\" data-element_type=\"container\">\n\t\t\t\t\t<div class=\"e-con-inner\">\n\t\t\t\t<div class=\"elementor-element elementor-element-eb7c469 elementor-widget elementor-widget-image\" data-id=\"eb7c469\" data-element_type=\"widget\" data-widget_type=\"image.default\">\n\t\t\t\t<div class=\"elementor-widget-container\">\n\t\t\t\t\t\t\t\t\t\t\t\t\t\t\t<img fetchpriority=\"high\" decoding=\"async\" width=\"1855\" height=\"567\" src=\"https:\/\/simulatechnology.com\/wp-content\/uploads\/simula-usb4-TAA-.png\" class=\"attachment-large size-large wp-image-11451\" alt=\"\" \/>\t\t\t\t\t\t\t\t\t\t\t\t\t\t\t<\/div>\n\t\t\t\t<\/div>\n\t\t\t\t\t<\/div>\n\t\t\t\t<\/div>\n\t\t<div class=\"elementor-element elementor-element-aab2e6a e-flex e-con-boxed e-con e-parent\" data-id=\"aab2e6a\" data-element_type=\"container\">\n\t\t\t\t\t<div class=\"e-con-inner\">\n\t\t\t\t<div class=\"elementor-element elementor-element-be76443 elementor-widget elementor-widget-heading\" data-id=\"be76443\" data-element_type=\"widget\" data-widget_type=\"heading.default\">\n\t\t\t\t<div class=\"elementor-widget-container\">\n\t\t\t\t\t<h2 class=\"elementor-heading-title elementor-size-default\">Was ist TAA?<\/h2>\t\t\t\t<\/div>\n\t\t\t\t<\/div>\n\t\t\t\t\t<\/div>\n\t\t\t\t<\/div>\n\t\t<div class=\"elementor-element elementor-element-cf38ccb e-flex e-con-boxed e-con e-parent\" data-id=\"cf38ccb\" data-element_type=\"container\">\n\t\t\t\t\t<div class=\"e-con-inner\">\n\t\t\t\t<div class=\"elementor-element elementor-element-b1b0f1c elementor-widget elementor-widget-text-editor\" data-id=\"b1b0f1c\" data-element_type=\"widget\" data-widget_type=\"text-editor.default\">\n\t\t\t\t<div class=\"elementor-widget-container\">\n\t\t\t\t\t\t\t\t\t<p>TAA bezieht sich auf das Trade Agreement Act (Handelsabkommen-Gesetz, 19 U.S.C. \u00a7\u00a72501-2581), das darauf abzielt, fairen und offenen internationalen Handel zu f\u00f6rdern. Es verlangt, dass die US-Regierung Produkte aus L\u00e4ndern kauft, die fairen und offenen internationalen Handel unterst\u00fctzen. Die Auftragnehmer m\u00fcssen nachweisen, dass ihr Endprodukt die Standardanforderungen erf\u00fcllt. Der Produktionsstandort muss ebenfalls mit der L\u00e4nderliste des TAA-Gesetzes \u00fcbereinstimmen.<\/p>\t\t\t\t\t\t\t\t<\/div>\n\t\t\t\t<\/div>\n\t\t\t\t\t<\/div>\n\t\t\t\t<\/div>\n\t\t<div class=\"elementor-element elementor-element-a6b9528 e-flex e-con-boxed e-con e-parent\" data-id=\"a6b9528\" data-element_type=\"container\">\n\t\t\t\t\t<div class=\"e-con-inner\">\n\t\t\t\t<div class=\"elementor-element elementor-element-17bcb41 elementor-widget elementor-widget-heading\" data-id=\"17bcb41\" data-element_type=\"widget\" data-widget_type=\"heading.default\">\n\t\t\t\t<div class=\"elementor-widget-container\">\n\t\t\t\t\t<h2 class=\"elementor-heading-title elementor-size-default\">TAA-Konformit\u00e4tserkl\u00e4rung f\u00fcr USB4-Kabel<\/h2>\t\t\t\t<\/div>\n\t\t\t\t<\/div>\n\t\t\t\t\t<\/div>\n\t\t\t\t<\/div>\n\t\t<div class=\"elementor-element elementor-element-adba988 e-flex e-con-boxed e-con e-parent\" data-id=\"adba988\" data-element_type=\"container\">\n\t\t\t\t\t<div class=\"e-con-inner\">\n\t\t\t\t<div class=\"elementor-element elementor-element-5819d71 elementor-widget elementor-widget-image\" data-id=\"5819d71\" data-element_type=\"widget\" data-widget_type=\"image.default\">\n\t\t\t\t<div class=\"elementor-widget-container\">\n\t\t\t\t\t\t\t\t\t\t\t\t\t\t\t<img decoding=\"async\" width=\"1834\" height=\"502\" src=\"https:\/\/simulatechnology.com\/wp-content\/uploads\/\u87a2\u5e55\u64f7\u53d6\u756b\u9762-2023-09-14-100638-1.png\" class=\"attachment-large size-large wp-image-11450\" alt=\"\" \/>\t\t\t\t\t\t\t\t\t\t\t\t\t\t\t<\/div>\n\t\t\t\t<\/div>\n\t\t\t\t\t<\/div>\n\t\t\t\t<\/div>\n\t\t\t\t<\/div>\n\t\t","protected":false},"excerpt":{"rendered":"<p>TAA-konform Was ist TAA? TAA bezieht sich auf das Trade Agreement Act (Handelsabkommen-Gesetz, 19 U.S.C. \u00a7\u00a72501-2581), das darauf abzielt, fairen und offenen internationalen Handel zu f\u00f6rdern. Es verlangt, dass die US-Regierung Produkte aus L\u00e4ndern kauft, die fairen und offenen internationalen Handel unterst\u00fctzen. Die Auftragnehmer m\u00fcssen nachweisen, dass ihr Endprodukt die Standardanforderungen erf\u00fcllt. Der Produktionsstandort muss [&hellip;]<\/p>\n","protected":false},"author":17,"featured_media":0,"parent":0,"menu_order":0,"comment_status":"closed","ping_status":"closed","template":"","meta":{"_acf_changed":false,"inline_featured_image":false,"site-sidebar-layout":"no-sidebar","site-content-layout":"page-builder","ast-site-content-layout":"full-width-container","site-content-style":"unboxed","site-sidebar-style":"unboxed","ast-global-header-display":"","ast-banner-title-visibility":"","ast-main-header-display":"","ast-hfb-above-header-display":"","ast-hfb-below-header-display":"","ast-hfb-mobile-header-display":"","site-post-title":"disabled","ast-breadcrumbs-content":"","ast-featured-img":"disabled","footer-sml-layout":"","ast-disable-related-posts":"","theme-transparent-header-meta":"default","adv-header-id-meta":"","stick-header-meta":"default","header-above-stick-meta":"","header-main-stick-meta":"","header-below-stick-meta":"","astra-migrate-meta-layouts":"set","ast-page-background-enabled":"default","ast-page-background-meta":{"desktop":{"background-color":"","background-image":"","background-repeat":"repeat","background-position":"center center","background-size":"auto","background-attachment":"scroll","background-type":"","background-media":"","overlay-type":"","overlay-color":"","overlay-opacity":"","overlay-gradient":""},"tablet":{"background-color":"","background-image":"","background-repeat":"repeat","background-position":"center center","background-size":"auto","background-attachment":"scroll","background-type":"","background-media":"","overlay-type":"","overlay-color":"","overlay-opacity":"","overlay-gradient":""},"mobile":{"background-color":"","background-image":"","background-repeat":"repeat","background-position":"center center","background-size":"auto","background-attachment":"scroll","background-type":"","background-media":"","overlay-type":"","overlay-color":"","overlay-opacity":"","overlay-gradient":""}},"ast-content-background-meta":{"desktop":{"background-color":"var(--ast-global-color-5)","background-image":"","background-repeat":"repeat","background-position":"center center","background-size":"auto","background-attachment":"scroll","background-type":"","background-media":"","overlay-type":"","overlay-color":"","overlay-opacity":"","overlay-gradient":""},"tablet":{"background-color":"var(--ast-global-color-5)","background-image":"","background-repeat":"repeat","background-position":"center center","background-size":"auto","background-attachment":"scroll","background-type":"","background-media":"","overlay-type":"","overlay-color":"","overlay-opacity":"","overlay-gradient":""},"mobile":{"background-color":"var(--ast-global-color-5)","background-image":"","background-repeat":"repeat","background-position":"center center","background-size":"auto","background-attachment":"scroll","background-type":"","background-media":"","overlay-type":"","overlay-color":"","overlay-opacity":"","overlay-gradient":""}},"footnotes":""},"class_list":["post-9531","page","type-page","status-publish","hentry"],"acf":[],"yoast_head":"<!-- This site is optimized with the Yoast SEO plugin v26.8 - https:\/\/yoast.com\/product\/yoast-seo-wordpress\/ -->\n<title>TAA-Konformit\u00e4tserkl\u00e4rung f\u00fcr USB4-Kabel - Simula Technology Inc.<\/title>\n<meta name=\"description\" content=\"TAA (Trade Agreements Act) Compliance Statement of USB4 Cable. https:\/\/simulatechnology.com\/taa_compliance_statement_of_usb4_cable\/\" \/>\n<meta name=\"robots\" content=\"index, follow, max-snippet:-1, max-image-preview:large, max-video-preview:-1\" \/>\n<link rel=\"canonical\" href=\"https:\/\/simulatechnology.com\/de\/taa_compliance_statement_of_usb4_cable\/\" \/>\n<meta property=\"og:locale\" content=\"de_DE\" \/>\n<meta property=\"og:type\" content=\"article\" \/>\n<meta property=\"og:title\" content=\"TAA-Konformit\u00e4tserkl\u00e4rung f\u00fcr USB4-Kabel - Simula Technology Inc.\" \/>\n<meta property=\"og:description\" content=\"TAA (Trade Agreements Act) Compliance Statement of USB4 Cable. https:\/\/simulatechnology.com\/taa_compliance_statement_of_usb4_cable\/\" \/>\n<meta property=\"og:url\" content=\"https:\/\/simulatechnology.com\/de\/taa_compliance_statement_of_usb4_cable\/\" \/>\n<meta property=\"og:site_name\" content=\"Simula Technology Inc.\" \/>\n<meta property=\"article:modified_time\" content=\"2024-12-30T02:52:52+00:00\" \/>\n<meta property=\"og:image\" content=\"https:\/\/simulatechnology.com\/wp-content\/uploads\/simula-usb4-TAA-.png\" \/>\n\t<meta property=\"og:image:width\" content=\"1855\" \/>\n\t<meta property=\"og:image:height\" content=\"567\" \/>\n\t<meta property=\"og:image:type\" content=\"image\/png\" \/>\n<meta name=\"twitter:card\" content=\"summary_large_image\" \/>\n<meta name=\"twitter:label1\" content=\"Est. reading time\" \/>\n\t<meta name=\"twitter:data1\" content=\"1 minute\" \/>\n<script type=\"application\/ld+json\" class=\"yoast-schema-graph\">{\"@context\":\"https:\/\/schema.org\",\"@graph\":[{\"@type\":\"ScholarlyArticle\",\"@id\":\"https:\/\/simulatechnology.com\/de\/taa_compliance_statement_of_usb4_cable\/#article\",\"isPartOf\":{\"@id\":\"https:\/\/simulatechnology.com\/de\/taa_compliance_statement_of_usb4_cable\/\"},\"author\":{\"name\":\"stephanielu\",\"@id\":\"https:\/\/simulatechnology.com\/de\/#\/schema\/person\/1ad169edc6e61d11d58e55ab6ddb70bf\"},\"headline\":\"TAA-Konformit\u00e4tserkl\u00e4rung f\u00fcr USB4-Kabel\",\"datePublished\":\"2023-09-12T08:07:19+00:00\",\"dateModified\":\"2024-12-30T02:52:52+00:00\",\"mainEntityOfPage\":{\"@id\":\"https:\/\/simulatechnology.com\/de\/taa_compliance_statement_of_usb4_cable\/\"},\"wordCount\":83,\"publisher\":{\"@id\":\"https:\/\/simulatechnology.com\/de\/#organization\"},\"image\":{\"@id\":\"https:\/\/simulatechnology.com\/de\/taa_compliance_statement_of_usb4_cable\/#primaryimage\"},\"thumbnailUrl\":\"https:\/\/simulatechnology.com\/wp-content\/uploads\/simula-usb4-TAA-.png\",\"inLanguage\":\"de-DE\"},{\"@type\":[\"WebPage\",\"AboutPage\"],\"@id\":\"https:\/\/simulatechnology.com\/de\/taa_compliance_statement_of_usb4_cable\/\",\"url\":\"https:\/\/simulatechnology.com\/de\/taa_compliance_statement_of_usb4_cable\/\",\"name\":\"TAA-Konformit\u00e4tserkl\u00e4rung f\u00fcr USB4-Kabel - Simula Technology Inc.\",\"isPartOf\":{\"@id\":\"https:\/\/simulatechnology.com\/de\/#website\"},\"primaryImageOfPage\":{\"@id\":\"https:\/\/simulatechnology.com\/de\/taa_compliance_statement_of_usb4_cable\/#primaryimage\"},\"image\":{\"@id\":\"https:\/\/simulatechnology.com\/de\/taa_compliance_statement_of_usb4_cable\/#primaryimage\"},\"thumbnailUrl\":\"https:\/\/simulatechnology.com\/wp-content\/uploads\/simula-usb4-TAA-.png\",\"datePublished\":\"2023-09-12T08:07:19+00:00\",\"dateModified\":\"2024-12-30T02:52:52+00:00\",\"description\":\"TAA (Trade Agreements Act) Compliance Statement of USB4 Cable. https:\/\/simulatechnology.com\/taa_compliance_statement_of_usb4_cable\/\",\"breadcrumb\":{\"@id\":\"https:\/\/simulatechnology.com\/de\/taa_compliance_statement_of_usb4_cable\/#breadcrumb\"},\"inLanguage\":\"de-DE\",\"potentialAction\":[{\"@type\":\"ReadAction\",\"target\":[\"https:\/\/simulatechnology.com\/de\/taa_compliance_statement_of_usb4_cable\/\"]}]},{\"@type\":\"ImageObject\",\"inLanguage\":\"de-DE\",\"@id\":\"https:\/\/simulatechnology.com\/de\/taa_compliance_statement_of_usb4_cable\/#primaryimage\",\"url\":\"https:\/\/simulatechnology.com\/wp-content\/uploads\/simula-usb4-TAA-.png\",\"contentUrl\":\"https:\/\/simulatechnology.com\/wp-content\/uploads\/simula-usb4-TAA-.png\"},{\"@type\":\"BreadcrumbList\",\"@id\":\"https:\/\/simulatechnology.com\/de\/taa_compliance_statement_of_usb4_cable\/#breadcrumb\",\"itemListElement\":[{\"@type\":\"ListItem\",\"position\":1,\"name\":\"Home\",\"item\":\"https:\/\/simulatechnology.com\/de\/\"},{\"@type\":\"ListItem\",\"position\":2,\"name\":\"TAA-Konformit\u00e4tserkl\u00e4rung f\u00fcr USB4-Kabel\"}]},{\"@type\":\"WebSite\",\"@id\":\"https:\/\/simulatechnology.com\/de\/#website\",\"url\":\"https:\/\/simulatechnology.com\/de\/\",\"name\":\"Simula Technology Inc.\",\"description\":\"\",\"publisher\":{\"@id\":\"https:\/\/simulatechnology.com\/de\/#organization\"},\"potentialAction\":[{\"@type\":\"SearchAction\",\"target\":{\"@type\":\"EntryPoint\",\"urlTemplate\":\"https:\/\/simulatechnology.com\/de\/?s={search_term_string}\"},\"query-input\":{\"@type\":\"PropertyValueSpecification\",\"valueRequired\":true,\"valueName\":\"search_term_string\"}}],\"inLanguage\":\"de-DE\"},{\"@type\":\"Organization\",\"@id\":\"https:\/\/simulatechnology.com\/de\/#organization\",\"name\":\"Simula Technology Inc.\",\"url\":\"https:\/\/simulatechnology.com\/de\/\",\"logo\":{\"@type\":\"ImageObject\",\"inLanguage\":\"de-DE\",\"@id\":\"https:\/\/simulatechnology.com\/de\/#\/schema\/logo\/image\/\",\"url\":\"https:\/\/simulatechnology.com\/wp-content\/uploads\/600.png\",\"contentUrl\":\"https:\/\/simulatechnology.com\/wp-content\/uploads\/600.png\",\"width\":\"583\",\"height\":\"162\",\"caption\":\"Simula Technology Inc.\"},\"image\":{\"@id\":\"https:\/\/simulatechnology.com\/de\/#\/schema\/logo\/image\/\"}},{\"@type\":\"Person\",\"@id\":\"https:\/\/simulatechnology.com\/de\/#\/schema\/person\/1ad169edc6e61d11d58e55ab6ddb70bf\",\"name\":\"stephanielu\",\"image\":{\"@type\":\"ImageObject\",\"inLanguage\":\"de-DE\",\"@id\":\"https:\/\/simulatechnology.com\/de\/#\/schema\/person\/image\/\",\"url\":\"https:\/\/secure.gravatar.com\/avatar\/186d44928888e3b1544b794bc95916bdf886ff66c7a1612c2fd0db48a3a26f20?s=96&d=mm&r=g\",\"contentUrl\":\"https:\/\/secure.gravatar.com\/avatar\/186d44928888e3b1544b794bc95916bdf886ff66c7a1612c2fd0db48a3a26f20?s=96&d=mm&r=g\",\"caption\":\"stephanielu\"},\"url\":\"https:\/\/simulatechnology.com\/de\/author\/stephanielu\/\"}]}<\/script>\n<!-- \/ Yoast SEO plugin. -->","yoast_head_json":{"title":"TAA-Konformit\u00e4tserkl\u00e4rung f\u00fcr USB4-Kabel - Simula Technology Inc.","description":"TAA (Trade Agreements Act) Compliance Statement of USB4 Cable. https:\/\/simulatechnology.com\/taa_compliance_statement_of_usb4_cable\/","robots":{"index":"index","follow":"follow","max-snippet":"max-snippet:-1","max-image-preview":"max-image-preview:large","max-video-preview":"max-video-preview:-1"},"canonical":"https:\/\/simulatechnology.com\/de\/taa_compliance_statement_of_usb4_cable\/","og_locale":"de_DE","og_type":"article","og_title":"TAA-Konformit\u00e4tserkl\u00e4rung f\u00fcr USB4-Kabel - Simula Technology Inc.","og_description":"TAA (Trade Agreements Act) Compliance Statement of USB4 Cable. https:\/\/simulatechnology.com\/taa_compliance_statement_of_usb4_cable\/","og_url":"https:\/\/simulatechnology.com\/de\/taa_compliance_statement_of_usb4_cable\/","og_site_name":"Simula Technology Inc.","article_modified_time":"2024-12-30T02:52:52+00:00","og_image":[{"width":1855,"height":567,"url":"https:\/\/simulatechnology.com\/wp-content\/uploads\/simula-usb4-TAA-.png","type":"image\/png"}],"twitter_card":"summary_large_image","twitter_misc":{"Est. reading time":"1 minute"},"schema":{"@context":"https:\/\/schema.org","@graph":[{"@type":"ScholarlyArticle","@id":"https:\/\/simulatechnology.com\/de\/taa_compliance_statement_of_usb4_cable\/#article","isPartOf":{"@id":"https:\/\/simulatechnology.com\/de\/taa_compliance_statement_of_usb4_cable\/"},"author":{"name":"stephanielu","@id":"https:\/\/simulatechnology.com\/de\/#\/schema\/person\/1ad169edc6e61d11d58e55ab6ddb70bf"},"headline":"TAA-Konformit\u00e4tserkl\u00e4rung f\u00fcr USB4-Kabel","datePublished":"2023-09-12T08:07:19+00:00","dateModified":"2024-12-30T02:52:52+00:00","mainEntityOfPage":{"@id":"https:\/\/simulatechnology.com\/de\/taa_compliance_statement_of_usb4_cable\/"},"wordCount":83,"publisher":{"@id":"https:\/\/simulatechnology.com\/de\/#organization"},"image":{"@id":"https:\/\/simulatechnology.com\/de\/taa_compliance_statement_of_usb4_cable\/#primaryimage"},"thumbnailUrl":"https:\/\/simulatechnology.com\/wp-content\/uploads\/simula-usb4-TAA-.png","inLanguage":"de-DE"},{"@type":["WebPage","AboutPage"],"@id":"https:\/\/simulatechnology.com\/de\/taa_compliance_statement_of_usb4_cable\/","url":"https:\/\/simulatechnology.com\/de\/taa_compliance_statement_of_usb4_cable\/","name":"TAA-Konformit\u00e4tserkl\u00e4rung f\u00fcr USB4-Kabel - Simula Technology Inc.","isPartOf":{"@id":"https:\/\/simulatechnology.com\/de\/#website"},"primaryImageOfPage":{"@id":"https:\/\/simulatechnology.com\/de\/taa_compliance_statement_of_usb4_cable\/#primaryimage"},"image":{"@id":"https:\/\/simulatechnology.com\/de\/taa_compliance_statement_of_usb4_cable\/#primaryimage"},"thumbnailUrl":"https:\/\/simulatechnology.com\/wp-content\/uploads\/simula-usb4-TAA-.png","datePublished":"2023-09-12T08:07:19+00:00","dateModified":"2024-12-30T02:52:52+00:00","description":"TAA (Trade Agreements Act) Compliance Statement of USB4 Cable. https:\/\/simulatechnology.com\/taa_compliance_statement_of_usb4_cable\/","breadcrumb":{"@id":"https:\/\/simulatechnology.com\/de\/taa_compliance_statement_of_usb4_cable\/#breadcrumb"},"inLanguage":"de-DE","potentialAction":[{"@type":"ReadAction","target":["https:\/\/simulatechnology.com\/de\/taa_compliance_statement_of_usb4_cable\/"]}]},{"@type":"ImageObject","inLanguage":"de-DE","@id":"https:\/\/simulatechnology.com\/de\/taa_compliance_statement_of_usb4_cable\/#primaryimage","url":"https:\/\/simulatechnology.com\/wp-content\/uploads\/simula-usb4-TAA-.png","contentUrl":"https:\/\/simulatechnology.com\/wp-content\/uploads\/simula-usb4-TAA-.png"},{"@type":"BreadcrumbList","@id":"https:\/\/simulatechnology.com\/de\/taa_compliance_statement_of_usb4_cable\/#breadcrumb","itemListElement":[{"@type":"ListItem","position":1,"name":"Home","item":"https:\/\/simulatechnology.com\/de\/"},{"@type":"ListItem","position":2,"name":"TAA-Konformit\u00e4tserkl\u00e4rung f\u00fcr USB4-Kabel"}]},{"@type":"WebSite","@id":"https:\/\/simulatechnology.com\/de\/#website","url":"https:\/\/simulatechnology.com\/de\/","name":"Simula Technology Inc.","description":"","publisher":{"@id":"https:\/\/simulatechnology.com\/de\/#organization"},"potentialAction":[{"@type":"SearchAction","target":{"@type":"EntryPoint","urlTemplate":"https:\/\/simulatechnology.com\/de\/?s={search_term_string}"},"query-input":{"@type":"PropertyValueSpecification","valueRequired":true,"valueName":"search_term_string"}}],"inLanguage":"de-DE"},{"@type":"Organization","@id":"https:\/\/simulatechnology.com\/de\/#organization","name":"Simula Technology Inc.","url":"https:\/\/simulatechnology.com\/de\/","logo":{"@type":"ImageObject","inLanguage":"de-DE","@id":"https:\/\/simulatechnology.com\/de\/#\/schema\/logo\/image\/","url":"https:\/\/simulatechnology.com\/wp-content\/uploads\/600.png","contentUrl":"https:\/\/simulatechnology.com\/wp-content\/uploads\/600.png","width":"583","height":"162","caption":"Simula Technology Inc."},"image":{"@id":"https:\/\/simulatechnology.com\/de\/#\/schema\/logo\/image\/"}},{"@type":"Person","@id":"https:\/\/simulatechnology.com\/de\/#\/schema\/person\/1ad169edc6e61d11d58e55ab6ddb70bf","name":"stephanielu","image":{"@type":"ImageObject","inLanguage":"de-DE","@id":"https:\/\/simulatechnology.com\/de\/#\/schema\/person\/image\/","url":"https:\/\/secure.gravatar.com\/avatar\/186d44928888e3b1544b794bc95916bdf886ff66c7a1612c2fd0db48a3a26f20?s=96&d=mm&r=g","contentUrl":"https:\/\/secure.gravatar.com\/avatar\/186d44928888e3b1544b794bc95916bdf886ff66c7a1612c2fd0db48a3a26f20?s=96&d=mm&r=g","caption":"stephanielu"},"url":"https:\/\/simulatechnology.com\/de\/author\/stephanielu\/"}]}},"_links":{"self":[{"href":"https:\/\/simulatechnology.com\/de\/wp-json\/wp\/v2\/pages\/9531","targetHints":{"allow":["GET"]}}],"collection":[{"href":"https:\/\/simulatechnology.com\/de\/wp-json\/wp\/v2\/pages"}],"about":[{"href":"https:\/\/simulatechnology.com\/de\/wp-json\/wp\/v2\/types\/page"}],"author":[{"embeddable":true,"href":"https:\/\/simulatechnology.com\/de\/wp-json\/wp\/v2\/users\/17"}],"replies":[{"embeddable":true,"href":"https:\/\/simulatechnology.com\/de\/wp-json\/wp\/v2\/comments?post=9531"}],"version-history":[{"count":7,"href":"https:\/\/simulatechnology.com\/de\/wp-json\/wp\/v2\/pages\/9531\/revisions"}],"predecessor-version":[{"id":11733,"href":"https:\/\/simulatechnology.com\/de\/wp-json\/wp\/v2\/pages\/9531\/revisions\/11733"}],"wp:attachment":[{"href":"https:\/\/simulatechnology.com\/de\/wp-json\/wp\/v2\/media?parent=9531"}],"curies":[{"name":"wp","href":"https:\/\/api.w.org\/{rel}","templated":true}]}}