{"id":9523,"date":"2020-08-11T15:09:24","date_gmt":"2020-08-11T07:09:24","guid":{"rendered":"https:\/\/simulatechnology.com\/customized-solutions\/"},"modified":"2025-01-09T15:36:04","modified_gmt":"2025-01-09T07:36:04","slug":"customized-solutions","status":"publish","type":"page","link":"https:\/\/simulatechnology.com\/de\/customized-solutions\/","title":{"rendered":"Ma\u00dfgeschneiderte L\u00f6sungen"},"content":{"rendered":"\t\t<div data-elementor-type=\"wp-page\" data-elementor-id=\"9523\" class=\"elementor elementor-9523 elementor-3400\" data-elementor-post-type=\"page\">\n\t\t\t\t\t\t<section class=\"elementor-section elementor-top-section elementor-element elementor-element-c1a1771 elementor-section-boxed elementor-section-height-default elementor-section-height-default\" data-id=\"c1a1771\" data-element_type=\"section\" data-settings=\"{&quot;background_background&quot;:&quot;classic&quot;}\">\n\t\t\t\t\t\t<div class=\"elementor-container elementor-column-gap-default\">\n\t\t\t\t\t<div class=\"elementor-column elementor-col-100 elementor-top-column elementor-element elementor-element-2d273c0\" data-id=\"2d273c0\" data-element_type=\"column\">\n\t\t\t<div class=\"elementor-widget-wrap elementor-element-populated\">\n\t\t\t\t\t\t<div class=\"elementor-element elementor-element-188205e elementor-widget elementor-widget-ee-breadcrumbs\" data-id=\"188205e\" data-element_type=\"widget\" data-widget_type=\"ee-breadcrumbs.default\">\n\t\t\t\t<div class=\"elementor-widget-container\">\n\t\t\t\t\t<ul class=\"ee-breadcrumbs\" itemscope=\"\" itemtype=\"http:\/\/schema.org\/BreadcrumbList\"><\/ul>\t\t\t\t<\/div>\n\t\t\t\t<\/div>\n\t\t\t\t\t<\/div>\n\t\t<\/div>\n\t\t\t\t\t<\/div>\n\t\t<\/section>\n\t\t\t\t<section class=\"elementor-section elementor-top-section elementor-element elementor-element-192ca1b elementor-section-full_width elementor-section-height-default elementor-section-height-default\" data-id=\"192ca1b\" data-element_type=\"section\">\n\t\t\t\t\t\t<div class=\"elementor-container elementor-column-gap-no\">\n\t\t\t\t\t<div class=\"elementor-column elementor-col-100 elementor-top-column elementor-element elementor-element-286b9dd\" data-id=\"286b9dd\" data-element_type=\"column\">\n\t\t\t<div class=\"elementor-widget-wrap elementor-element-populated\">\n\t\t\t\t\t\t<div class=\"elementor-element elementor-element-eddbfdb cust_slider_attr elementor--h-position-center elementor--v-position-middle elementor-pagination-position-inside elementor-widget elementor-widget-slides\" data-id=\"eddbfdb\" data-element_type=\"widget\" data-settings=\"{&quot;navigation&quot;:&quot;dots&quot;,&quot;autoplay&quot;:&quot;yes&quot;,&quot;pause_on_hover&quot;:&quot;yes&quot;,&quot;pause_on_interaction&quot;:&quot;yes&quot;,&quot;autoplay_speed&quot;:5000,&quot;infinite&quot;:&quot;yes&quot;,&quot;transition&quot;:&quot;slide&quot;,&quot;transition_speed&quot;:500}\" data-widget_type=\"slides.default\">\n\t\t\t\t<div class=\"elementor-widget-container\">\n\t\t\t\t\t\t\t\t\t<div class=\"elementor-swiper\">\n\t\t\t\t\t<div class=\"elementor-slides-wrapper elementor-main-swiper swiper\" role=\"region\" aria-roledescription=\"carousel\" aria-label=\"Slides\" dir=\"ltr\" data-animation=\"fadeInUp\">\n\t\t\t\t<div class=\"swiper-wrapper elementor-slides\">\n\t\t\t\t\t\t\t\t\t\t<div class=\"elementor-repeater-item-94f4d37 swiper-slide\" role=\"group\" aria-roledescription=\"slide\"><div class=\"swiper-slide-bg\" role=\"img\" aria-label=\"icon _20200813\"><\/div><div class=\"swiper-slide-inner\" ><div class=\"swiper-slide-contents\"><div class=\"elementor-slide-heading\">Ma\u00dfgeschneiderte L\u00f6sungen<\/div><\/div><\/div><\/div>\t\t\t\t<\/div>\n\t\t\t\t\t\t\t<\/div>\n\t\t\t\t<\/div>\n\t\t\t\t\t\t\t\t<\/div>\n\t\t\t\t<\/div>\n\t\t\t\t\t<\/div>\n\t\t<\/div>\n\t\t\t\t\t<\/div>\n\t\t<\/section>\n\t\t\t\t<section class=\"elementor-section elementor-top-section elementor-element elementor-element-79b427f elementor-section-boxed elementor-section-height-default elementor-section-height-default\" data-id=\"79b427f\" data-element_type=\"section\">\n\t\t\t\t\t\t<div class=\"elementor-container elementor-column-gap-default\">\n\t\t\t\t\t<div class=\"elementor-column elementor-col-100 elementor-top-column elementor-element elementor-element-62fb50e\" data-id=\"62fb50e\" data-element_type=\"column\">\n\t\t\t<div class=\"elementor-widget-wrap elementor-element-populated\">\n\t\t\t\t\t\t<div class=\"elementor-element elementor-element-dc725f8 elementor-hidden-phone elementor-widget elementor-widget-spacer\" data-id=\"dc725f8\" data-element_type=\"widget\" data-widget_type=\"spacer.default\">\n\t\t\t\t<div class=\"elementor-widget-container\">\n\t\t\t\t\t\t\t<div class=\"elementor-spacer\">\n\t\t\t<div class=\"elementor-spacer-inner\"><\/div>\n\t\t<\/div>\n\t\t\t\t\t\t<\/div>\n\t\t\t\t<\/div>\n\t\t\t\t\t<\/div>\n\t\t<\/div>\n\t\t\t\t\t<\/div>\n\t\t<\/section>\n\t\t\t\t<section class=\"elementor-section elementor-top-section elementor-element elementor-element-bea3cab elementor-section-boxed elementor-section-height-default elementor-section-height-default\" data-id=\"bea3cab\" data-element_type=\"section\">\n\t\t\t\t\t\t<div class=\"elementor-container elementor-column-gap-wide\">\n\t\t\t\t\t<div class=\"elementor-column elementor-col-100 elementor-top-column elementor-element elementor-element-b437e79\" data-id=\"b437e79\" data-element_type=\"column\">\n\t\t\t<div class=\"elementor-widget-wrap elementor-element-populated\">\n\t\t\t\t\t\t<div class=\"elementor-element elementor-element-d812c1a elementor-widget elementor-widget-text-editor\" data-id=\"d812c1a\" data-element_type=\"widget\" data-widget_type=\"text-editor.default\">\n\t\t\t\t<div class=\"elementor-widget-container\">\n\t\t\t\t\t\t\t\t\t<div class=\"page\" title=\"\"><div class=\"section\"><div class=\"layoutArea\"><div class=\"column\"><p>Wir verstehen, dass jede Branche und jedes Produktdesign einzigartig ist und spezifische Anforderungen und Spezifikationen mit sich bringt. Als vertikal integrierter Fertigungspartner sind wir neben der breiten Palette an Produktlinien, die wir im Laufe der Jahre f\u00fcr verschiedene Segmente entwickelt haben, in der Lage, unsere Kompetenzen zu erweitern und ma\u00dfgeschneiderte L\u00f6sungen f\u00fcr unterschiedliche Marktsektoren anzubieten.<\/p><p>Unser Fachgebiet in Design und Produktion umfasst L\u00f6sungen f\u00fcr Steckverbinder, Verkabelung und Kabelb\u00e4ume, Leiterplatten-Design (PCB), Subsystem-Montage und die vollst\u00e4ndige Endmontage von Fertigprodukten (FATP). Um eine hohe Anpassungsf\u00e4higkeit und Flexibilit\u00e4t in der Produktionskapazit\u00e4t zu gew\u00e4hrleisten, entwerfen und passen wir Produktionsprozesse an, die sowohl hochvolumige, kapitalintensive Projekte als auch Projekte mit hoher Variantenvielfalt und geringen St\u00fcckzahlen unterst\u00fctzen k\u00f6nnen.<\/p><p>Von der Konzeptentwicklung bis zur Produktrealisierung hilft unser Team dabei, die \u00dcbereinstimmung des Designs mit der erwarteten Leistung zu \u00fcberpr\u00fcfen, und arbeitet eng mit den Kunden in der fr\u00fchen Phase der Ideenfindung, des Prototypings, der Tests und vor allem bei der Sicherstellung der Herstellbarkeit mit hoher Konsistenz und optimaler Ausbeute zusammen.<\/p><p>Kontaktieren Sie uns f\u00fcr ma\u00dfgeschneiderte L\u00f6sungen \u2013 wir sind bereit, zu Ihrem Erfolg beizutragen.<\/p><\/div><\/div><\/div><\/div>\t\t\t\t\t\t\t\t<\/div>\n\t\t\t\t<\/div>\n\t\t\t\t\t<\/div>\n\t\t<\/div>\n\t\t\t\t\t<\/div>\n\t\t<\/section>\n\t\t\t\t<section class=\"elementor-section elementor-top-section elementor-element elementor-element-ef47e22 elementor-section-boxed elementor-section-height-default elementor-section-height-default\" data-id=\"ef47e22\" data-element_type=\"section\">\n\t\t\t\t\t\t<div class=\"elementor-container elementor-column-gap-default\">\n\t\t\t\t\t<div class=\"elementor-column elementor-col-100 elementor-top-column elementor-element elementor-element-1add71a\" data-id=\"1add71a\" data-element_type=\"column\">\n\t\t\t<div class=\"elementor-widget-wrap elementor-element-populated\">\n\t\t\t\t\t\t\t<\/div>\n\t\t<\/div>\n\t\t\t\t\t<\/div>\n\t\t<\/section>\n\t\t\t\t<section class=\"elementor-section elementor-top-section elementor-element elementor-element-eaa7ffc elementor-section-boxed elementor-section-height-default elementor-section-height-default\" data-id=\"eaa7ffc\" data-element_type=\"section\">\n\t\t\t\t\t\t<div class=\"elementor-container elementor-column-gap-default\">\n\t\t\t\t\t<div class=\"elementor-column elementor-col-100 elementor-top-column elementor-element elementor-element-97c8847\" data-id=\"97c8847\" data-element_type=\"column\">\n\t\t\t<div class=\"elementor-widget-wrap elementor-element-populated\">\n\t\t\t\t\t\t<div class=\"elementor-element elementor-element-80236fd elementor-widget elementor-widget-text-editor\" data-id=\"80236fd\" data-element_type=\"widget\" data-widget_type=\"text-editor.default\">\n\t\t\t\t<div class=\"elementor-widget-container\">\n\t\t\t\t\t\t\t\t\t<p><span style=\"font-weight: bold; color: #343333; font-family: Roboto, sans-serif; font-size: 35px; font-style: normal;\"><b>Beispiele f\u00fcr unseren Produktentwicklungsprozess.<\/b><\/span><\/p>\t\t\t\t\t\t\t\t<\/div>\n\t\t\t\t<\/div>\n\t\t\t\t<div class=\"elementor-element elementor-element-280874a elementor-widget elementor-widget-image\" data-id=\"280874a\" data-element_type=\"widget\" data-widget_type=\"image.default\">\n\t\t\t\t<div class=\"elementor-widget-container\">\n\t\t\t\t\t\t\t\t\t\t\t\t\t\t\t<img fetchpriority=\"high\" decoding=\"async\" width=\"640\" height=\"480\" src=\"https:\/\/simulatechnology.com\/wp-content\/uploads\/Animation_\u5145\u586b\u7d50\u679c_\u6d41\u52d5\u6ce2\u524d\u6642\u9593.gif\" class=\"attachment-full size-full wp-image-9524\" alt=\"\" \/>\t\t\t\t\t\t\t\t\t\t\t\t\t\t\t<\/div>\n\t\t\t\t<\/div>\n\t\t\t\t<div class=\"elementor-element elementor-element-6d4ba4f elementor-widget elementor-widget-image\" data-id=\"6d4ba4f\" data-element_type=\"widget\" data-widget_type=\"image.default\">\n\t\t\t\t<div class=\"elementor-widget-container\">\n\t\t\t\t\t\t\t\t\t\t\t\t\t\t\t<img decoding=\"async\" width=\"2560\" height=\"1537\" src=\"https:\/\/simulatechnology.com\/wp-content\/uploads\/analysis_3-scaled.jpg\" class=\"attachment-full size-full wp-image-11141\" alt=\"\" \/>\t\t\t\t\t\t\t\t\t\t\t\t\t\t\t<\/div>\n\t\t\t\t<\/div>\n\t\t\t\t<section class=\"elementor-section elementor-inner-section elementor-element elementor-element-015a991 elementor-section-boxed elementor-section-height-default elementor-section-height-default\" data-id=\"015a991\" data-element_type=\"section\">\n\t\t\t\t\t\t<div class=\"elementor-container elementor-column-gap-default\">\n\t\t\t\t\t<div class=\"elementor-column elementor-col-50 elementor-inner-column elementor-element elementor-element-a2eee8f\" data-id=\"a2eee8f\" data-element_type=\"column\">\n\t\t\t<div class=\"elementor-widget-wrap elementor-element-populated\">\n\t\t\t\t\t\t<div class=\"elementor-element elementor-element-c118ef5 elementor-widget elementor-widget-image\" data-id=\"c118ef5\" data-element_type=\"widget\" data-widget_type=\"image.default\">\n\t\t\t\t<div class=\"elementor-widget-container\">\n\t\t\t\t\t\t\t\t\t\t\t\t\t\t\t\t<a href=\"http:\/\/simulatechnology.com\/wp-content\/uploads\/analysis_1.png\" data-elementor-open-lightbox=\"yes\" data-elementor-lightbox-title=\"analysis_1\" data-e-action-hash=\"#elementor-action%3Aaction%3Dlightbox%26settings%3DeyJpZCI6MTExMzksInVybCI6Imh0dHBzOlwvXC9zaW11bGF0ZWNobm9sb2d5LmNvbVwvd3AtY29udGVudFwvdXBsb2Fkc1wvYW5hbHlzaXNfMS5wbmcifQ%3D%3D\">\n\t\t\t\t\t\t\t<img decoding=\"async\" width=\"873\" height=\"422\" src=\"https:\/\/simulatechnology.com\/wp-content\/uploads\/analysis_1.png\" class=\"attachment-large size-large wp-image-11139\" alt=\"\" \/>\t\t\t\t\t\t\t\t<\/a>\n\t\t\t\t\t\t\t\t\t\t\t\t\t\t\t<\/div>\n\t\t\t\t<\/div>\n\t\t\t\t\t<\/div>\n\t\t<\/div>\n\t\t\t\t<div class=\"elementor-column elementor-col-50 elementor-inner-column elementor-element elementor-element-c9ac58d\" data-id=\"c9ac58d\" data-element_type=\"column\">\n\t\t\t<div class=\"elementor-widget-wrap elementor-element-populated\">\n\t\t\t\t\t\t<div class=\"elementor-element elementor-element-4c6f468 elementor-widget elementor-widget-image\" data-id=\"4c6f468\" data-element_type=\"widget\" data-widget_type=\"image.default\">\n\t\t\t\t<div class=\"elementor-widget-container\">\n\t\t\t\t\t\t\t\t\t\t\t\t\t\t\t\t<a href=\"http:\/\/simulatechnology.com\/wp-content\/uploads\/analysis_2.png\" data-elementor-open-lightbox=\"yes\" data-elementor-lightbox-title=\"analysis_2\" data-e-action-hash=\"#elementor-action%3Aaction%3Dlightbox%26settings%3DeyJpZCI6MTExNDAsInVybCI6Imh0dHBzOlwvXC9zaW11bGF0ZWNobm9sb2d5LmNvbVwvd3AtY29udGVudFwvdXBsb2Fkc1wvYW5hbHlzaXNfMi5wbmcifQ%3D%3D\">\n\t\t\t\t\t\t\t<img loading=\"lazy\" decoding=\"async\" width=\"520\" height=\"331\" src=\"https:\/\/simulatechnology.com\/wp-content\/uploads\/analysis_2.png\" class=\"attachment-large size-large wp-image-11140\" alt=\"\" \/>\t\t\t\t\t\t\t\t<\/a>\n\t\t\t\t\t\t\t\t\t\t\t\t\t\t\t<\/div>\n\t\t\t\t<\/div>\n\t\t\t\t\t<\/div>\n\t\t<\/div>\n\t\t\t\t\t<\/div>\n\t\t<\/section>\n\t\t\t\t<div class=\"elementor-element elementor-element-63873d3 elementor-widget elementor-widget-spacer\" data-id=\"63873d3\" data-element_type=\"widget\" data-widget_type=\"spacer.default\">\n\t\t\t\t<div class=\"elementor-widget-container\">\n\t\t\t\t\t\t\t<div class=\"elementor-spacer\">\n\t\t\t<div class=\"elementor-spacer-inner\"><\/div>\n\t\t<\/div>\n\t\t\t\t\t\t<\/div>\n\t\t\t\t<\/div>\n\t\t\t\t\t<\/div>\n\t\t<\/div>\n\t\t\t\t\t<\/div>\n\t\t<\/section>\n\t\t\t\t<\/div>\n\t\t","protected":false},"excerpt":{"rendered":"<p>Ma\u00dfgeschneiderte L\u00f6sungen Wir verstehen, dass jede Branche und jedes Produktdesign einzigartig ist und spezifische Anforderungen und Spezifikationen mit sich bringt. Als vertikal integrierter Fertigungspartner sind wir neben der breiten Palette an Produktlinien, die wir im Laufe der Jahre f\u00fcr verschiedene Segmente entwickelt haben, in der Lage, unsere Kompetenzen zu erweitern und ma\u00dfgeschneiderte L\u00f6sungen f\u00fcr unterschiedliche [&hellip;]<\/p>\n","protected":false},"author":1,"featured_media":0,"parent":0,"menu_order":0,"comment_status":"closed","ping_status":"closed","template":"elementor_header_footer","meta":{"_acf_changed":false,"inline_featured_image":false,"site-sidebar-layout":"no-sidebar","site-content-layout":"page-builder","ast-site-content-layout":"full-width-container","site-content-style":"default","site-sidebar-style":"default","ast-global-header-display":"","ast-banner-title-visibility":"","ast-main-header-display":"","ast-hfb-above-header-display":"","ast-hfb-below-header-display":"","ast-hfb-mobile-header-display":"","site-post-title":"disabled","ast-breadcrumbs-content":"","ast-featured-img":"disabled","footer-sml-layout":"","ast-disable-related-posts":"","theme-transparent-header-meta":"default","adv-header-id-meta":"","stick-header-meta":"default","header-above-stick-meta":"","header-main-stick-meta":"","header-below-stick-meta":"","astra-migrate-meta-layouts":"set","ast-page-background-enabled":"default","ast-page-background-meta":{"desktop":{"background-color":"","background-image":"","background-repeat":"repeat","background-position":"center center","background-size":"auto","background-attachment":"scroll","background-type":"","background-media":"","overlay-type":"","overlay-color":"","overlay-opacity":"","overlay-gradient":""},"tablet":{"background-color":"","background-image":"","background-repeat":"repeat","background-position":"center center","background-size":"auto","background-attachment":"scroll","background-type":"","background-media":"","overlay-type":"","overlay-color":"","overlay-opacity":"","overlay-gradient":""},"mobile":{"background-color":"","background-image":"","background-repeat":"repeat","background-position":"center center","background-size":"auto","background-attachment":"scroll","background-type":"","background-media":"","overlay-type":"","overlay-color":"","overlay-opacity":"","overlay-gradient":""}},"ast-content-background-meta":{"desktop":{"background-color":"var(--ast-global-color-5)","background-image":"","background-repeat":"repeat","background-position":"center center","background-size":"auto","background-attachment":"scroll","background-type":"","background-media":"","overlay-type":"","overlay-color":"","overlay-opacity":"","overlay-gradient":""},"tablet":{"background-color":"var(--ast-global-color-5)","background-image":"","background-repeat":"repeat","background-position":"center center","background-size":"auto","background-attachment":"scroll","background-type":"","background-media":"","overlay-type":"","overlay-color":"","overlay-opacity":"","overlay-gradient":""},"mobile":{"background-color":"var(--ast-global-color-5)","background-image":"","background-repeat":"repeat","background-position":"center center","background-size":"auto","background-attachment":"scroll","background-type":"","background-media":"","overlay-type":"","overlay-color":"","overlay-opacity":"","overlay-gradient":""}},"footnotes":""},"class_list":["post-9523","page","type-page","status-publish","hentry"],"acf":[],"yoast_head":"<!-- This site is optimized with the Yoast SEO plugin v26.8 - https:\/\/yoast.com\/product\/yoast-seo-wordpress\/ -->\n<title>Ma\u00dfgeschneiderte L\u00f6sungen - Simula Technology Inc.<\/title>\n<meta name=\"robots\" content=\"index, follow, max-snippet:-1, max-image-preview:large, max-video-preview:-1\" \/>\n<link rel=\"canonical\" href=\"https:\/\/simulatechnology.com\/de\/customized-solutions\/\" \/>\n<meta property=\"og:locale\" content=\"de_DE\" \/>\n<meta property=\"og:type\" content=\"article\" \/>\n<meta property=\"og:title\" content=\"Ma\u00dfgeschneiderte L\u00f6sungen - Simula Technology Inc.\" \/>\n<meta property=\"og:description\" content=\"Ma\u00dfgeschneiderte L\u00f6sungen Wir verstehen, dass jede Branche und jedes Produktdesign einzigartig ist und spezifische Anforderungen und Spezifikationen mit sich bringt. Als vertikal integrierter Fertigungspartner sind wir neben der breiten Palette an Produktlinien, die wir im Laufe der Jahre f\u00fcr verschiedene Segmente entwickelt haben, in der Lage, unsere Kompetenzen zu erweitern und ma\u00dfgeschneiderte L\u00f6sungen f\u00fcr unterschiedliche [&hellip;]\" \/>\n<meta property=\"og:url\" content=\"https:\/\/simulatechnology.com\/de\/customized-solutions\/\" \/>\n<meta property=\"og:site_name\" content=\"Simula Technology Inc.\" \/>\n<meta property=\"article:modified_time\" content=\"2025-01-09T07:36:04+00:00\" \/>\n<meta property=\"og:image\" content=\"https:\/\/simulatechnology.com\/wp-content\/uploads\/analysis_3-scaled.jpg\" \/>\n<meta name=\"twitter:card\" content=\"summary_large_image\" \/>\n<meta name=\"twitter:label1\" content=\"Est. reading time\" \/>\n\t<meta name=\"twitter:data1\" content=\"2 minutes\" \/>\n<script type=\"application\/ld+json\" class=\"yoast-schema-graph\">{\"@context\":\"https:\/\/schema.org\",\"@graph\":[{\"@type\":\"WebPage\",\"@id\":\"https:\/\/simulatechnology.com\/de\/customized-solutions\/\",\"url\":\"https:\/\/simulatechnology.com\/de\/customized-solutions\/\",\"name\":\"Ma\u00dfgeschneiderte L\u00f6sungen - Simula Technology Inc.\",\"isPartOf\":{\"@id\":\"https:\/\/simulatechnology.com\/de\/#website\"},\"primaryImageOfPage\":{\"@id\":\"https:\/\/simulatechnology.com\/de\/customized-solutions\/#primaryimage\"},\"image\":{\"@id\":\"https:\/\/simulatechnology.com\/de\/customized-solutions\/#primaryimage\"},\"thumbnailUrl\":\"https:\/\/simulatechnology.com\/wp-content\/uploads\/analysis_3-scaled.jpg\",\"datePublished\":\"2020-08-11T07:09:24+00:00\",\"dateModified\":\"2025-01-09T07:36:04+00:00\",\"breadcrumb\":{\"@id\":\"https:\/\/simulatechnology.com\/de\/customized-solutions\/#breadcrumb\"},\"inLanguage\":\"de-DE\",\"potentialAction\":[{\"@type\":\"ReadAction\",\"target\":[\"https:\/\/simulatechnology.com\/de\/customized-solutions\/\"]}]},{\"@type\":\"ImageObject\",\"inLanguage\":\"de-DE\",\"@id\":\"https:\/\/simulatechnology.com\/de\/customized-solutions\/#primaryimage\",\"url\":\"https:\/\/simulatechnology.com\/wp-content\/uploads\/analysis_3-scaled.jpg\",\"contentUrl\":\"https:\/\/simulatechnology.com\/wp-content\/uploads\/analysis_3-scaled.jpg\"},{\"@type\":\"BreadcrumbList\",\"@id\":\"https:\/\/simulatechnology.com\/de\/customized-solutions\/#breadcrumb\",\"itemListElement\":[{\"@type\":\"ListItem\",\"position\":1,\"name\":\"Home\",\"item\":\"https:\/\/simulatechnology.com\/de\/\"},{\"@type\":\"ListItem\",\"position\":2,\"name\":\"Ma\u00dfgeschneiderte L\u00f6sungen\"}]},{\"@type\":\"WebSite\",\"@id\":\"https:\/\/simulatechnology.com\/de\/#website\",\"url\":\"https:\/\/simulatechnology.com\/de\/\",\"name\":\"Simula Technology Inc.\",\"description\":\"\",\"publisher\":{\"@id\":\"https:\/\/simulatechnology.com\/de\/#organization\"},\"potentialAction\":[{\"@type\":\"SearchAction\",\"target\":{\"@type\":\"EntryPoint\",\"urlTemplate\":\"https:\/\/simulatechnology.com\/de\/?s={search_term_string}\"},\"query-input\":{\"@type\":\"PropertyValueSpecification\",\"valueRequired\":true,\"valueName\":\"search_term_string\"}}],\"inLanguage\":\"de-DE\"},{\"@type\":\"Organization\",\"@id\":\"https:\/\/simulatechnology.com\/de\/#organization\",\"name\":\"Simula Technology Inc.\",\"url\":\"https:\/\/simulatechnology.com\/de\/\",\"logo\":{\"@type\":\"ImageObject\",\"inLanguage\":\"de-DE\",\"@id\":\"https:\/\/simulatechnology.com\/de\/#\/schema\/logo\/image\/\",\"url\":\"https:\/\/simulatechnology.com\/wp-content\/uploads\/600.png\",\"contentUrl\":\"https:\/\/simulatechnology.com\/wp-content\/uploads\/600.png\",\"width\":\"583\",\"height\":\"162\",\"caption\":\"Simula Technology Inc.\"},\"image\":{\"@id\":\"https:\/\/simulatechnology.com\/de\/#\/schema\/logo\/image\/\"}}]}<\/script>\n<!-- \/ Yoast SEO plugin. -->","yoast_head_json":{"title":"Ma\u00dfgeschneiderte L\u00f6sungen - Simula Technology Inc.","robots":{"index":"index","follow":"follow","max-snippet":"max-snippet:-1","max-image-preview":"max-image-preview:large","max-video-preview":"max-video-preview:-1"},"canonical":"https:\/\/simulatechnology.com\/de\/customized-solutions\/","og_locale":"de_DE","og_type":"article","og_title":"Ma\u00dfgeschneiderte L\u00f6sungen - Simula Technology Inc.","og_description":"Ma\u00dfgeschneiderte L\u00f6sungen Wir verstehen, dass jede Branche und jedes Produktdesign einzigartig ist und spezifische Anforderungen und Spezifikationen mit sich bringt. Als vertikal integrierter Fertigungspartner sind wir neben der breiten Palette an Produktlinien, die wir im Laufe der Jahre f\u00fcr verschiedene Segmente entwickelt haben, in der Lage, unsere Kompetenzen zu erweitern und ma\u00dfgeschneiderte L\u00f6sungen f\u00fcr unterschiedliche [&hellip;]","og_url":"https:\/\/simulatechnology.com\/de\/customized-solutions\/","og_site_name":"Simula Technology Inc.","article_modified_time":"2025-01-09T07:36:04+00:00","og_image":[{"url":"https:\/\/simulatechnology.com\/wp-content\/uploads\/analysis_3-scaled.jpg","type":"","width":"","height":""}],"twitter_card":"summary_large_image","twitter_misc":{"Est. reading time":"2 minutes"},"schema":{"@context":"https:\/\/schema.org","@graph":[{"@type":"WebPage","@id":"https:\/\/simulatechnology.com\/de\/customized-solutions\/","url":"https:\/\/simulatechnology.com\/de\/customized-solutions\/","name":"Ma\u00dfgeschneiderte L\u00f6sungen - Simula Technology Inc.","isPartOf":{"@id":"https:\/\/simulatechnology.com\/de\/#website"},"primaryImageOfPage":{"@id":"https:\/\/simulatechnology.com\/de\/customized-solutions\/#primaryimage"},"image":{"@id":"https:\/\/simulatechnology.com\/de\/customized-solutions\/#primaryimage"},"thumbnailUrl":"https:\/\/simulatechnology.com\/wp-content\/uploads\/analysis_3-scaled.jpg","datePublished":"2020-08-11T07:09:24+00:00","dateModified":"2025-01-09T07:36:04+00:00","breadcrumb":{"@id":"https:\/\/simulatechnology.com\/de\/customized-solutions\/#breadcrumb"},"inLanguage":"de-DE","potentialAction":[{"@type":"ReadAction","target":["https:\/\/simulatechnology.com\/de\/customized-solutions\/"]}]},{"@type":"ImageObject","inLanguage":"de-DE","@id":"https:\/\/simulatechnology.com\/de\/customized-solutions\/#primaryimage","url":"https:\/\/simulatechnology.com\/wp-content\/uploads\/analysis_3-scaled.jpg","contentUrl":"https:\/\/simulatechnology.com\/wp-content\/uploads\/analysis_3-scaled.jpg"},{"@type":"BreadcrumbList","@id":"https:\/\/simulatechnology.com\/de\/customized-solutions\/#breadcrumb","itemListElement":[{"@type":"ListItem","position":1,"name":"Home","item":"https:\/\/simulatechnology.com\/de\/"},{"@type":"ListItem","position":2,"name":"Ma\u00dfgeschneiderte L\u00f6sungen"}]},{"@type":"WebSite","@id":"https:\/\/simulatechnology.com\/de\/#website","url":"https:\/\/simulatechnology.com\/de\/","name":"Simula Technology Inc.","description":"","publisher":{"@id":"https:\/\/simulatechnology.com\/de\/#organization"},"potentialAction":[{"@type":"SearchAction","target":{"@type":"EntryPoint","urlTemplate":"https:\/\/simulatechnology.com\/de\/?s={search_term_string}"},"query-input":{"@type":"PropertyValueSpecification","valueRequired":true,"valueName":"search_term_string"}}],"inLanguage":"de-DE"},{"@type":"Organization","@id":"https:\/\/simulatechnology.com\/de\/#organization","name":"Simula Technology Inc.","url":"https:\/\/simulatechnology.com\/de\/","logo":{"@type":"ImageObject","inLanguage":"de-DE","@id":"https:\/\/simulatechnology.com\/de\/#\/schema\/logo\/image\/","url":"https:\/\/simulatechnology.com\/wp-content\/uploads\/600.png","contentUrl":"https:\/\/simulatechnology.com\/wp-content\/uploads\/600.png","width":"583","height":"162","caption":"Simula Technology Inc."},"image":{"@id":"https:\/\/simulatechnology.com\/de\/#\/schema\/logo\/image\/"}}]}},"_links":{"self":[{"href":"https:\/\/simulatechnology.com\/de\/wp-json\/wp\/v2\/pages\/9523","targetHints":{"allow":["GET"]}}],"collection":[{"href":"https:\/\/simulatechnology.com\/de\/wp-json\/wp\/v2\/pages"}],"about":[{"href":"https:\/\/simulatechnology.com\/de\/wp-json\/wp\/v2\/types\/page"}],"author":[{"embeddable":true,"href":"https:\/\/simulatechnology.com\/de\/wp-json\/wp\/v2\/users\/1"}],"replies":[{"embeddable":true,"href":"https:\/\/simulatechnology.com\/de\/wp-json\/wp\/v2\/comments?post=9523"}],"version-history":[{"count":8,"href":"https:\/\/simulatechnology.com\/de\/wp-json\/wp\/v2\/pages\/9523\/revisions"}],"predecessor-version":[{"id":12521,"href":"https:\/\/simulatechnology.com\/de\/wp-json\/wp\/v2\/pages\/9523\/revisions\/12521"}],"wp:attachment":[{"href":"https:\/\/simulatechnology.com\/de\/wp-json\/wp\/v2\/media?parent=9523"}],"curies":[{"name":"wp","href":"https:\/\/api.w.org\/{rel}","templated":true}]}}