{"id":11475,"date":"2022-01-25T15:16:19","date_gmt":"2022-01-25T07:16:19","guid":{"rendered":"https:\/\/simulatechnology.com\/privacy-policy\/"},"modified":"2025-01-09T16:01:50","modified_gmt":"2025-01-09T08:01:50","slug":"privacy-policy","status":"publish","type":"page","link":"https:\/\/simulatechnology.com\/de\/privacy-policy\/","title":{"rendered":"Datenschutzrichtlinie"},"content":{"rendered":"\t\t<div data-elementor-type=\"wp-page\" data-elementor-id=\"11475\" class=\"elementor elementor-11475 elementor-5430\" data-elementor-post-type=\"page\">\n\t\t\t\t\t\t<section class=\"elementor-section elementor-top-section elementor-element elementor-element-e38a11b elementor-section-boxed elementor-section-height-default elementor-section-height-default\" data-id=\"e38a11b\" data-element_type=\"section\" data-settings=\"{&quot;background_background&quot;:&quot;classic&quot;}\">\n\t\t\t\t\t\t<div class=\"elementor-container elementor-column-gap-default\">\n\t\t\t\t\t<div class=\"elementor-column elementor-col-100 elementor-top-column elementor-element elementor-element-84e9c6f\" data-id=\"84e9c6f\" data-element_type=\"column\">\n\t\t\t<div class=\"elementor-widget-wrap elementor-element-populated\">\n\t\t\t\t\t\t<div class=\"elementor-element elementor-element-034a14c elementor-widget elementor-widget-ee-breadcrumbs\" data-id=\"034a14c\" data-element_type=\"widget\" data-widget_type=\"ee-breadcrumbs.default\">\n\t\t\t\t<div class=\"elementor-widget-container\">\n\t\t\t\t\t<ul class=\"ee-breadcrumbs\" itemscope=\"\" itemtype=\"http:\/\/schema.org\/BreadcrumbList\"><\/ul>\t\t\t\t<\/div>\n\t\t\t\t<\/div>\n\t\t\t\t\t<\/div>\n\t\t<\/div>\n\t\t\t\t\t<\/div>\n\t\t<\/section>\n\t\t\t\t<section class=\"elementor-section elementor-top-section elementor-element elementor-element-eeb5cd8 elementor-section-boxed elementor-section-height-default elementor-section-height-default\" data-id=\"eeb5cd8\" data-element_type=\"section\">\n\t\t\t\t\t\t<div class=\"elementor-container elementor-column-gap-default\">\n\t\t\t\t\t<div class=\"elementor-column elementor-col-100 elementor-top-column elementor-element elementor-element-26606d1\" data-id=\"26606d1\" data-element_type=\"column\">\n\t\t\t<div class=\"elementor-widget-wrap elementor-element-populated\">\n\t\t\t\t\t\t<div class=\"elementor-element elementor-element-0929838 elementor-hidden-phone elementor-widget elementor-widget-spacer\" data-id=\"0929838\" data-element_type=\"widget\" data-widget_type=\"spacer.default\">\n\t\t\t\t<div class=\"elementor-widget-container\">\n\t\t\t\t\t\t\t<div class=\"elementor-spacer\">\n\t\t\t<div class=\"elementor-spacer-inner\"><\/div>\n\t\t<\/div>\n\t\t\t\t\t\t<\/div>\n\t\t\t\t<\/div>\n\t\t\t\t<div class=\"elementor-element elementor-element-da212de elementor-widget elementor-widget-heading\" data-id=\"da212de\" data-element_type=\"widget\" data-widget_type=\"heading.default\">\n\t\t\t\t<div class=\"elementor-widget-container\">\n\t\t\t\t\t<h2 class=\"elementor-heading-title elementor-size-default\">Datenschutzrichtlinie<\/h2>\t\t\t\t<\/div>\n\t\t\t\t<\/div>\n\t\t\t\t<div class=\"elementor-element elementor-element-4cc4073 elementor-widget elementor-widget-spacer\" data-id=\"4cc4073\" data-element_type=\"widget\" data-widget_type=\"spacer.default\">\n\t\t\t\t<div class=\"elementor-widget-container\">\n\t\t\t\t\t\t\t<div class=\"elementor-spacer\">\n\t\t\t<div class=\"elementor-spacer-inner\"><\/div>\n\t\t<\/div>\n\t\t\t\t\t\t<\/div>\n\t\t\t\t<\/div>\n\t\t\t\t\t<\/div>\n\t\t<\/div>\n\t\t\t\t\t<\/div>\n\t\t<\/section>\n\t\t\t\t<section class=\"elementor-section elementor-top-section elementor-element elementor-element-cae3a07 elementor-section-boxed elementor-section-height-default elementor-section-height-default\" data-id=\"cae3a07\" data-element_type=\"section\">\n\t\t\t\t\t\t<div class=\"elementor-container elementor-column-gap-wide\">\n\t\t\t\t\t<div class=\"elementor-column elementor-col-100 elementor-top-column elementor-element elementor-element-aa607db\" data-id=\"aa607db\" data-element_type=\"column\">\n\t\t\t<div class=\"elementor-widget-wrap elementor-element-populated\">\n\t\t\t\t\t\t<div class=\"elementor-element elementor-element-6ddbb21 elementor-widget elementor-widget-text-editor\" data-id=\"6ddbb21\" data-element_type=\"widget\" data-widget_type=\"text-editor.default\">\n\t\t\t\t<div class=\"elementor-widget-container\">\n\t\t\t\t\t\t\t\t\t<p>Die Simula Corporation und ihre Tochtergesellschaften (nachfolgend &#8220;Simula&#8221;) erkennen und respektieren die Privatsph\u00e4re unserer Online-Besucher. Diese Datenschutzrichtlinie soll Sie \u00fcber unsere Praktiken zur Erfassung von Informationen und die verf\u00fcgbaren Optionen informieren. Diese Richtlinie gilt f\u00fcr alle auf der Website Simulatechnology.com gesammelten Informationen (Reseller-Programm ausgenommen).<\/p><p>Unser Webserver erkennt und speichert automatisch die IP-Adresse jedes Besuchers, um zu bestimmen, welche Bereiche unserer Website besucht werden und wie lange. Diese Informationen helfen uns, die Nutzungsmuster der Besucher zu verstehen und die Benutzerfreundlichkeit der Website zu verbessern. Wir fordern selten pers\u00f6nlich identifizierbare Informationen an, es sei denn, sie sind f\u00fcr K\u00e4ufe, Registrierungen oder Umfragen erforderlich.<\/p><p>Wie viele Websites verwenden wir Cookies, um Informationen dar\u00fcber zu sammeln, wie Sie unsere Website nutzen. Sie k\u00f6nnen Cookies \u00fcber Ihre Browser-Einstellungen blockieren oder l\u00f6schen.<\/p><p>Die von Ihnen bereitgestellten Informationen bleiben vertraulich und dienen dazu, die Kundenbeziehung mit Simula zu verbessern. Wenn Sie keine Marketingkommunikation erhalten m\u00f6chten, k\u00f6nnen Sie diese jederzeit ablehnen.<\/p><p>Wir sch\u00fctzen Ihre pers\u00f6nlichen Daten, indem wir sie getrennt vom Internet speichern und den Zugriff darauf auf autorisiertes Personal beschr\u00e4nken.<\/p><p>Simula kann auch aggregierte, anonyme Informationen \u00fcber Besucher sammeln, um die Benutzererfahrung zu verbessern. Diese Daten k\u00f6nnen Werbetreibenden oder Gesch\u00e4ftspartnern zur Verf\u00fcgung gestellt werden, enthalten jedoch keine pers\u00f6nlich identifizierbaren Informationen.<\/p><p>Diese Datenschutzrichtlinie gilt so lange, wie sie ver\u00f6ffentlicht ist. \u00c4nderungen werden sofort wirksam, sobald sie auf unserer Website ver\u00f6ffentlicht werden.<\/p>\t\t\t\t\t\t\t\t<\/div>\n\t\t\t\t<\/div>\n\t\t\t\t<div class=\"elementor-element elementor-element-d22a97f elementor-widget elementor-widget-spacer\" data-id=\"d22a97f\" data-element_type=\"widget\" data-widget_type=\"spacer.default\">\n\t\t\t\t<div class=\"elementor-widget-container\">\n\t\t\t\t\t\t\t<div class=\"elementor-spacer\">\n\t\t\t<div class=\"elementor-spacer-inner\"><\/div>\n\t\t<\/div>\n\t\t\t\t\t\t<\/div>\n\t\t\t\t<\/div>\n\t\t\t\t\t<\/div>\n\t\t<\/div>\n\t\t\t\t\t<\/div>\n\t\t<\/section>\n\t\t\t\t<\/div>\n\t\t","protected":false},"excerpt":{"rendered":"<p>Datenschutzrichtlinie Die Simula Corporation und ihre Tochtergesellschaften (nachfolgend &#8220;Simula&#8221;) erkennen und respektieren die Privatsph\u00e4re unserer Online-Besucher. Diese Datenschutzrichtlinie soll Sie \u00fcber unsere Praktiken zur Erfassung von Informationen und die verf\u00fcgbaren Optionen informieren. Diese Richtlinie gilt f\u00fcr alle auf der Website Simulatechnology.com gesammelten Informationen (Reseller-Programm ausgenommen). Unser Webserver erkennt und speichert automatisch die IP-Adresse jedes Besuchers, [&hellip;]<\/p>\n","protected":false},"author":3,"featured_media":0,"parent":0,"menu_order":0,"comment_status":"closed","ping_status":"closed","template":"elementor_header_footer","meta":{"_acf_changed":false,"inline_featured_image":false,"site-sidebar-layout":"no-sidebar","site-content-layout":"page-builder","ast-site-content-layout":"full-width-container","site-content-style":"default","site-sidebar-style":"default","ast-global-header-display":"","ast-banner-title-visibility":"","ast-main-header-display":"","ast-hfb-above-header-display":"","ast-hfb-below-header-display":"","ast-hfb-mobile-header-display":"","site-post-title":"disabled","ast-breadcrumbs-content":"","ast-featured-img":"disabled","footer-sml-layout":"","ast-disable-related-posts":"","theme-transparent-header-meta":"default","adv-header-id-meta":"","stick-header-meta":"default","header-above-stick-meta":"","header-main-stick-meta":"","header-below-stick-meta":"","astra-migrate-meta-layouts":"set","ast-page-background-enabled":"default","ast-page-background-meta":{"desktop":{"background-color":"","background-image":"","background-repeat":"repeat","background-position":"center center","background-size":"auto","background-attachment":"scroll","background-type":"","background-media":"","overlay-type":"","overlay-color":"","overlay-opacity":"","overlay-gradient":""},"tablet":{"background-color":"","background-image":"","background-repeat":"repeat","background-position":"center center","background-size":"auto","background-attachment":"scroll","background-type":"","background-media":"","overlay-type":"","overlay-color":"","overlay-opacity":"","overlay-gradient":""},"mobile":{"background-color":"","background-image":"","background-repeat":"repeat","background-position":"center center","background-size":"auto","background-attachment":"scroll","background-type":"","background-media":"","overlay-type":"","overlay-color":"","overlay-opacity":"","overlay-gradient":""}},"ast-content-background-meta":{"desktop":{"background-color":"var(--ast-global-color-5)","background-image":"","background-repeat":"repeat","background-position":"center center","background-size":"auto","background-attachment":"scroll","background-type":"","background-media":"","overlay-type":"","overlay-color":"","overlay-opacity":"","overlay-gradient":""},"tablet":{"background-color":"var(--ast-global-color-5)","background-image":"","background-repeat":"repeat","background-position":"center center","background-size":"auto","background-attachment":"scroll","background-type":"","background-media":"","overlay-type":"","overlay-color":"","overlay-opacity":"","overlay-gradient":""},"mobile":{"background-color":"var(--ast-global-color-5)","background-image":"","background-repeat":"repeat","background-position":"center center","background-size":"auto","background-attachment":"scroll","background-type":"","background-media":"","overlay-type":"","overlay-color":"","overlay-opacity":"","overlay-gradient":""}},"footnotes":""},"class_list":["post-11475","page","type-page","status-publish","hentry"],"acf":[],"yoast_head":"<!-- This site is optimized with the Yoast SEO plugin v26.8 - https:\/\/yoast.com\/product\/yoast-seo-wordpress\/ -->\n<title>Privacy Policy Simula Technology Inc.<\/title>\n<meta name=\"description\" content=\"Datenschutzrichtlinie mission is to lead the component manufacturing industry with deep technical know-how, relentless innovation through R&amp;D and exceptional customer service.\" \/>\n<meta name=\"robots\" content=\"index, follow, max-snippet:-1, max-image-preview:large, max-video-preview:-1\" \/>\n<link rel=\"canonical\" href=\"https:\/\/simulatechnology.com\/de\/privacy-policy\/\" \/>\n<meta property=\"og:locale\" content=\"de_DE\" \/>\n<meta property=\"og:type\" content=\"article\" \/>\n<meta property=\"og:title\" content=\"Privacy Policy Simula Technology Inc.\" \/>\n<meta property=\"og:description\" content=\"Datenschutzrichtlinie mission is to lead the component manufacturing industry with deep technical know-how, relentless innovation through R&amp;D and exceptional customer service.\" \/>\n<meta property=\"og:url\" content=\"https:\/\/simulatechnology.com\/de\/privacy-policy\/\" \/>\n<meta property=\"og:site_name\" content=\"Simula Technology Inc.\" \/>\n<meta property=\"article:modified_time\" content=\"2025-01-09T08:01:50+00:00\" \/>\n<meta name=\"twitter:card\" content=\"summary_large_image\" \/>\n<meta name=\"twitter:label1\" content=\"Est. reading time\" \/>\n\t<meta name=\"twitter:data1\" content=\"2 minutes\" \/>\n<script type=\"application\/ld+json\" class=\"yoast-schema-graph\">{\"@context\":\"https:\/\/schema.org\",\"@graph\":[{\"@type\":\"WebPage\",\"@id\":\"https:\/\/simulatechnology.com\/de\/privacy-policy\/\",\"url\":\"https:\/\/simulatechnology.com\/de\/privacy-policy\/\",\"name\":\"Privacy Policy Simula Technology Inc.\",\"isPartOf\":{\"@id\":\"https:\/\/simulatechnology.com\/de\/#website\"},\"datePublished\":\"2022-01-25T07:16:19+00:00\",\"dateModified\":\"2025-01-09T08:01:50+00:00\",\"description\":\"Datenschutzrichtlinie mission is to lead the component manufacturing industry with deep technical know-how, relentless innovation through R&D and exceptional customer service.\",\"breadcrumb\":{\"@id\":\"https:\/\/simulatechnology.com\/de\/privacy-policy\/#breadcrumb\"},\"inLanguage\":\"de-DE\",\"potentialAction\":[{\"@type\":\"ReadAction\",\"target\":[\"https:\/\/simulatechnology.com\/de\/privacy-policy\/\"]}]},{\"@type\":\"BreadcrumbList\",\"@id\":\"https:\/\/simulatechnology.com\/de\/privacy-policy\/#breadcrumb\",\"itemListElement\":[{\"@type\":\"ListItem\",\"position\":1,\"name\":\"Home\",\"item\":\"https:\/\/simulatechnology.com\/de\/\"},{\"@type\":\"ListItem\",\"position\":2,\"name\":\"Datenschutzrichtlinie\"}]},{\"@type\":\"WebSite\",\"@id\":\"https:\/\/simulatechnology.com\/de\/#website\",\"url\":\"https:\/\/simulatechnology.com\/de\/\",\"name\":\"Simula Technology Inc.\",\"description\":\"\",\"publisher\":{\"@id\":\"https:\/\/simulatechnology.com\/de\/#organization\"},\"potentialAction\":[{\"@type\":\"SearchAction\",\"target\":{\"@type\":\"EntryPoint\",\"urlTemplate\":\"https:\/\/simulatechnology.com\/de\/?s={search_term_string}\"},\"query-input\":{\"@type\":\"PropertyValueSpecification\",\"valueRequired\":true,\"valueName\":\"search_term_string\"}}],\"inLanguage\":\"de-DE\"},{\"@type\":\"Organization\",\"@id\":\"https:\/\/simulatechnology.com\/de\/#organization\",\"name\":\"Simula Technology Inc.\",\"url\":\"https:\/\/simulatechnology.com\/de\/\",\"logo\":{\"@type\":\"ImageObject\",\"inLanguage\":\"de-DE\",\"@id\":\"https:\/\/simulatechnology.com\/de\/#\/schema\/logo\/image\/\",\"url\":\"https:\/\/simulatechnology.com\/wp-content\/uploads\/600.png\",\"contentUrl\":\"https:\/\/simulatechnology.com\/wp-content\/uploads\/600.png\",\"width\":\"583\",\"height\":\"162\",\"caption\":\"Simula Technology Inc.\"},\"image\":{\"@id\":\"https:\/\/simulatechnology.com\/de\/#\/schema\/logo\/image\/\"}}]}<\/script>\n<!-- \/ Yoast SEO plugin. -->","yoast_head_json":{"title":"Privacy Policy Simula Technology Inc.","description":"Datenschutzrichtlinie mission is to lead the component manufacturing industry with deep technical know-how, relentless innovation through R&D and exceptional customer service.","robots":{"index":"index","follow":"follow","max-snippet":"max-snippet:-1","max-image-preview":"max-image-preview:large","max-video-preview":"max-video-preview:-1"},"canonical":"https:\/\/simulatechnology.com\/de\/privacy-policy\/","og_locale":"de_DE","og_type":"article","og_title":"Privacy Policy Simula Technology Inc.","og_description":"Datenschutzrichtlinie mission is to lead the component manufacturing industry with deep technical know-how, relentless innovation through R&D and exceptional customer service.","og_url":"https:\/\/simulatechnology.com\/de\/privacy-policy\/","og_site_name":"Simula Technology Inc.","article_modified_time":"2025-01-09T08:01:50+00:00","twitter_card":"summary_large_image","twitter_misc":{"Est. reading time":"2 minutes"},"schema":{"@context":"https:\/\/schema.org","@graph":[{"@type":"WebPage","@id":"https:\/\/simulatechnology.com\/de\/privacy-policy\/","url":"https:\/\/simulatechnology.com\/de\/privacy-policy\/","name":"Privacy Policy Simula Technology Inc.","isPartOf":{"@id":"https:\/\/simulatechnology.com\/de\/#website"},"datePublished":"2022-01-25T07:16:19+00:00","dateModified":"2025-01-09T08:01:50+00:00","description":"Datenschutzrichtlinie mission is to lead the component manufacturing industry with deep technical know-how, relentless innovation through R&D and exceptional customer service.","breadcrumb":{"@id":"https:\/\/simulatechnology.com\/de\/privacy-policy\/#breadcrumb"},"inLanguage":"de-DE","potentialAction":[{"@type":"ReadAction","target":["https:\/\/simulatechnology.com\/de\/privacy-policy\/"]}]},{"@type":"BreadcrumbList","@id":"https:\/\/simulatechnology.com\/de\/privacy-policy\/#breadcrumb","itemListElement":[{"@type":"ListItem","position":1,"name":"Home","item":"https:\/\/simulatechnology.com\/de\/"},{"@type":"ListItem","position":2,"name":"Datenschutzrichtlinie"}]},{"@type":"WebSite","@id":"https:\/\/simulatechnology.com\/de\/#website","url":"https:\/\/simulatechnology.com\/de\/","name":"Simula Technology Inc.","description":"","publisher":{"@id":"https:\/\/simulatechnology.com\/de\/#organization"},"potentialAction":[{"@type":"SearchAction","target":{"@type":"EntryPoint","urlTemplate":"https:\/\/simulatechnology.com\/de\/?s={search_term_string}"},"query-input":{"@type":"PropertyValueSpecification","valueRequired":true,"valueName":"search_term_string"}}],"inLanguage":"de-DE"},{"@type":"Organization","@id":"https:\/\/simulatechnology.com\/de\/#organization","name":"Simula Technology Inc.","url":"https:\/\/simulatechnology.com\/de\/","logo":{"@type":"ImageObject","inLanguage":"de-DE","@id":"https:\/\/simulatechnology.com\/de\/#\/schema\/logo\/image\/","url":"https:\/\/simulatechnology.com\/wp-content\/uploads\/600.png","contentUrl":"https:\/\/simulatechnology.com\/wp-content\/uploads\/600.png","width":"583","height":"162","caption":"Simula Technology Inc."},"image":{"@id":"https:\/\/simulatechnology.com\/de\/#\/schema\/logo\/image\/"}}]}},"_links":{"self":[{"href":"https:\/\/simulatechnology.com\/de\/wp-json\/wp\/v2\/pages\/11475","targetHints":{"allow":["GET"]}}],"collection":[{"href":"https:\/\/simulatechnology.com\/de\/wp-json\/wp\/v2\/pages"}],"about":[{"href":"https:\/\/simulatechnology.com\/de\/wp-json\/wp\/v2\/types\/page"}],"author":[{"embeddable":true,"href":"https:\/\/simulatechnology.com\/de\/wp-json\/wp\/v2\/users\/3"}],"replies":[{"embeddable":true,"href":"https:\/\/simulatechnology.com\/de\/wp-json\/wp\/v2\/comments?post=11475"}],"version-history":[{"count":8,"href":"https:\/\/simulatechnology.com\/de\/wp-json\/wp\/v2\/pages\/11475\/revisions"}],"predecessor-version":[{"id":12538,"href":"https:\/\/simulatechnology.com\/de\/wp-json\/wp\/v2\/pages\/11475\/revisions\/12538"}],"wp:attachment":[{"href":"https:\/\/simulatechnology.com\/de\/wp-json\/wp\/v2\/media?parent=11475"}],"curies":[{"name":"wp","href":"https:\/\/api.w.org\/{rel}","templated":true}]}}